{"id":965,"date":"2020-01-09T09:53:07","date_gmt":"2020-01-09T07:53:07","guid":{"rendered":"http:\/\/karjalanhelmi.net\/karjalanhelmi\/?page_id=965"},"modified":"2023-06-26T18:55:59","modified_gmt":"2023-06-26T15:55:59","slug":"kesamokit","status":"publish","type":"page","link":"https:\/\/karjalanhelmi.net\/karjalanhelmi\/kesamokit\/","title":{"rendered":"M\u00e4nnikk\u00f6 ja Mustikka"},"content":{"rendered":"\n<p>M\u00f6kit ovat k\u00e4yt\u00f6ss\u00e4 vain kes\u00e4aikaan. M\u00f6keiss\u00e4 on erillinen makuuhuone, tupa-keitti\u00f6, sauna, terassi. M\u00f6keill\u00e4 on s\u00e4hk\u00f6t, astiat, kalusteet, hella, j\u00e4\u00e4kaappi. Huom. ulkovessa + kylm\u00e4 k\u00e4ytt\u00f6vesi. Saunan puukiukaan vesis\u00e4ili\u00f6ss\u00e4 pystyy l\u00e4mmitt\u00e4m\u00e4\u00e4n pesuvett\u00e4. Pihakeinu, soutuvene ja loivasti syvenev\u00e4 ranta.<br><br>Hinta alkaen 65 eur\/y\u00f6<br><strong>Molemmat m\u00f6kit ovat vuokrattavissa koko kes\u00e4ksi, kysy tarjous.<\/strong><br><\/p>\n\n\n<div class=\"wp-block-image\">\n<figure class=\"aligncenter\"><img loading=\"lazy\" decoding=\"async\" width=\"800\" height=\"533\" src=\"http:\/\/karjalanhelmi.net\/karjalanhelmi\/wp-content\/uploads\/2020\/01\/M\u00e4nnikk\u00f6-j\u00e4rvelle.jpg\" alt=\"\" class=\"wp-image-970\" srcset=\"https:\/\/karjalanhelmi.net\/karjalanhelmi\/wp-content\/uploads\/2020\/01\/M\u00e4nnikk\u00f6-j\u00e4rvelle.jpg 800w, https:\/\/karjalanhelmi.net\/karjalanhelmi\/wp-content\/uploads\/2020\/01\/M\u00e4nnikk\u00f6-j\u00e4rvelle-300x200.jpg 300w, https:\/\/karjalanhelmi.net\/karjalanhelmi\/wp-content\/uploads\/2020\/01\/M\u00e4nnikk\u00f6-j\u00e4rvelle-768x512.jpg 768w, https:\/\/karjalanhelmi.net\/karjalanhelmi\/wp-content\/uploads\/2020\/01\/M\u00e4nnikk\u00f6-j\u00e4rvelle-480x320.jpg 480w, https:\/\/karjalanhelmi.net\/karjalanhelmi\/wp-content\/uploads\/2020\/01\/M\u00e4nnikk\u00f6-j\u00e4rvelle-720x480.jpg 720w, https:\/\/karjalanhelmi.net\/karjalanhelmi\/wp-content\/uploads\/2020\/01\/M\u00e4nnikk\u00f6-j\u00e4rvelle-250x167.jpg 250w, https:\/\/karjalanhelmi.net\/karjalanhelmi\/wp-content\/uploads\/2020\/01\/M\u00e4nnikk\u00f6-j\u00e4rvelle-375x250.jpg 375w, https:\/\/karjalanhelmi.net\/karjalanhelmi\/wp-content\/uploads\/2020\/01\/M\u00e4nnikk\u00f6-j\u00e4rvelle-150x100.jpg 150w\" sizes=\"auto, (max-width: 800px) 100vw, 800px\" \/><\/figure>\n<\/div>\n\n<div class=\"wp-block-image\">\n<figure class=\"aligncenter\"><img loading=\"lazy\" decoding=\"async\" width=\"800\" height=\"533\" src=\"http:\/\/karjalanhelmi.net\/karjalanhelmi\/wp-content\/uploads\/2020\/01\/M\u00e4nnikk\u00f6-olohuone2.jpg\" alt=\"\" class=\"wp-image-975\" srcset=\"https:\/\/karjalanhelmi.net\/karjalanhelmi\/wp-content\/uploads\/2020\/01\/M\u00e4nnikk\u00f6-olohuone2.jpg 800w, https:\/\/karjalanhelmi.net\/karjalanhelmi\/wp-content\/uploads\/2020\/01\/M\u00e4nnikk\u00f6-olohuone2-300x200.jpg 300w, https:\/\/karjalanhelmi.net\/karjalanhelmi\/wp-content\/uploads\/2020\/01\/M\u00e4nnikk\u00f6-olohuone2-768x512.jpg 768w, https:\/\/karjalanhelmi.net\/karjalanhelmi\/wp-content\/uploads\/2020\/01\/M\u00e4nnikk\u00f6-olohuone2-480x320.jpg 480w, https:\/\/karjalanhelmi.net\/karjalanhelmi\/wp-content\/uploads\/2020\/01\/M\u00e4nnikk\u00f6-olohuone2-720x480.jpg 720w, https:\/\/karjalanhelmi.net\/karjalanhelmi\/wp-content\/uploads\/2020\/01\/M\u00e4nnikk\u00f6-olohuone2-250x167.jpg 250w, https:\/\/karjalanhelmi.net\/karjalanhelmi\/wp-content\/uploads\/2020\/01\/M\u00e4nnikk\u00f6-olohuone2-375x250.jpg 375w, https:\/\/karjalanhelmi.net\/karjalanhelmi\/wp-content\/uploads\/2020\/01\/M\u00e4nnikk\u00f6-olohuone2-150x100.jpg 150w\" sizes=\"auto, (max-width: 800px) 100vw, 800px\" \/><\/figure>\n<\/div>\n\n<div class=\"wp-block-image\">\n<figure class=\"aligncenter\"><img loading=\"lazy\" decoding=\"async\" width=\"800\" height=\"533\" src=\"http:\/\/karjalanhelmi.net\/karjalanhelmi\/wp-content\/uploads\/2020\/01\/M\u00e4nnikk\u00f6-keitti\u00f6.jpg\" alt=\"\" class=\"wp-image-971\" srcset=\"https:\/\/karjalanhelmi.net\/karjalanhelmi\/wp-content\/uploads\/2020\/01\/M\u00e4nnikk\u00f6-keitti\u00f6.jpg 800w, https:\/\/karjalanhelmi.net\/karjalanhelmi\/wp-content\/uploads\/2020\/01\/M\u00e4nnikk\u00f6-keitti\u00f6-300x200.jpg 300w, https:\/\/karjalanhelmi.net\/karjalanhelmi\/wp-content\/uploads\/2020\/01\/M\u00e4nnikk\u00f6-keitti\u00f6-768x512.jpg 768w, https:\/\/karjalanhelmi.net\/karjalanhelmi\/wp-content\/uploads\/2020\/01\/M\u00e4nnikk\u00f6-keitti\u00f6-480x320.jpg 480w, https:\/\/karjalanhelmi.net\/karjalanhelmi\/wp-content\/uploads\/2020\/01\/M\u00e4nnikk\u00f6-keitti\u00f6-720x480.jpg 720w, https:\/\/karjalanhelmi.net\/karjalanhelmi\/wp-content\/uploads\/2020\/01\/M\u00e4nnikk\u00f6-keitti\u00f6-250x167.jpg 250w, https:\/\/karjalanhelmi.net\/karjalanhelmi\/wp-content\/uploads\/2020\/01\/M\u00e4nnikk\u00f6-keitti\u00f6-375x250.jpg 375w, https:\/\/karjalanhelmi.net\/karjalanhelmi\/wp-content\/uploads\/2020\/01\/M\u00e4nnikk\u00f6-keitti\u00f6-150x100.jpg 150w\" sizes=\"auto, (max-width: 800px) 100vw, 800px\" \/><\/figure>\n<\/div>\n\n<div class=\"wp-block-image\">\n<figure class=\"aligncenter\"><img loading=\"lazy\" decoding=\"async\" width=\"800\" height=\"533\" src=\"http:\/\/karjalanhelmi.net\/karjalanhelmi\/wp-content\/uploads\/2020\/01\/M\u00e4nnikk\u00f6-makuuhuone.jpg\" alt=\"\" class=\"wp-image-972\" srcset=\"https:\/\/karjalanhelmi.net\/karjalanhelmi\/wp-content\/uploads\/2020\/01\/M\u00e4nnikk\u00f6-makuuhuone.jpg 800w, https:\/\/karjalanhelmi.net\/karjalanhelmi\/wp-content\/uploads\/2020\/01\/M\u00e4nnikk\u00f6-makuuhuone-300x200.jpg 300w, https:\/\/karjalanhelmi.net\/karjalanhelmi\/wp-content\/uploads\/2020\/01\/M\u00e4nnikk\u00f6-makuuhuone-768x512.jpg 768w, https:\/\/karjalanhelmi.net\/karjalanhelmi\/wp-content\/uploads\/2020\/01\/M\u00e4nnikk\u00f6-makuuhuone-480x320.jpg 480w, https:\/\/karjalanhelmi.net\/karjalanhelmi\/wp-content\/uploads\/2020\/01\/M\u00e4nnikk\u00f6-makuuhuone-720x480.jpg 720w, https:\/\/karjalanhelmi.net\/karjalanhelmi\/wp-content\/uploads\/2020\/01\/M\u00e4nnikk\u00f6-makuuhuone-250x167.jpg 250w, https:\/\/karjalanhelmi.net\/karjalanhelmi\/wp-content\/uploads\/2020\/01\/M\u00e4nnikk\u00f6-makuuhuone-375x250.jpg 375w, https:\/\/karjalanhelmi.net\/karjalanhelmi\/wp-content\/uploads\/2020\/01\/M\u00e4nnikk\u00f6-makuuhuone-150x100.jpg 150w\" sizes=\"auto, (max-width: 800px) 100vw, 800px\" \/><\/figure>\n<\/div>\n\n<div class=\"wp-block-image\">\n<figure class=\"aligncenter\"><img loading=\"lazy\" decoding=\"async\" width=\"800\" height=\"533\" src=\"http:\/\/karjalanhelmi.net\/karjalanhelmi\/wp-content\/uploads\/2020\/01\/M\u00e4nnikk\u00f6-sauna.jpg\" alt=\"\" class=\"wp-image-976\" srcset=\"https:\/\/karjalanhelmi.net\/karjalanhelmi\/wp-content\/uploads\/2020\/01\/M\u00e4nnikk\u00f6-sauna.jpg 800w, https:\/\/karjalanhelmi.net\/karjalanhelmi\/wp-content\/uploads\/2020\/01\/M\u00e4nnikk\u00f6-sauna-300x200.jpg 300w, https:\/\/karjalanhelmi.net\/karjalanhelmi\/wp-content\/uploads\/2020\/01\/M\u00e4nnikk\u00f6-sauna-768x512.jpg 768w, https:\/\/karjalanhelmi.net\/karjalanhelmi\/wp-content\/uploads\/2020\/01\/M\u00e4nnikk\u00f6-sauna-480x320.jpg 480w, https:\/\/karjalanhelmi.net\/karjalanhelmi\/wp-content\/uploads\/2020\/01\/M\u00e4nnikk\u00f6-sauna-720x480.jpg 720w, https:\/\/karjalanhelmi.net\/karjalanhelmi\/wp-content\/uploads\/2020\/01\/M\u00e4nnikk\u00f6-sauna-250x167.jpg 250w, https:\/\/karjalanhelmi.net\/karjalanhelmi\/wp-content\/uploads\/2020\/01\/M\u00e4nnikk\u00f6-sauna-375x250.jpg 375w, https:\/\/karjalanhelmi.net\/karjalanhelmi\/wp-content\/uploads\/2020\/01\/M\u00e4nnikk\u00f6-sauna-150x100.jpg 150w\" sizes=\"auto, (max-width: 800px) 100vw, 800px\" \/><\/figure>\n<\/div>","protected":false},"excerpt":{"rendered":"<p>M\u00f6kit ovat k\u00e4yt\u00f6ss\u00e4 vain kes\u00e4aikaan. M\u00f6keiss\u00e4 on erillinen makuuhuone, tupa-keitti\u00f6, sauna, terassi. M\u00f6keill\u00e4 on s\u00e4hk\u00f6t, astiat, kalusteet, hella, j\u00e4\u00e4kaappi. Huom. ulkovessa + kylm\u00e4 k\u00e4ytt\u00f6vesi. Saunan puukiukaan vesis\u00e4ili\u00f6ss\u00e4 pystyy l\u00e4mmitt\u00e4m\u00e4\u00e4n pesuvett\u00e4. Pihakeinu, soutuvene ja loivasti syvenev\u00e4 ranta. Hinta alkaen 65 eur\/y\u00f6Molemmat m\u00f6kit ovat vuokrattavissa koko kes\u00e4ksi, kysy tarjous.<\/p>\n","protected":false},"author":1,"featured_media":969,"parent":0,"menu_order":0,"comment_status":"closed","ping_status":"closed","template":"page-templates\/page-uppersidebar.php","meta":{"_monsterinsights_skip_tracking":false,"_monsterinsights_sitenote_active":false,"_monsterinsights_sitenote_note":"","_monsterinsights_sitenote_category":0,"footnotes":""},"class_list":["post-965","page","type-page","status-publish","has-post-thumbnail","hentry"],"_links":{"self":[{"href":"https:\/\/karjalanhelmi.net\/karjalanhelmi\/wp-json\/wp\/v2\/pages\/965","targetHints":{"allow":["GET"]}}],"collection":[{"href":"https:\/\/karjalanhelmi.net\/karjalanhelmi\/wp-json\/wp\/v2\/pages"}],"about":[{"href":"https:\/\/karjalanhelmi.net\/karjalanhelmi\/wp-json\/wp\/v2\/types\/page"}],"author":[{"embeddable":true,"href":"https:\/\/karjalanhelmi.net\/karjalanhelmi\/wp-json\/wp\/v2\/users\/1"}],"replies":[{"embeddable":true,"href":"https:\/\/karjalanhelmi.net\/karjalanhelmi\/wp-json\/wp\/v2\/comments?post=965"}],"version-history":[{"count":7,"href":"https:\/\/karjalanhelmi.net\/karjalanhelmi\/wp-json\/wp\/v2\/pages\/965\/revisions"}],"predecessor-version":[{"id":1346,"href":"https:\/\/karjalanhelmi.net\/karjalanhelmi\/wp-json\/wp\/v2\/pages\/965\/revisions\/1346"}],"wp:featuredmedia":[{"embeddable":true,"href":"https:\/\/karjalanhelmi.net\/karjalanhelmi\/wp-json\/wp\/v2\/media\/969"}],"wp:attachment":[{"href":"https:\/\/karjalanhelmi.net\/karjalanhelmi\/wp-json\/wp\/v2\/media?parent=965"}],"curies":[{"name":"wp","href":"https:\/\/api.w.org\/{rel}","templated":true}]}}