{"id":887,"date":"2019-10-20T11:20:15","date_gmt":"2019-10-20T08:20:15","guid":{"rendered":"http:\/\/karjalanhelmi.net\/karjalanhelmi\/?page_id=887"},"modified":"2020-01-02T17:54:55","modified_gmt":"2020-01-02T15:54:55","slug":"luontopolku","status":"publish","type":"page","link":"https:\/\/karjalanhelmi.net\/karjalanhelmi\/luontopolku\/","title":{"rendered":"Luontopolku"},"content":{"rendered":"<p><iframe loading=\"lazy\" src=\"https:\/\/www.google.com\/maps\/d\/embed?mid=1Z8Y-yNCK7-7yjsuz0jQXjarK2EJfaAMr\" width=\"100%\" height=\"480\"><\/iframe><\/p>\n\n\n\n<p>Kartta mahdollista vied\u00e4 google maps sovellukseen klikkaamalla kartan oikeassa yl\u00e4nurkassa olevaa neli\u00f6t\u00e4. Voit paikantaa itsesi luontopolulla karttasovelluksen avulla.<\/p>\n","protected":false},"excerpt":{"rendered":"<p>Kartta mahdollista vied\u00e4 google maps sovellukseen klikkaamalla kartan oikeassa yl\u00e4nurkassa olevaa neli\u00f6t\u00e4. Voit paikantaa itsesi luontopolulla karttasovelluksen avulla.<\/p>\n","protected":false},"author":1,"featured_media":0,"parent":0,"menu_order":0,"comment_status":"closed","ping_status":"closed","template":"","meta":{"_monsterinsights_skip_tracking":false,"_monsterinsights_sitenote_active":false,"_monsterinsights_sitenote_note":"","_monsterinsights_sitenote_category":0,"footnotes":""},"class_list":["post-887","page","type-page","status-publish","hentry"],"_links":{"self":[{"href":"https:\/\/karjalanhelmi.net\/karjalanhelmi\/wp-json\/wp\/v2\/pages\/887","targetHints":{"allow":["GET"]}}],"collection":[{"href":"https:\/\/karjalanhelmi.net\/karjalanhelmi\/wp-json\/wp\/v2\/pages"}],"about":[{"href":"https:\/\/karjalanhelmi.net\/karjalanhelmi\/wp-json\/wp\/v2\/types\/page"}],"author":[{"embeddable":true,"href":"https:\/\/karjalanhelmi.net\/karjalanhelmi\/wp-json\/wp\/v2\/users\/1"}],"replies":[{"embeddable":true,"href":"https:\/\/karjalanhelmi.net\/karjalanhelmi\/wp-json\/wp\/v2\/comments?post=887"}],"version-history":[{"count":11,"href":"https:\/\/karjalanhelmi.net\/karjalanhelmi\/wp-json\/wp\/v2\/pages\/887\/revisions"}],"predecessor-version":[{"id":941,"href":"https:\/\/karjalanhelmi.net\/karjalanhelmi\/wp-json\/wp\/v2\/pages\/887\/revisions\/941"}],"wp:attachment":[{"href":"https:\/\/karjalanhelmi.net\/karjalanhelmi\/wp-json\/wp\/v2\/media?parent=887"}],"curies":[{"name":"wp","href":"https:\/\/api.w.org\/{rel}","templated":true}]}}