{"id":783,"date":"2019-09-10T17:04:39","date_gmt":"2019-09-10T14:04:39","guid":{"rendered":"http:\/\/karjalanhelmi.net\/karjalanhelmi\/?page_id=783"},"modified":"2019-09-10T17:14:02","modified_gmt":"2019-09-10T14:14:02","slug":"rantasauna","status":"publish","type":"page","link":"https:\/\/karjalanhelmi.net\/karjalanhelmi\/rantasauna\/","title":{"rendered":"Rantasauna"},"content":{"rendered":"\n<p>Vuokrattavana rantasauna, jossa takkatupa, keitti\u00f6, pukuhuone, suihkut, wc ja puul\u00e4mmitteinen sauna. Saunan yhteydess\u00e4 my\u00f6s terassi.  Rantasauna soveltuu parhaiten ryhmille 4 - 15 hl\u00f6\u00e4. Takkatupaan mahdollista tilata ruokailut.<br>Hinnat: 150 \u20ac\/ max 10 hl\u00f6\u00e4, 180 \u20ac\/10 -15 hl\u00f6\u00e4 <br>sis. pyyhkeet ja alv 24%<\/p>\n\n\n\n<div class=\"wp-block-image\"><figure class=\"aligncenter\"><img loading=\"lazy\" decoding=\"async\" width=\"800\" height=\"533\" src=\"http:\/\/karjalanhelmi.net\/karjalanhelmi\/wp-content\/uploads\/2019\/09\/Rantasauna-1.jpg\" alt=\"\" class=\"wp-image-784\" srcset=\"https:\/\/karjalanhelmi.net\/karjalanhelmi\/wp-content\/uploads\/2019\/09\/Rantasauna-1.jpg 800w, https:\/\/karjalanhelmi.net\/karjalanhelmi\/wp-content\/uploads\/2019\/09\/Rantasauna-1-300x200.jpg 300w, https:\/\/karjalanhelmi.net\/karjalanhelmi\/wp-content\/uploads\/2019\/09\/Rantasauna-1-768x512.jpg 768w, https:\/\/karjalanhelmi.net\/karjalanhelmi\/wp-content\/uploads\/2019\/09\/Rantasauna-1-480x320.jpg 480w, https:\/\/karjalanhelmi.net\/karjalanhelmi\/wp-content\/uploads\/2019\/09\/Rantasauna-1-720x480.jpg 720w, https:\/\/karjalanhelmi.net\/karjalanhelmi\/wp-content\/uploads\/2019\/09\/Rantasauna-1-250x167.jpg 250w, https:\/\/karjalanhelmi.net\/karjalanhelmi\/wp-content\/uploads\/2019\/09\/Rantasauna-1-375x250.jpg 375w, https:\/\/karjalanhelmi.net\/karjalanhelmi\/wp-content\/uploads\/2019\/09\/Rantasauna-1-150x100.jpg 150w\" sizes=\"auto, (max-width: 800px) 100vw, 800px\" \/><\/figure><\/div>\n\n\n\n<div class=\"wp-block-image\"><figure class=\"aligncenter\"><img loading=\"lazy\" decoding=\"async\" width=\"800\" height=\"533\" src=\"http:\/\/karjalanhelmi.net\/karjalanhelmi\/wp-content\/uploads\/2019\/09\/Rantasauna-2.jpg\" alt=\"\" class=\"wp-image-785\" srcset=\"https:\/\/karjalanhelmi.net\/karjalanhelmi\/wp-content\/uploads\/2019\/09\/Rantasauna-2.jpg 800w, https:\/\/karjalanhelmi.net\/karjalanhelmi\/wp-content\/uploads\/2019\/09\/Rantasauna-2-300x200.jpg 300w, https:\/\/karjalanhelmi.net\/karjalanhelmi\/wp-content\/uploads\/2019\/09\/Rantasauna-2-768x512.jpg 768w, https:\/\/karjalanhelmi.net\/karjalanhelmi\/wp-content\/uploads\/2019\/09\/Rantasauna-2-480x320.jpg 480w, https:\/\/karjalanhelmi.net\/karjalanhelmi\/wp-content\/uploads\/2019\/09\/Rantasauna-2-720x480.jpg 720w, https:\/\/karjalanhelmi.net\/karjalanhelmi\/wp-content\/uploads\/2019\/09\/Rantasauna-2-250x167.jpg 250w, https:\/\/karjalanhelmi.net\/karjalanhelmi\/wp-content\/uploads\/2019\/09\/Rantasauna-2-375x250.jpg 375w, https:\/\/karjalanhelmi.net\/karjalanhelmi\/wp-content\/uploads\/2019\/09\/Rantasauna-2-150x100.jpg 150w\" sizes=\"auto, (max-width: 800px) 100vw, 800px\" \/><\/figure><\/div>\n\n\n\n<div class=\"wp-block-image\"><figure class=\"aligncenter\"><img loading=\"lazy\" decoding=\"async\" width=\"800\" height=\"533\" src=\"http:\/\/karjalanhelmi.net\/karjalanhelmi\/wp-content\/uploads\/2019\/09\/Rantasauna-3.jpg\" alt=\"\" class=\"wp-image-786\" srcset=\"https:\/\/karjalanhelmi.net\/karjalanhelmi\/wp-content\/uploads\/2019\/09\/Rantasauna-3.jpg 800w, https:\/\/karjalanhelmi.net\/karjalanhelmi\/wp-content\/uploads\/2019\/09\/Rantasauna-3-300x200.jpg 300w, https:\/\/karjalanhelmi.net\/karjalanhelmi\/wp-content\/uploads\/2019\/09\/Rantasauna-3-768x512.jpg 768w, https:\/\/karjalanhelmi.net\/karjalanhelmi\/wp-content\/uploads\/2019\/09\/Rantasauna-3-480x320.jpg 480w, https:\/\/karjalanhelmi.net\/karjalanhelmi\/wp-content\/uploads\/2019\/09\/Rantasauna-3-720x480.jpg 720w, https:\/\/karjalanhelmi.net\/karjalanhelmi\/wp-content\/uploads\/2019\/09\/Rantasauna-3-250x167.jpg 250w, https:\/\/karjalanhelmi.net\/karjalanhelmi\/wp-content\/uploads\/2019\/09\/Rantasauna-3-375x250.jpg 375w, https:\/\/karjalanhelmi.net\/karjalanhelmi\/wp-content\/uploads\/2019\/09\/Rantasauna-3-150x100.jpg 150w\" sizes=\"auto, (max-width: 800px) 100vw, 800px\" \/><\/figure><\/div>\n\n\n\n<div class=\"wp-block-image\"><figure class=\"aligncenter\"><img loading=\"lazy\" decoding=\"async\" width=\"800\" height=\"533\" src=\"http:\/\/karjalanhelmi.net\/karjalanhelmi\/wp-content\/uploads\/2019\/09\/Rantasauna-4.jpg\" alt=\"\" class=\"wp-image-787\" srcset=\"https:\/\/karjalanhelmi.net\/karjalanhelmi\/wp-content\/uploads\/2019\/09\/Rantasauna-4.jpg 800w, https:\/\/karjalanhelmi.net\/karjalanhelmi\/wp-content\/uploads\/2019\/09\/Rantasauna-4-300x200.jpg 300w, https:\/\/karjalanhelmi.net\/karjalanhelmi\/wp-content\/uploads\/2019\/09\/Rantasauna-4-768x512.jpg 768w, https:\/\/karjalanhelmi.net\/karjalanhelmi\/wp-content\/uploads\/2019\/09\/Rantasauna-4-480x320.jpg 480w, https:\/\/karjalanhelmi.net\/karjalanhelmi\/wp-content\/uploads\/2019\/09\/Rantasauna-4-720x480.jpg 720w, https:\/\/karjalanhelmi.net\/karjalanhelmi\/wp-content\/uploads\/2019\/09\/Rantasauna-4-250x167.jpg 250w, https:\/\/karjalanhelmi.net\/karjalanhelmi\/wp-content\/uploads\/2019\/09\/Rantasauna-4-375x250.jpg 375w, https:\/\/karjalanhelmi.net\/karjalanhelmi\/wp-content\/uploads\/2019\/09\/Rantasauna-4-150x100.jpg 150w\" sizes=\"auto, (max-width: 800px) 100vw, 800px\" \/><\/figure><\/div>\n\n\n\n<div class=\"wp-block-image\"><figure class=\"aligncenter\"><img loading=\"lazy\" decoding=\"async\" width=\"800\" height=\"533\" src=\"http:\/\/karjalanhelmi.net\/karjalanhelmi\/wp-content\/uploads\/2019\/09\/Rantasauna-6.jpg\" alt=\"\" class=\"wp-image-789\" srcset=\"https:\/\/karjalanhelmi.net\/karjalanhelmi\/wp-content\/uploads\/2019\/09\/Rantasauna-6.jpg 800w, https:\/\/karjalanhelmi.net\/karjalanhelmi\/wp-content\/uploads\/2019\/09\/Rantasauna-6-300x200.jpg 300w, https:\/\/karjalanhelmi.net\/karjalanhelmi\/wp-content\/uploads\/2019\/09\/Rantasauna-6-768x512.jpg 768w, https:\/\/karjalanhelmi.net\/karjalanhelmi\/wp-content\/uploads\/2019\/09\/Rantasauna-6-480x320.jpg 480w, https:\/\/karjalanhelmi.net\/karjalanhelmi\/wp-content\/uploads\/2019\/09\/Rantasauna-6-720x480.jpg 720w, https:\/\/karjalanhelmi.net\/karjalanhelmi\/wp-content\/uploads\/2019\/09\/Rantasauna-6-250x167.jpg 250w, https:\/\/karjalanhelmi.net\/karjalanhelmi\/wp-content\/uploads\/2019\/09\/Rantasauna-6-375x250.jpg 375w, https:\/\/karjalanhelmi.net\/karjalanhelmi\/wp-content\/uploads\/2019\/09\/Rantasauna-6-150x100.jpg 150w\" sizes=\"auto, (max-width: 800px) 100vw, 800px\" \/><\/figure><\/div>\n\n\n\n<div class=\"wp-block-image\"><figure class=\"aligncenter\"><img loading=\"lazy\" decoding=\"async\" width=\"800\" height=\"533\" src=\"http:\/\/karjalanhelmi.net\/karjalanhelmi\/wp-content\/uploads\/2019\/09\/Rantasauna-5.jpg\" alt=\"\" class=\"wp-image-788\" srcset=\"https:\/\/karjalanhelmi.net\/karjalanhelmi\/wp-content\/uploads\/2019\/09\/Rantasauna-5.jpg 800w, https:\/\/karjalanhelmi.net\/karjalanhelmi\/wp-content\/uploads\/2019\/09\/Rantasauna-5-300x200.jpg 300w, https:\/\/karjalanhelmi.net\/karjalanhelmi\/wp-content\/uploads\/2019\/09\/Rantasauna-5-768x512.jpg 768w, https:\/\/karjalanhelmi.net\/karjalanhelmi\/wp-content\/uploads\/2019\/09\/Rantasauna-5-480x320.jpg 480w, https:\/\/karjalanhelmi.net\/karjalanhelmi\/wp-content\/uploads\/2019\/09\/Rantasauna-5-720x480.jpg 720w, https:\/\/karjalanhelmi.net\/karjalanhelmi\/wp-content\/uploads\/2019\/09\/Rantasauna-5-250x167.jpg 250w, https:\/\/karjalanhelmi.net\/karjalanhelmi\/wp-content\/uploads\/2019\/09\/Rantasauna-5-375x250.jpg 375w, https:\/\/karjalanhelmi.net\/karjalanhelmi\/wp-content\/uploads\/2019\/09\/Rantasauna-5-150x100.jpg 150w\" sizes=\"auto, (max-width: 800px) 100vw, 800px\" \/><\/figure><\/div>\n","protected":false},"excerpt":{"rendered":"<p>Vuokrattavana rantasauna, jossa takkatupa, keitti\u00f6, pukuhuone, suihkut, wc ja puul\u00e4mmitteinen sauna. Saunan yhteydess\u00e4 my\u00f6s terassi. Rantasauna soveltuu parhaiten ryhmille 4 - 15 hl\u00f6\u00e4. Takkatupaan mahdollista tilata ruokailut.Hinnat: 150 \u20ac\/ max 10 hl\u00f6\u00e4, 180 \u20ac\/10 -15 hl\u00f6\u00e4 sis. pyyhkeet ja alv 24%<\/p>\n","protected":false},"author":1,"featured_media":785,"parent":0,"menu_order":0,"comment_status":"closed","ping_status":"closed","template":"page-templates\/page-uppersidebar.php","meta":{"_monsterinsights_skip_tracking":false,"_monsterinsights_sitenote_active":false,"_monsterinsights_sitenote_note":"","_monsterinsights_sitenote_category":0,"footnotes":""},"class_list":["post-783","page","type-page","status-publish","has-post-thumbnail","hentry"],"_links":{"self":[{"href":"https:\/\/karjalanhelmi.net\/karjalanhelmi\/wp-json\/wp\/v2\/pages\/783","targetHints":{"allow":["GET"]}}],"collection":[{"href":"https:\/\/karjalanhelmi.net\/karjalanhelmi\/wp-json\/wp\/v2\/pages"}],"about":[{"href":"https:\/\/karjalanhelmi.net\/karjalanhelmi\/wp-json\/wp\/v2\/types\/page"}],"author":[{"embeddable":true,"href":"https:\/\/karjalanhelmi.net\/karjalanhelmi\/wp-json\/wp\/v2\/users\/1"}],"replies":[{"embeddable":true,"href":"https:\/\/karjalanhelmi.net\/karjalanhelmi\/wp-json\/wp\/v2\/comments?post=783"}],"version-history":[{"count":4,"href":"https:\/\/karjalanhelmi.net\/karjalanhelmi\/wp-json\/wp\/v2\/pages\/783\/revisions"}],"predecessor-version":[{"id":795,"href":"https:\/\/karjalanhelmi.net\/karjalanhelmi\/wp-json\/wp\/v2\/pages\/783\/revisions\/795"}],"wp:featuredmedia":[{"embeddable":true,"href":"https:\/\/karjalanhelmi.net\/karjalanhelmi\/wp-json\/wp\/v2\/media\/785"}],"wp:attachment":[{"href":"https:\/\/karjalanhelmi.net\/karjalanhelmi\/wp-json\/wp\/v2\/media?parent=783"}],"curies":[{"name":"wp","href":"https:\/\/api.w.org\/{rel}","templated":true}]}}