{"id":743,"date":"2019-01-22T15:43:39","date_gmt":"2019-01-22T13:43:39","guid":{"rendered":"http:\/\/karjalanhelmi.net\/karjalanhelmi\/?page_id=743"},"modified":"2023-01-05T18:30:32","modified_gmt":"2023-01-05T16:30:32","slug":"reservierungsbedingungen","status":"publish","type":"page","link":"https:\/\/karjalanhelmi.net\/karjalanhelmi\/de\/reservierungsbedingungen\/","title":{"rendered":"Bedingungen"},"content":{"rendered":"\n<p>Reservierungen k\u00f6nnen per E-Mail oder \u00fcber die Internetseiten von Karjalan Helmi erfolgen. Ebenso sind Reservierungen \u00fcber die Kooperationspartner von Karjalan Helmi m\u00f6glich. Wir sind bestrebt, m\u00f6glichst flexibel ganzj\u00e4hrig Unterbringung anzubieten, sodass die Ankunfts- und Abfahrtstage frei gew\u00e4hlt werden k\u00f6nnen. W\u00e4hrend der Sommersaison werden die Ferienh\u00fctten vorab f\u00fcr mehrere Tage gebucht. F\u00fcr kurze Zeiten sind die H\u00fctten nach Buchungslage und zeitnah zu reservieren. Die Wohnungen sind ganzj\u00e4hrig flexibel zu mieten. <br> Die Unterbringung wird vor Ort bar, per Bankkarte oder vorab auf Rechnung beglichen.\u00a0 Der Kunde kann die Reservierung kostenlos bis zu 7 Tagen vor Anreise stornieren; danach wird die erste Nacht in Rechnung gestellt. Der Kunde kann die Sommerreservierung kostenlos bis zu 30 Tagen vor Anreise stornieren; danach wird die komplette Summe f\u00fcr die Reservierung in Rechnung gestellt. Ansonsten haben die Bedingungen der anderen Reservierungssysteme G\u00fcltigkeit. <br><br><strong>Reservierungsbedingungen \/ Bestimmungen vor Ort:<\/strong><br>Die Unterbringung steht Ihnen ab 15:00 Uhr zur Verf\u00fcgung, und das Auschecken erfolgt bis 12 Uhr am Abreisetag.<br> Bettw\u00e4sche ist nicht im Preis inbegriffen. Bettw\u00e4sche stellen wir mit 15 Euro\/Person in Rechnung, oder der Kunde bringt seine eigene mit.<br> In den H\u00fctten\/Wohnungen d\u00fcrfen nur die in der Reservierung vereinbarte Anzahl an Personen untergebracht werden. <br> Die Mitnahme von Haustieren kann separat vereinbart werden und es werden 10 Euro\/Haustier zus\u00e4tzlich in Rechnung gestellt. Nicht in allen H\u00fctten m\u00f6glich.<br> Rauchen ist in allen Innenr\u00e4umen nicht gestattet.<br> Drau\u00dfen darf keine Musik gespielt werden, die andere G\u00e4ste st\u00f6ren w\u00fcrde.<br> Die Endreinigung ist nicht im Preis inbegriffen. Die k\u00f6nnen Sie selbst durchf\u00fchren oder separat f\u00fcr 60 Euro\/H\u00fctte und 20 Euro\/Wohnung buchen. Zur Endreinigung des Kunden geh\u00f6ren sauberes Geschirr, Abfallentsorgung, Tische und Arbeitsfl\u00e4chen reinigen, Staub saugen oder B\u00f6den wischen sowie WC\/Dusche\/Sauna reinigen. Der Kunde erh\u00e4lt immer von uns selbst gepr\u00fcfte und gepflegte R\u00e4umlichkeiten.<br> Der Kunde kommt selbst f\u00fcr von ihm verursachte Sch\u00e4den in den R\u00e4umlichkeiten und am Hausrat auf. <br><br><\/p>\n","protected":false},"excerpt":{"rendered":"<p>Reservierungen k\u00f6nnen per E-Mail oder \u00fcber die Internetseiten von Karjalan Helmi erfolgen. Ebenso sind Reservierungen \u00fcber die Kooperationspartner von Karjalan Helmi m\u00f6glich. Wir sind bestrebt, m\u00f6glichst flexibel ganzj\u00e4hrig Unterbringung anzubieten, sodass die Ankunfts- und Abfahrtstage frei gew\u00e4hlt werden k\u00f6nnen. W\u00e4hrend der Sommersaison werden die Ferienh\u00fctten vorab f\u00fcr mehrere Tage gebucht. F\u00fcr kurze Zeiten sind die &hellip; <\/p>\n<p class=\"link-more\"><a href=\"https:\/\/karjalanhelmi.net\/karjalanhelmi\/de\/reservierungsbedingungen\/\" class=\"more-link\"><span class=\"screen-reader-text\"> prova \"Bedingungen\"<\/span><\/a><\/p>\n","protected":false},"author":1,"featured_media":0,"parent":0,"menu_order":0,"comment_status":"closed","ping_status":"closed","template":"page-templates\/page-uppersidebar.php","meta":{"_monsterinsights_skip_tracking":false,"_monsterinsights_sitenote_active":false,"_monsterinsights_sitenote_note":"","_monsterinsights_sitenote_category":0,"footnotes":""},"class_list":["post-743","page","type-page","status-publish","hentry"],"_links":{"self":[{"href":"https:\/\/karjalanhelmi.net\/karjalanhelmi\/wp-json\/wp\/v2\/pages\/743","targetHints":{"allow":["GET"]}}],"collection":[{"href":"https:\/\/karjalanhelmi.net\/karjalanhelmi\/wp-json\/wp\/v2\/pages"}],"about":[{"href":"https:\/\/karjalanhelmi.net\/karjalanhelmi\/wp-json\/wp\/v2\/types\/page"}],"author":[{"embeddable":true,"href":"https:\/\/karjalanhelmi.net\/karjalanhelmi\/wp-json\/wp\/v2\/users\/1"}],"replies":[{"embeddable":true,"href":"https:\/\/karjalanhelmi.net\/karjalanhelmi\/wp-json\/wp\/v2\/comments?post=743"}],"version-history":[{"count":4,"href":"https:\/\/karjalanhelmi.net\/karjalanhelmi\/wp-json\/wp\/v2\/pages\/743\/revisions"}],"predecessor-version":[{"id":1249,"href":"https:\/\/karjalanhelmi.net\/karjalanhelmi\/wp-json\/wp\/v2\/pages\/743\/revisions\/1249"}],"wp:attachment":[{"href":"https:\/\/karjalanhelmi.net\/karjalanhelmi\/wp-json\/wp\/v2\/media?parent=743"}],"curies":[{"name":"wp","href":"https:\/\/api.w.org\/{rel}","templated":true}]}}