{"id":731,"date":"2019-04-20T16:57:23","date_gmt":"2019-04-20T13:57:23","guid":{"rendered":"http:\/\/karjalanhelmi.net\/karjalanhelmi\/?page_id=731"},"modified":"2020-01-02T18:22:06","modified_gmt":"2020-01-02T16:22:06","slug":"sehenwurdikeiten","status":"publish","type":"page","link":"https:\/\/karjalanhelmi.net\/karjalanhelmi\/de\/sehenwurdikeiten\/","title":{"rendered":"Sehenw\u00fcrdikeiten"},"content":{"rendered":"<p><iframe loading=\"lazy\" src=\"https:\/\/www.google.com\/maps\/d\/embed?mid=1ySCnZV4BmLjprxX3ob-gM8zG6lhJducA\" width=\"100%\" height=\"480\"><\/iframe><\/p>\n\n\n\n<p>Unsere Lage erlaubt auch Tagesausfl\u00fcge in die Region Savonlinna \u2013 Punkaharju und Joensuu. <br><a rel=\"noreferrer noopener\" href=\"http:\/\/www.visitkarelia.fi\/en\/Travelling\/North-Karelia\/Central-Karelia\/Kitee\/Attractions-in-Kitee\" target=\"_blank\">Kitee<br><\/a>\u2013 Stone Church of Kitee<br>\u2013 Puhos and the Puhos larch forest<br>\u2013&nbsp;Peterhoff Finland Landscape Park<br>\u2013 Sovintola \u2014handicrafts and culture<br><a rel=\"noreferrer noopener\" href=\"http:\/\/www.visitkarelia.fi\/en\/Travelling\/North-Karelia\/Central-Karelia\/Tohmajarvi\/Attractions-in-Tohmajarvi\" target=\"_blank\">Tohmaj\u00e4rvi<\/a><br>\u2013 Puun Sielu Gallery<br>\u2013 Lutheran Church of Tohmaj\u00e4rvi<br>\u2013 Hydroelectric Plant Museum of Saario<br><a rel=\"noreferrer noopener\" href=\"http:\/\/www.visitkarelia.fi\/en\/Travelling\/North-Karelia\/Central-Karelia\/Raakkyla\/Attractions-in-Raakkyla\" target=\"_blank\">R\u00e4\u00e4kkyl\u00e4<\/a><br>\u2013 Paksuniemi<br>\u2013 Kotista Toy Museum<br><a rel=\"noreferrer noopener\" href=\"http:\/\/www.visitkarelia.fi\/en\/Travelling\/hakutulos#category=sights&amp;sorting=Name&amp;area=Joensuu\" target=\"_blank\">Joensuu<\/a><br>\u2013 Churches in Joensuu<br>\u2013 North Karelian Museum<br>\u2013 Botanical garden and tropical butterfly garden<br><a rel=\"noreferrer noopener\" href=\"https:\/\/www.visitkarelia.fi\/en\/Destinations\/Ilomantsi\" target=\"_blank\">Ilomantsi<\/a><br>\u2013&nbsp;M\u00f6hk\u00f6 ironworks<br>\u2013 Hermanni Winery<br><a rel=\"noreferrer noopener\" href=\"http:\/\/www.heinavesi.fi\/default.asp?siteid=Englanti&amp;id=Etusivu\" target=\"_blank\">Hein\u00e4vesi<\/a><br>\u2013 Valamo&nbsp;monastery<br>\u2013 Lintula convent<br><a rel=\"noreferrer noopener\" href=\"http:\/\/www.visitkarelia.fi\/en\/Travelling\/North-Karelia\/Joensuu-sub-region\/Outokumpu\" target=\"_blank\">Outokumpu<\/a><br>\u2013 The old mine with its museum of mining<br><a href=\"http:\/\/www.visitpunkaharju.fi\/en\/\" target=\"_blank\" rel=\"noopener\">Punkaharju<\/a><br>\u2013 Lusto \u2013 The Finnish Forest Museum<br>\u2013 Hotel Punkaharju<br><a rel=\"noreferrer noopener\" href=\"http:\/\/visitsavonlinna.fi\/en\/see\/\" target=\"_blank\">Savonlinna<\/a><br>\u2013 Olavinlinna Castle<br>\u2013 The church of Kerim\u00e4ki<br><a rel=\"noreferrer noopener\" href=\"http:\/\/www.visitkarelia.fi\/en\/Travelling\/North-Karelia\/Pielinen-Karelia\/Koli\" target=\"_blank\">Koli<\/a><br>\u2013 The national Parks<br>\u2013 The cultural treasures of Visitor Centre Ukko<br><a rel=\"noreferrer noopener\" href=\"http:\/\/pielinen%20karelia%20consists%20of%20two%20cities%3B%20lieksa%20and%20nurmes%2C%20and%20municipality%20of%20valtimo.%20koli%27s%20magnificent%20landscapes%20and%20clear%20waters%20of%20lake%20pielinen%20invite%20you%20to%20visit%20the%20wilderness%20and%20relax%20in%20pielinen%20karelia.\/\" target=\"_blank\">Nurmes<\/a><br>\u2013 Bomba House and Karelian Village<br>\u2013 Steam engine depot tour<br>\u2013 Wood-Nurmes and the old market town<br><a rel=\"noreferrer noopener\" href=\"http:\/\/www.visitkarelia.fi\/en\/Travelling\/North-Karelia\/Pielinen-Karelia\/Lieksa\" target=\"_blank\">Lieksa<\/a><br>\u2013&nbsp;&nbsp;The countryside experience farmstead of PikkuKili<br>\u2013 Pielinen Museum <\/p>\n","protected":false},"excerpt":{"rendered":"<p>Unsere Lage erlaubt auch Tagesausfl\u00fcge in die Region Savonlinna \u2013 Punkaharju und Joensuu. Kitee\u2013 Stone Church of Kitee\u2013 Puhos and the Puhos larch forest\u2013&nbsp;Peterhoff Finland Landscape Park\u2013 Sovintola \u2014handicrafts and cultureTohmaj\u00e4rvi\u2013 Puun Sielu Gallery\u2013 Lutheran Church of Tohmaj\u00e4rvi\u2013 Hydroelectric Plant Museum of SaarioR\u00e4\u00e4kkyl\u00e4\u2013 Paksuniemi\u2013 Kotista Toy MuseumJoensuu\u2013 Churches in Joensuu\u2013 North Karelian Museum\u2013 Botanical garden &hellip; <\/p>\n<p class=\"link-more\"><a href=\"https:\/\/karjalanhelmi.net\/karjalanhelmi\/de\/sehenwurdikeiten\/\" class=\"more-link\"><span class=\"screen-reader-text\"> prova \"Sehenw\u00fcrdikeiten\"<\/span><\/a><\/p>\n","protected":false},"author":1,"featured_media":0,"parent":0,"menu_order":0,"comment_status":"closed","ping_status":"closed","template":"page-templates\/page-uppersidebar.php","meta":{"_monsterinsights_skip_tracking":false,"_monsterinsights_sitenote_active":false,"_monsterinsights_sitenote_note":"","_monsterinsights_sitenote_category":0,"footnotes":""},"class_list":["post-731","page","type-page","status-publish","hentry"],"_links":{"self":[{"href":"https:\/\/karjalanhelmi.net\/karjalanhelmi\/wp-json\/wp\/v2\/pages\/731","targetHints":{"allow":["GET"]}}],"collection":[{"href":"https:\/\/karjalanhelmi.net\/karjalanhelmi\/wp-json\/wp\/v2\/pages"}],"about":[{"href":"https:\/\/karjalanhelmi.net\/karjalanhelmi\/wp-json\/wp\/v2\/types\/page"}],"author":[{"embeddable":true,"href":"https:\/\/karjalanhelmi.net\/karjalanhelmi\/wp-json\/wp\/v2\/users\/1"}],"replies":[{"embeddable":true,"href":"https:\/\/karjalanhelmi.net\/karjalanhelmi\/wp-json\/wp\/v2\/comments?post=731"}],"version-history":[{"count":2,"href":"https:\/\/karjalanhelmi.net\/karjalanhelmi\/wp-json\/wp\/v2\/pages\/731\/revisions"}],"predecessor-version":[{"id":949,"href":"https:\/\/karjalanhelmi.net\/karjalanhelmi\/wp-json\/wp\/v2\/pages\/731\/revisions\/949"}],"wp:attachment":[{"href":"https:\/\/karjalanhelmi.net\/karjalanhelmi\/wp-json\/wp\/v2\/media?parent=731"}],"curies":[{"name":"wp","href":"https:\/\/api.w.org\/{rel}","templated":true}]}}