{"id":729,"date":"2019-04-20T17:17:37","date_gmt":"2019-04-20T14:17:37","guid":{"rendered":"http:\/\/karjalanhelmi.net\/karjalanhelmi\/?page_id=729"},"modified":"2023-04-10T14:04:21","modified_gmt":"2023-04-10T11:04:21","slug":"essen","status":"publish","type":"page","link":"https:\/\/karjalanhelmi.net\/karjalanhelmi\/de\/essen\/","title":{"rendered":"Essen"},"content":{"rendered":"\n<p><strong>LOCALES RESTAURANT<\/strong><br>\u2013 Kiteenhovi \u2013 Mittagessen, a la carte\u00a0 (Kitee centre 15 km)<br>\u2013 Pajarinhovi \u2013\u00a0 Mittagessen \u00a0 (Puhos 14 km)<br>-  Pivanka - Mittagessen  (Kes\u00e4lahti 30 km)<br>-  Kotipirtti - Mittagessen (Tohmaj\u00e4rvi 36 km)<\/p>\n\n\n\n<p><strong>CAFES<\/strong><br>\u2013 Caf\u00e9 Wilhelmiina&nbsp;&nbsp;&nbsp; (Kitee centre 15 km)<br>\u2013 Kitee&nbsp;homebakery&nbsp; (Kitee centre 15 km)<br>\u2013 Herkkuvasu&nbsp; &nbsp; &nbsp; &nbsp; &nbsp; &nbsp; &nbsp; &nbsp;(Kitee centre 15 km)<br>\u2013 Unipulla&nbsp; &nbsp; &nbsp; &nbsp; &nbsp; (Koivikko 8 km)<br>\u2013 Sovintola&nbsp; \u2013 summer caf\u00e9&nbsp;&nbsp;&nbsp;&nbsp;(Kes\u00e4lahti 30 km)<br>\u2013 Paksuniemi \u2013 summer caf\u00e9 (R\u00e4\u00e4kkyl\u00e4 46 km)<\/p>\n","protected":false},"excerpt":{"rendered":"<p>LOCALES RESTAURANT\u2013 Kiteenhovi \u2013 Mittagessen, a la carte\u00a0 (Kitee centre 15 km)\u2013 Pajarinhovi \u2013\u00a0 Mittagessen \u00a0 (Puhos 14 km)- Pivanka - Mittagessen (Kes\u00e4lahti 30 km)- Kotipirtti - Mittagessen (Tohmaj\u00e4rvi 36 km) CAFES\u2013 Caf\u00e9 Wilhelmiina&nbsp;&nbsp;&nbsp; (Kitee centre 15 km)\u2013 Kitee&nbsp;homebakery&nbsp; (Kitee centre 15 km)\u2013 Herkkuvasu&nbsp; &nbsp; &nbsp; &nbsp; &nbsp; &nbsp; &nbsp; &nbsp;(Kitee centre 15 km)\u2013 Unipulla&nbsp; &hellip; <\/p>\n<p class=\"link-more\"><a href=\"https:\/\/karjalanhelmi.net\/karjalanhelmi\/de\/essen\/\" class=\"more-link\"><span class=\"screen-reader-text\"> prova \"Essen\"<\/span><\/a><\/p>\n","protected":false},"author":1,"featured_media":0,"parent":0,"menu_order":0,"comment_status":"closed","ping_status":"closed","template":"page-templates\/page-uppersidebar.php","meta":{"_monsterinsights_skip_tracking":false,"_monsterinsights_sitenote_active":false,"_monsterinsights_sitenote_note":"","_monsterinsights_sitenote_category":0,"footnotes":""},"class_list":["post-729","page","type-page","status-publish","hentry"],"_links":{"self":[{"href":"https:\/\/karjalanhelmi.net\/karjalanhelmi\/wp-json\/wp\/v2\/pages\/729","targetHints":{"allow":["GET"]}}],"collection":[{"href":"https:\/\/karjalanhelmi.net\/karjalanhelmi\/wp-json\/wp\/v2\/pages"}],"about":[{"href":"https:\/\/karjalanhelmi.net\/karjalanhelmi\/wp-json\/wp\/v2\/types\/page"}],"author":[{"embeddable":true,"href":"https:\/\/karjalanhelmi.net\/karjalanhelmi\/wp-json\/wp\/v2\/users\/1"}],"replies":[{"embeddable":true,"href":"https:\/\/karjalanhelmi.net\/karjalanhelmi\/wp-json\/wp\/v2\/comments?post=729"}],"version-history":[{"count":3,"href":"https:\/\/karjalanhelmi.net\/karjalanhelmi\/wp-json\/wp\/v2\/pages\/729\/revisions"}],"predecessor-version":[{"id":1296,"href":"https:\/\/karjalanhelmi.net\/karjalanhelmi\/wp-json\/wp\/v2\/pages\/729\/revisions\/1296"}],"wp:attachment":[{"href":"https:\/\/karjalanhelmi.net\/karjalanhelmi\/wp-json\/wp\/v2\/media?parent=729"}],"curies":[{"name":"wp","href":"https:\/\/api.w.org\/{rel}","templated":true}]}}