{"id":727,"date":"2019-04-20T16:47:15","date_gmt":"2019-04-20T13:47:15","guid":{"rendered":"http:\/\/karjalanhelmi.net\/karjalanhelmi\/?page_id=727"},"modified":"2023-06-20T17:37:16","modified_gmt":"2023-06-20T14:37:16","slug":"aktivitaten","status":"publish","type":"page","link":"https:\/\/karjalanhelmi.net\/karjalanhelmi\/de\/aktivitaten\/","title":{"rendered":"Aktivit\u00e4ten"},"content":{"rendered":"\n<figure class=\"wp-block-gallery has-nested-images columns-default is-cropped wp-block-gallery-1 is-layout-flex wp-block-gallery-is-layout-flex\">\n<figure class=\"wp-block-image\"><img loading=\"lazy\" decoding=\"async\" width=\"800\" height=\"600\" data-id=\"858\" src=\"https:\/\/karjalanhelmi.net\/karjalanhelmi\/wp-content\/uploads\/2019\/10\/Melontaa-1.jpg\" alt=\"\" class=\"wp-image-858\" srcset=\"https:\/\/karjalanhelmi.net\/karjalanhelmi\/wp-content\/uploads\/2019\/10\/Melontaa-1.jpg 800w, https:\/\/karjalanhelmi.net\/karjalanhelmi\/wp-content\/uploads\/2019\/10\/Melontaa-1-300x225.jpg 300w, https:\/\/karjalanhelmi.net\/karjalanhelmi\/wp-content\/uploads\/2019\/10\/Melontaa-1-768x576.jpg 768w, https:\/\/karjalanhelmi.net\/karjalanhelmi\/wp-content\/uploads\/2019\/10\/Melontaa-1-480x360.jpg 480w, https:\/\/karjalanhelmi.net\/karjalanhelmi\/wp-content\/uploads\/2019\/10\/Melontaa-1-640x480.jpg 640w, https:\/\/karjalanhelmi.net\/karjalanhelmi\/wp-content\/uploads\/2019\/10\/Melontaa-1-250x188.jpg 250w, https:\/\/karjalanhelmi.net\/karjalanhelmi\/wp-content\/uploads\/2019\/10\/Melontaa-1-333x250.jpg 333w, https:\/\/karjalanhelmi.net\/karjalanhelmi\/wp-content\/uploads\/2019\/10\/Melontaa-1-150x113.jpg 150w\" sizes=\"auto, (max-width: 800px) 100vw, 800px\" \/><\/figure>\n\n\n\n<figure class=\"wp-block-image\"><img loading=\"lazy\" decoding=\"async\" width=\"1000\" height=\"750\" data-id=\"862\" src=\"https:\/\/karjalanhelmi.net\/karjalanhelmi\/wp-content\/uploads\/2019\/10\/Soutelemaan-1.jpg\" alt=\"\" class=\"wp-image-862\" srcset=\"https:\/\/karjalanhelmi.net\/karjalanhelmi\/wp-content\/uploads\/2019\/10\/Soutelemaan-1.jpg 1000w, https:\/\/karjalanhelmi.net\/karjalanhelmi\/wp-content\/uploads\/2019\/10\/Soutelemaan-1-300x225.jpg 300w, https:\/\/karjalanhelmi.net\/karjalanhelmi\/wp-content\/uploads\/2019\/10\/Soutelemaan-1-768x576.jpg 768w, https:\/\/karjalanhelmi.net\/karjalanhelmi\/wp-content\/uploads\/2019\/10\/Soutelemaan-1-480x360.jpg 480w, https:\/\/karjalanhelmi.net\/karjalanhelmi\/wp-content\/uploads\/2019\/10\/Soutelemaan-1-640x480.jpg 640w, https:\/\/karjalanhelmi.net\/karjalanhelmi\/wp-content\/uploads\/2019\/10\/Soutelemaan-1-250x188.jpg 250w, https:\/\/karjalanhelmi.net\/karjalanhelmi\/wp-content\/uploads\/2019\/10\/Soutelemaan-1-333x250.jpg 333w, https:\/\/karjalanhelmi.net\/karjalanhelmi\/wp-content\/uploads\/2019\/10\/Soutelemaan-1-150x113.jpg 150w\" sizes=\"auto, (max-width: 1000px) 100vw, 1000px\" \/><\/figure>\n\n\n\n<figure class=\"wp-block-image\"><img loading=\"lazy\" decoding=\"async\" width=\"1000\" height=\"666\" data-id=\"860\" src=\"https:\/\/karjalanhelmi.net\/karjalanhelmi\/wp-content\/uploads\/2019\/10\/Ongella-1.jpg\" alt=\"\" class=\"wp-image-860\" srcset=\"https:\/\/karjalanhelmi.net\/karjalanhelmi\/wp-content\/uploads\/2019\/10\/Ongella-1.jpg 1000w, https:\/\/karjalanhelmi.net\/karjalanhelmi\/wp-content\/uploads\/2019\/10\/Ongella-1-300x200.jpg 300w, https:\/\/karjalanhelmi.net\/karjalanhelmi\/wp-content\/uploads\/2019\/10\/Ongella-1-768x511.jpg 768w, https:\/\/karjalanhelmi.net\/karjalanhelmi\/wp-content\/uploads\/2019\/10\/Ongella-1-480x320.jpg 480w, https:\/\/karjalanhelmi.net\/karjalanhelmi\/wp-content\/uploads\/2019\/10\/Ongella-1-721x480.jpg 721w, https:\/\/karjalanhelmi.net\/karjalanhelmi\/wp-content\/uploads\/2019\/10\/Ongella-1-250x167.jpg 250w, https:\/\/karjalanhelmi.net\/karjalanhelmi\/wp-content\/uploads\/2019\/10\/Ongella-1-375x250.jpg 375w, https:\/\/karjalanhelmi.net\/karjalanhelmi\/wp-content\/uploads\/2019\/10\/Ongella-1-150x100.jpg 150w\" sizes=\"auto, (max-width: 1000px) 100vw, 1000px\" \/><\/figure>\n\n\n\n<figure class=\"wp-block-image\"><img loading=\"lazy\" decoding=\"async\" width=\"1000\" height=\"750\" data-id=\"854\" src=\"https:\/\/karjalanhelmi.net\/karjalanhelmi\/wp-content\/uploads\/2019\/10\/Kire\u00e4t-siimat-1.jpg\" alt=\"\" class=\"wp-image-854\" srcset=\"https:\/\/karjalanhelmi.net\/karjalanhelmi\/wp-content\/uploads\/2019\/10\/Kire\u00e4t-siimat-1.jpg 1000w, https:\/\/karjalanhelmi.net\/karjalanhelmi\/wp-content\/uploads\/2019\/10\/Kire\u00e4t-siimat-1-300x225.jpg 300w, https:\/\/karjalanhelmi.net\/karjalanhelmi\/wp-content\/uploads\/2019\/10\/Kire\u00e4t-siimat-1-768x576.jpg 768w, https:\/\/karjalanhelmi.net\/karjalanhelmi\/wp-content\/uploads\/2019\/10\/Kire\u00e4t-siimat-1-480x360.jpg 480w, https:\/\/karjalanhelmi.net\/karjalanhelmi\/wp-content\/uploads\/2019\/10\/Kire\u00e4t-siimat-1-640x480.jpg 640w, https:\/\/karjalanhelmi.net\/karjalanhelmi\/wp-content\/uploads\/2019\/10\/Kire\u00e4t-siimat-1-250x188.jpg 250w, https:\/\/karjalanhelmi.net\/karjalanhelmi\/wp-content\/uploads\/2019\/10\/Kire\u00e4t-siimat-1-333x250.jpg 333w, https:\/\/karjalanhelmi.net\/karjalanhelmi\/wp-content\/uploads\/2019\/10\/Kire\u00e4t-siimat-1-150x113.jpg 150w\" sizes=\"auto, (max-width: 1000px) 100vw, 1000px\" \/><\/figure>\n\n\n\n<figure class=\"wp-block-image\"><img loading=\"lazy\" decoding=\"async\" width=\"1000\" height=\"562\" data-id=\"851\" src=\"https:\/\/karjalanhelmi.net\/karjalanhelmi\/wp-content\/uploads\/2019\/10\/J\u00e4rvelle-1.jpg\" alt=\"\" class=\"wp-image-851\" srcset=\"https:\/\/karjalanhelmi.net\/karjalanhelmi\/wp-content\/uploads\/2019\/10\/J\u00e4rvelle-1.jpg 1000w, https:\/\/karjalanhelmi.net\/karjalanhelmi\/wp-content\/uploads\/2019\/10\/J\u00e4rvelle-1-300x169.jpg 300w, https:\/\/karjalanhelmi.net\/karjalanhelmi\/wp-content\/uploads\/2019\/10\/J\u00e4rvelle-1-768x432.jpg 768w, https:\/\/karjalanhelmi.net\/karjalanhelmi\/wp-content\/uploads\/2019\/10\/J\u00e4rvelle-1-480x270.jpg 480w, https:\/\/karjalanhelmi.net\/karjalanhelmi\/wp-content\/uploads\/2019\/10\/J\u00e4rvelle-1-854x480.jpg 854w, https:\/\/karjalanhelmi.net\/karjalanhelmi\/wp-content\/uploads\/2019\/10\/J\u00e4rvelle-1-250x141.jpg 250w, https:\/\/karjalanhelmi.net\/karjalanhelmi\/wp-content\/uploads\/2019\/10\/J\u00e4rvelle-1-445x250.jpg 445w, https:\/\/karjalanhelmi.net\/karjalanhelmi\/wp-content\/uploads\/2019\/10\/J\u00e4rvelle-1-150x84.jpg 150w\" sizes=\"auto, (max-width: 1000px) 100vw, 1000px\" \/><\/figure>\n\n\n\n<figure class=\"wp-block-image\"><img loading=\"lazy\" decoding=\"async\" width=\"1000\" height=\"666\" data-id=\"850\" src=\"https:\/\/karjalanhelmi.net\/karjalanhelmi\/wp-content\/uploads\/2019\/10\/Istahda-hetkeksi-1.jpg\" alt=\"\" class=\"wp-image-850\" srcset=\"https:\/\/karjalanhelmi.net\/karjalanhelmi\/wp-content\/uploads\/2019\/10\/Istahda-hetkeksi-1.jpg 1000w, https:\/\/karjalanhelmi.net\/karjalanhelmi\/wp-content\/uploads\/2019\/10\/Istahda-hetkeksi-1-300x200.jpg 300w, https:\/\/karjalanhelmi.net\/karjalanhelmi\/wp-content\/uploads\/2019\/10\/Istahda-hetkeksi-1-768x511.jpg 768w, https:\/\/karjalanhelmi.net\/karjalanhelmi\/wp-content\/uploads\/2019\/10\/Istahda-hetkeksi-1-480x320.jpg 480w, https:\/\/karjalanhelmi.net\/karjalanhelmi\/wp-content\/uploads\/2019\/10\/Istahda-hetkeksi-1-721x480.jpg 721w, https:\/\/karjalanhelmi.net\/karjalanhelmi\/wp-content\/uploads\/2019\/10\/Istahda-hetkeksi-1-250x167.jpg 250w, https:\/\/karjalanhelmi.net\/karjalanhelmi\/wp-content\/uploads\/2019\/10\/Istahda-hetkeksi-1-375x250.jpg 375w, https:\/\/karjalanhelmi.net\/karjalanhelmi\/wp-content\/uploads\/2019\/10\/Istahda-hetkeksi-1-150x100.jpg 150w\" sizes=\"auto, (max-width: 1000px) 100vw, 1000px\" \/><\/figure>\n\n\n\n<figure class=\"wp-block-image\"><img loading=\"lazy\" decoding=\"async\" width=\"1000\" height=\"666\" data-id=\"852\" src=\"https:\/\/karjalanhelmi.net\/karjalanhelmi\/wp-content\/uploads\/2019\/10\/Kalassa-1.jpg\" alt=\"\" class=\"wp-image-852\" srcset=\"https:\/\/karjalanhelmi.net\/karjalanhelmi\/wp-content\/uploads\/2019\/10\/Kalassa-1.jpg 1000w, https:\/\/karjalanhelmi.net\/karjalanhelmi\/wp-content\/uploads\/2019\/10\/Kalassa-1-300x200.jpg 300w, https:\/\/karjalanhelmi.net\/karjalanhelmi\/wp-content\/uploads\/2019\/10\/Kalassa-1-768x511.jpg 768w, https:\/\/karjalanhelmi.net\/karjalanhelmi\/wp-content\/uploads\/2019\/10\/Kalassa-1-480x320.jpg 480w, https:\/\/karjalanhelmi.net\/karjalanhelmi\/wp-content\/uploads\/2019\/10\/Kalassa-1-721x480.jpg 721w, https:\/\/karjalanhelmi.net\/karjalanhelmi\/wp-content\/uploads\/2019\/10\/Kalassa-1-250x167.jpg 250w, https:\/\/karjalanhelmi.net\/karjalanhelmi\/wp-content\/uploads\/2019\/10\/Kalassa-1-375x250.jpg 375w, https:\/\/karjalanhelmi.net\/karjalanhelmi\/wp-content\/uploads\/2019\/10\/Kalassa-1-150x100.jpg 150w\" sizes=\"auto, (max-width: 1000px) 100vw, 1000px\" \/><\/figure>\n\n\n\n<figure class=\"wp-block-image\"><img loading=\"lazy\" decoding=\"async\" width=\"1000\" height=\"666\" data-id=\"859\" src=\"https:\/\/karjalanhelmi.net\/karjalanhelmi\/wp-content\/uploads\/2019\/10\/Nuotiolla-1.jpg\" alt=\"\" class=\"wp-image-859\" srcset=\"https:\/\/karjalanhelmi.net\/karjalanhelmi\/wp-content\/uploads\/2019\/10\/Nuotiolla-1.jpg 1000w, https:\/\/karjalanhelmi.net\/karjalanhelmi\/wp-content\/uploads\/2019\/10\/Nuotiolla-1-300x200.jpg 300w, https:\/\/karjalanhelmi.net\/karjalanhelmi\/wp-content\/uploads\/2019\/10\/Nuotiolla-1-768x511.jpg 768w, https:\/\/karjalanhelmi.net\/karjalanhelmi\/wp-content\/uploads\/2019\/10\/Nuotiolla-1-480x320.jpg 480w, https:\/\/karjalanhelmi.net\/karjalanhelmi\/wp-content\/uploads\/2019\/10\/Nuotiolla-1-721x480.jpg 721w, https:\/\/karjalanhelmi.net\/karjalanhelmi\/wp-content\/uploads\/2019\/10\/Nuotiolla-1-250x167.jpg 250w, https:\/\/karjalanhelmi.net\/karjalanhelmi\/wp-content\/uploads\/2019\/10\/Nuotiolla-1-375x250.jpg 375w, https:\/\/karjalanhelmi.net\/karjalanhelmi\/wp-content\/uploads\/2019\/10\/Nuotiolla-1-150x100.jpg 150w\" sizes=\"auto, (max-width: 1000px) 100vw, 1000px\" \/><\/figure>\n\n\n\n<figure class=\"wp-block-image\"><img loading=\"lazy\" decoding=\"async\" width=\"1000\" height=\"750\" data-id=\"863\" src=\"https:\/\/karjalanhelmi.net\/karjalanhelmi\/wp-content\/uploads\/2019\/10\/Hiiht\u00e4m\u00e4ss\u00e4-1.jpg\" alt=\"\" class=\"wp-image-863\" srcset=\"https:\/\/karjalanhelmi.net\/karjalanhelmi\/wp-content\/uploads\/2019\/10\/Hiiht\u00e4m\u00e4ss\u00e4-1.jpg 1000w, https:\/\/karjalanhelmi.net\/karjalanhelmi\/wp-content\/uploads\/2019\/10\/Hiiht\u00e4m\u00e4ss\u00e4-1-300x225.jpg 300w, https:\/\/karjalanhelmi.net\/karjalanhelmi\/wp-content\/uploads\/2019\/10\/Hiiht\u00e4m\u00e4ss\u00e4-1-768x576.jpg 768w, https:\/\/karjalanhelmi.net\/karjalanhelmi\/wp-content\/uploads\/2019\/10\/Hiiht\u00e4m\u00e4ss\u00e4-1-480x360.jpg 480w, https:\/\/karjalanhelmi.net\/karjalanhelmi\/wp-content\/uploads\/2019\/10\/Hiiht\u00e4m\u00e4ss\u00e4-1-640x480.jpg 640w, https:\/\/karjalanhelmi.net\/karjalanhelmi\/wp-content\/uploads\/2019\/10\/Hiiht\u00e4m\u00e4ss\u00e4-1-250x188.jpg 250w, https:\/\/karjalanhelmi.net\/karjalanhelmi\/wp-content\/uploads\/2019\/10\/Hiiht\u00e4m\u00e4ss\u00e4-1-333x250.jpg 333w, https:\/\/karjalanhelmi.net\/karjalanhelmi\/wp-content\/uploads\/2019\/10\/Hiiht\u00e4m\u00e4ss\u00e4-1-150x113.jpg 150w\" sizes=\"auto, (max-width: 1000px) 100vw, 1000px\" \/><\/figure>\n\n\n\n<figure class=\"wp-block-image\"><img loading=\"lazy\" decoding=\"async\" width=\"1000\" height=\"750\" data-id=\"861\" src=\"https:\/\/karjalanhelmi.net\/karjalanhelmi\/wp-content\/uploads\/2019\/10\/Pilkill\u00e4-1.jpg\" alt=\"\" class=\"wp-image-861\" srcset=\"https:\/\/karjalanhelmi.net\/karjalanhelmi\/wp-content\/uploads\/2019\/10\/Pilkill\u00e4-1.jpg 1000w, https:\/\/karjalanhelmi.net\/karjalanhelmi\/wp-content\/uploads\/2019\/10\/Pilkill\u00e4-1-300x225.jpg 300w, https:\/\/karjalanhelmi.net\/karjalanhelmi\/wp-content\/uploads\/2019\/10\/Pilkill\u00e4-1-768x576.jpg 768w, https:\/\/karjalanhelmi.net\/karjalanhelmi\/wp-content\/uploads\/2019\/10\/Pilkill\u00e4-1-480x360.jpg 480w, https:\/\/karjalanhelmi.net\/karjalanhelmi\/wp-content\/uploads\/2019\/10\/Pilkill\u00e4-1-640x480.jpg 640w, https:\/\/karjalanhelmi.net\/karjalanhelmi\/wp-content\/uploads\/2019\/10\/Pilkill\u00e4-1-250x188.jpg 250w, https:\/\/karjalanhelmi.net\/karjalanhelmi\/wp-content\/uploads\/2019\/10\/Pilkill\u00e4-1-333x250.jpg 333w, https:\/\/karjalanhelmi.net\/karjalanhelmi\/wp-content\/uploads\/2019\/10\/Pilkill\u00e4-1-150x113.jpg 150w\" sizes=\"auto, (max-width: 1000px) 100vw, 1000px\" \/><\/figure>\n\n\n\n<figure class=\"wp-block-image\"><img loading=\"lazy\" decoding=\"async\" width=\"1000\" height=\"750\" data-id=\"855\" src=\"https:\/\/karjalanhelmi.net\/karjalanhelmi\/wp-content\/uploads\/2019\/10\/Luistelemaan-1.jpg\" alt=\"\" class=\"wp-image-855\" srcset=\"https:\/\/karjalanhelmi.net\/karjalanhelmi\/wp-content\/uploads\/2019\/10\/Luistelemaan-1.jpg 1000w, https:\/\/karjalanhelmi.net\/karjalanhelmi\/wp-content\/uploads\/2019\/10\/Luistelemaan-1-300x225.jpg 300w, https:\/\/karjalanhelmi.net\/karjalanhelmi\/wp-content\/uploads\/2019\/10\/Luistelemaan-1-768x576.jpg 768w, https:\/\/karjalanhelmi.net\/karjalanhelmi\/wp-content\/uploads\/2019\/10\/Luistelemaan-1-480x360.jpg 480w, https:\/\/karjalanhelmi.net\/karjalanhelmi\/wp-content\/uploads\/2019\/10\/Luistelemaan-1-640x480.jpg 640w, https:\/\/karjalanhelmi.net\/karjalanhelmi\/wp-content\/uploads\/2019\/10\/Luistelemaan-1-250x188.jpg 250w, https:\/\/karjalanhelmi.net\/karjalanhelmi\/wp-content\/uploads\/2019\/10\/Luistelemaan-1-333x250.jpg 333w, https:\/\/karjalanhelmi.net\/karjalanhelmi\/wp-content\/uploads\/2019\/10\/Luistelemaan-1-150x113.jpg 150w\" sizes=\"auto, (max-width: 1000px) 100vw, 1000px\" \/><\/figure>\n\n\n\n<figure class=\"wp-block-image\"><img loading=\"lazy\" decoding=\"async\" width=\"1000\" height=\"750\" data-id=\"856\" src=\"https:\/\/karjalanhelmi.net\/karjalanhelmi\/wp-content\/uploads\/2019\/10\/Lumikenk\u00e4ilem\u00e4\u00e4n-1.jpg\" alt=\"\" class=\"wp-image-856\" srcset=\"https:\/\/karjalanhelmi.net\/karjalanhelmi\/wp-content\/uploads\/2019\/10\/Lumikenk\u00e4ilem\u00e4\u00e4n-1.jpg 1000w, https:\/\/karjalanhelmi.net\/karjalanhelmi\/wp-content\/uploads\/2019\/10\/Lumikenk\u00e4ilem\u00e4\u00e4n-1-300x225.jpg 300w, https:\/\/karjalanhelmi.net\/karjalanhelmi\/wp-content\/uploads\/2019\/10\/Lumikenk\u00e4ilem\u00e4\u00e4n-1-768x576.jpg 768w, https:\/\/karjalanhelmi.net\/karjalanhelmi\/wp-content\/uploads\/2019\/10\/Lumikenk\u00e4ilem\u00e4\u00e4n-1-480x360.jpg 480w, https:\/\/karjalanhelmi.net\/karjalanhelmi\/wp-content\/uploads\/2019\/10\/Lumikenk\u00e4ilem\u00e4\u00e4n-1-640x480.jpg 640w, https:\/\/karjalanhelmi.net\/karjalanhelmi\/wp-content\/uploads\/2019\/10\/Lumikenk\u00e4ilem\u00e4\u00e4n-1-250x188.jpg 250w, https:\/\/karjalanhelmi.net\/karjalanhelmi\/wp-content\/uploads\/2019\/10\/Lumikenk\u00e4ilem\u00e4\u00e4n-1-333x250.jpg 333w, https:\/\/karjalanhelmi.net\/karjalanhelmi\/wp-content\/uploads\/2019\/10\/Lumikenk\u00e4ilem\u00e4\u00e4n-1-150x113.jpg 150w\" sizes=\"auto, (max-width: 1000px) 100vw, 1000px\" \/><\/figure>\n\n\n\n<figure class=\"wp-block-image\"><img loading=\"lazy\" decoding=\"async\" width=\"1000\" height=\"666\" data-id=\"853\" src=\"https:\/\/karjalanhelmi.net\/karjalanhelmi\/wp-content\/uploads\/2019\/10\/Kelkkailemaan-1.jpg\" alt=\"\" class=\"wp-image-853\" srcset=\"https:\/\/karjalanhelmi.net\/karjalanhelmi\/wp-content\/uploads\/2019\/10\/Kelkkailemaan-1.jpg 1000w, https:\/\/karjalanhelmi.net\/karjalanhelmi\/wp-content\/uploads\/2019\/10\/Kelkkailemaan-1-300x200.jpg 300w, https:\/\/karjalanhelmi.net\/karjalanhelmi\/wp-content\/uploads\/2019\/10\/Kelkkailemaan-1-768x511.jpg 768w, https:\/\/karjalanhelmi.net\/karjalanhelmi\/wp-content\/uploads\/2019\/10\/Kelkkailemaan-1-480x320.jpg 480w, https:\/\/karjalanhelmi.net\/karjalanhelmi\/wp-content\/uploads\/2019\/10\/Kelkkailemaan-1-721x480.jpg 721w, https:\/\/karjalanhelmi.net\/karjalanhelmi\/wp-content\/uploads\/2019\/10\/Kelkkailemaan-1-250x167.jpg 250w, https:\/\/karjalanhelmi.net\/karjalanhelmi\/wp-content\/uploads\/2019\/10\/Kelkkailemaan-1-375x250.jpg 375w, https:\/\/karjalanhelmi.net\/karjalanhelmi\/wp-content\/uploads\/2019\/10\/Kelkkailemaan-1-150x100.jpg 150w\" sizes=\"auto, (max-width: 1000px) 100vw, 1000px\" \/><\/figure>\n\n\n\n<figure class=\"wp-block-image\"><img loading=\"lazy\" decoding=\"async\" width=\"1000\" height=\"750\" data-id=\"857\" src=\"https:\/\/karjalanhelmi.net\/karjalanhelmi\/wp-content\/uploads\/2019\/10\/Luontopolulla-1.jpg\" alt=\"\" class=\"wp-image-857\" srcset=\"https:\/\/karjalanhelmi.net\/karjalanhelmi\/wp-content\/uploads\/2019\/10\/Luontopolulla-1.jpg 1000w, https:\/\/karjalanhelmi.net\/karjalanhelmi\/wp-content\/uploads\/2019\/10\/Luontopolulla-1-300x225.jpg 300w, https:\/\/karjalanhelmi.net\/karjalanhelmi\/wp-content\/uploads\/2019\/10\/Luontopolulla-1-768x576.jpg 768w, https:\/\/karjalanhelmi.net\/karjalanhelmi\/wp-content\/uploads\/2019\/10\/Luontopolulla-1-480x360.jpg 480w, https:\/\/karjalanhelmi.net\/karjalanhelmi\/wp-content\/uploads\/2019\/10\/Luontopolulla-1-640x480.jpg 640w, https:\/\/karjalanhelmi.net\/karjalanhelmi\/wp-content\/uploads\/2019\/10\/Luontopolulla-1-250x188.jpg 250w, https:\/\/karjalanhelmi.net\/karjalanhelmi\/wp-content\/uploads\/2019\/10\/Luontopolulla-1-333x250.jpg 333w, https:\/\/karjalanhelmi.net\/karjalanhelmi\/wp-content\/uploads\/2019\/10\/Luontopolulla-1-150x113.jpg 150w\" sizes=\"auto, (max-width: 1000px) 100vw, 1000px\" \/><\/figure>\n<\/figure>\n\n\n\n<p>Vier Jahreszeiten bieten vielseitige M\u00f6glichkeiten die Natur zu entdecken und zu genie\u00dfen sowie unterschiedliche Aktivit\u00e4ten zu unternehmen. Zum Sommer in einer H\u00fctte geh\u00f6rt in Finnland im Allgemeinen das Saunen und Schwimmen. Ruderausfl\u00fcge auf dem See oder Spazierg\u00e4nge im Wald sorgen f\u00fcr Entspannung. Ebenso k\u00f6nnen Sie auch auf \u00fcppige Beeren- oder Pilzvorkommen sto\u00dfen. F\u00fcr die Kinder gibt es auf dem Hof ansprechende Aktivit\u00e4ten, u.a. Trampolinspringen und Spielpl\u00e4tze. M\u00f6glicherweise trifft man im Hof auch auf zwei Katzen.<br> Direkt vor der T\u00fcr findet man hervorragende M\u00f6glichkeiten zum Angeln auf dem Orivesi-See. Sie k\u00f6nnen sich eine Angelrute ausleihen und sich selbst am Wurmangeln und Eislochangeln versuchen. Daf\u00fcr brauchen Sie keinen Angelschein.<br> Sie haben auch die M\u00f6glichkeit u.a. Fahrr\u00e4der, einen Elektroau\u00dfenbordmotor, Skier und Schlittschuhe zu mieten. Im Winter sorgen wir den Umst\u00e4nden entsprechend f\u00fcr Skiloipen und eine Eisfl\u00e4che zum Schlittschuhlaufen. Sie haben auch die M\u00f6glichkeit, \u00fcber uns an einer Motorschlittensafari teilzunehmen. <\/p>\n\n\n\n<p><strong>Zu vermiten: <br><\/strong>Grundangelger\u00e4te \u00a0            kostenlos<br>Ruderboot                            kostenlos<br>Fahrrad  \u00a0 \u00a0 \u00a0 \u00a0 \u00a0 \u00a0 \u00a0 \u00a0 \u00a0 \u00a0 \u00a0 \u00a0 \u00a0 \u00a0 \u00a0  kostenlos<br>Electric Aussenboardmotor\u00a0 30 eur\/Tag, 80 eur\/woche<br>Sup board\u00a0 \u00a0 \u00a0 \u00a0 \u00a0 \u00a0 \u00a0 \u00a0 \u00a0 \u00a0 \u00a0 \u00a0 \u00a0 \u00a020 eur\/4 Stunde, 30 eur\/Tag, 50 eur\/2 Tage<br>Kajak\/Kanu\u00a0 \u00a0 \u00a0 \u00a0 \u00a0 \u00a0 \u00a0 \u00a0 \u00a0 \u00a0 \u00a0 \u00a0  20 eur\/4 Stunde, 30 eur\/Tag, 50 eur\/2 Tage<br>Snowmobile\u00a0 \u00a0 \u00a0 \u00a0 \u00a0 \u00a0 \u00a0 \u00a0 \u00a0 \u00a0 \u00a0 195 eur\/Tag<br>Schneeschuhe\u00a0 \u00a0 \u00a0 \u00a0 \u00a0 \u00a0 \u00a0 \u00a0 \u00a0  \u00a0 20 eur\/3 Stunde, 35 eur\/Tag\u00a0 \u00a0  <br>Eisangeln Ausr\u00fcstung   \u00a0 \u00a0 35 eur\/Tag <br><\/p>\n\n\n\n<div class=\"wp-block-media-text alignwide has-media-on-the-right is-stacked-on-mobile\"><div class=\"wp-block-media-text__content\">\n<p>Naturlehrpfad:<br><a rel=\"noreferrer noopener\" aria-label=\" (avautuu uudessa v\u00e4lilehdess\u00e4)\" href=\"http:\/\/karjalanhelmi.net\/karjalanhelmi\/de\/naturlehrpfad\" target=\"_blank\">Karjalan Helmi<\/a><br><a rel=\"noreferrer noopener\" aria-label=\"Kiteen Er\u00e4- ja Riistapolku (avautuu uudessa v\u00e4lilehdess\u00e4)\" href=\"http:\/\/www.vaellus.info\/reittikartta.php?id=04100514222057EB\" target=\"_blank\">Kiteen Er\u00e4- ja Riistapolku<\/a><br><a href=\"https:\/\/www.nationalparks.fi\/kolinp\/trails\" target=\"_blank\" rel=\"noreferrer noopener\" aria-label=\" (avautuu uudessa v\u00e4lilehdess\u00e4)\">Koli<\/a><\/p>\n<\/div><figure class=\"wp-block-media-text__media\"><img loading=\"lazy\" decoding=\"async\" width=\"342\" height=\"239\" src=\"http:\/\/karjalanhelmi.net\/karjalanhelmi\/wp-content\/uploads\/2020\/01\/Luontopolkukartta-1.jpg\" alt=\"\" class=\"wp-image-987 size-full\" srcset=\"https:\/\/karjalanhelmi.net\/karjalanhelmi\/wp-content\/uploads\/2020\/01\/Luontopolkukartta-1.jpg 342w, https:\/\/karjalanhelmi.net\/karjalanhelmi\/wp-content\/uploads\/2020\/01\/Luontopolkukartta-1-300x210.jpg 300w, https:\/\/karjalanhelmi.net\/karjalanhelmi\/wp-content\/uploads\/2020\/01\/Luontopolkukartta-1-250x175.jpg 250w, https:\/\/karjalanhelmi.net\/karjalanhelmi\/wp-content\/uploads\/2020\/01\/Luontopolkukartta-1-150x105.jpg 150w\" sizes=\"auto, (max-width: 342px) 100vw, 342px\" \/><\/figure><\/div>\n","protected":false},"excerpt":{"rendered":"<p>Vier Jahreszeiten bieten vielseitige M\u00f6glichkeiten die Natur zu entdecken und zu genie\u00dfen sowie unterschiedliche Aktivit\u00e4ten zu unternehmen. Zum Sommer in einer H\u00fctte geh\u00f6rt in Finnland im Allgemeinen das Saunen und Schwimmen. Ruderausfl\u00fcge auf dem See oder Spazierg\u00e4nge im Wald sorgen f\u00fcr Entspannung. Ebenso k\u00f6nnen Sie auch auf \u00fcppige Beeren- oder Pilzvorkommen sto\u00dfen. F\u00fcr die Kinder &hellip; <\/p>\n<p class=\"link-more\"><a href=\"https:\/\/karjalanhelmi.net\/karjalanhelmi\/de\/aktivitaten\/\" class=\"more-link\"><span class=\"screen-reader-text\"> prova \"Aktivit\u00e4ten\"<\/span><\/a><\/p>\n","protected":false},"author":1,"featured_media":0,"parent":0,"menu_order":0,"comment_status":"closed","ping_status":"closed","template":"page-templates\/page-uppersidebar.php","meta":{"_monsterinsights_skip_tracking":false,"_monsterinsights_sitenote_active":false,"_monsterinsights_sitenote_note":"","_monsterinsights_sitenote_category":0,"footnotes":""},"class_list":["post-727","page","type-page","status-publish","hentry"],"_links":{"self":[{"href":"https:\/\/karjalanhelmi.net\/karjalanhelmi\/wp-json\/wp\/v2\/pages\/727","targetHints":{"allow":["GET"]}}],"collection":[{"href":"https:\/\/karjalanhelmi.net\/karjalanhelmi\/wp-json\/wp\/v2\/pages"}],"about":[{"href":"https:\/\/karjalanhelmi.net\/karjalanhelmi\/wp-json\/wp\/v2\/types\/page"}],"author":[{"embeddable":true,"href":"https:\/\/karjalanhelmi.net\/karjalanhelmi\/wp-json\/wp\/v2\/users\/1"}],"replies":[{"embeddable":true,"href":"https:\/\/karjalanhelmi.net\/karjalanhelmi\/wp-json\/wp\/v2\/comments?post=727"}],"version-history":[{"count":17,"href":"https:\/\/karjalanhelmi.net\/karjalanhelmi\/wp-json\/wp\/v2\/pages\/727\/revisions"}],"predecessor-version":[{"id":1341,"href":"https:\/\/karjalanhelmi.net\/karjalanhelmi\/wp-json\/wp\/v2\/pages\/727\/revisions\/1341"}],"wp:attachment":[{"href":"https:\/\/karjalanhelmi.net\/karjalanhelmi\/wp-json\/wp\/v2\/media?parent=727"}],"curies":[{"name":"wp","href":"https:\/\/api.w.org\/{rel}","templated":true}]}}