{"id":715,"date":"2019-04-17T20:43:59","date_gmt":"2019-04-17T17:43:59","guid":{"rendered":"http:\/\/karjalanhelmi.net\/karjalanhelmi\/?page_id=715"},"modified":"2026-03-25T19:33:59","modified_gmt":"2026-03-25T17:33:59","slug":"vollausgestattete-ferienhauser-und-wohnungen-im-nordkarelien","status":"publish","type":"page","link":"https:\/\/karjalanhelmi.net\/karjalanhelmi\/de\/vollausgestattete-ferienhauser-und-wohnungen-im-nordkarelien\/","title":{"rendered":"Ferienh\u00e4user am See in Nordkarelien, Finnland \u2013 Urlaub in Kitee am Saimaa-See"},"content":{"rendered":"\n<p>Erleben Sie echten finnischen H\u00fcttenurlaub in <strong>Kitee, Nordkarelien<\/strong>, direkt am <strong>Orivesi-See (Teil des Saimaa-Sees)<\/strong>.<br>Karjalan Helmi bietet gem\u00fctliche Ferienh\u00e4user und Apartments inmitten unber\u00fchrter Natur \u2013 ideal f\u00fcr Erholung, Naturerlebnisse und Aktivit\u00e4ten zu jeder Jahreszeit.<br><br><strong>+ Private Ferienh\u00e4user direkt am See mit traditioneller finnischer Sauna<br>+ Wundersch\u00f6ne Aussicht auf den Saimaa-See und die umliegenden W\u00e4lder<br>+ Familiengef\u00fchrte Unterkunft mit pers\u00f6nlichem Service<br>+ Ideale Lage zwischen Joensuu und Savonlinna<br>+ Geeignet f\u00fcr Paare, Familien und Gruppen<br>+ Ganzj\u00e4hrig ge\u00f6ffnet<\/strong><br><br>Suchen Sie ein Ferienhaus am See in Finnland mit Sauna?<\/p>\n\n\n\n<p>\ud83d\udc49 <strong>Buchen Sie Ihren Aufenthalt bei Karjalan Helmi und erleben Sie Natur, Ruhe und Freiheit.<\/strong><br><br><a href=\"https:\/\/karjalanhelmi.net\/karjalanhelmi\/wp-content\/uploads\/2023\/04\/Karjalan-Helmen-aluekartta.jpg\" target=\"_blank\" rel=\"noreferrer noopener\">Regionale Karte der Perle von Karelien<\/a><\/p>\n","protected":false},"excerpt":{"rendered":"<p>Erleben Sie echten finnischen H\u00fcttenurlaub in Kitee, Nordkarelien, direkt am Orivesi-See (Teil des Saimaa-Sees).Karjalan Helmi bietet gem\u00fctliche Ferienh\u00e4user und Apartments inmitten unber\u00fchrter Natur \u2013 ideal f\u00fcr Erholung, Naturerlebnisse und Aktivit\u00e4ten zu jeder Jahreszeit. + Private Ferienh\u00e4user direkt am See mit traditioneller finnischer Sauna+ Wundersch\u00f6ne Aussicht auf den Saimaa-See und die umliegenden W\u00e4lder+ Familiengef\u00fchrte Unterkunft mit &hellip; <\/p>\n<p class=\"link-more\"><a href=\"https:\/\/karjalanhelmi.net\/karjalanhelmi\/de\/vollausgestattete-ferienhauser-und-wohnungen-im-nordkarelien\/\" class=\"more-link\"><span class=\"screen-reader-text\"> prova \"Ferienh\u00e4user am See in Nordkarelien, Finnland \u2013 Urlaub in Kitee am Saimaa-See\"<\/span><\/a><\/p>\n","protected":false},"author":1,"featured_media":1279,"parent":0,"menu_order":0,"comment_status":"closed","ping_status":"closed","template":"page-templates\/page-homepage.php","meta":{"_monsterinsights_skip_tracking":false,"_monsterinsights_sitenote_active":false,"_monsterinsights_sitenote_note":"","_monsterinsights_sitenote_category":0,"footnotes":""},"class_list":["post-715","page","type-page","status-publish","has-post-thumbnail","hentry"],"_links":{"self":[{"href":"https:\/\/karjalanhelmi.net\/karjalanhelmi\/wp-json\/wp\/v2\/pages\/715","targetHints":{"allow":["GET"]}}],"collection":[{"href":"https:\/\/karjalanhelmi.net\/karjalanhelmi\/wp-json\/wp\/v2\/pages"}],"about":[{"href":"https:\/\/karjalanhelmi.net\/karjalanhelmi\/wp-json\/wp\/v2\/types\/page"}],"author":[{"embeddable":true,"href":"https:\/\/karjalanhelmi.net\/karjalanhelmi\/wp-json\/wp\/v2\/users\/1"}],"replies":[{"embeddable":true,"href":"https:\/\/karjalanhelmi.net\/karjalanhelmi\/wp-json\/wp\/v2\/comments?post=715"}],"version-history":[{"count":10,"href":"https:\/\/karjalanhelmi.net\/karjalanhelmi\/wp-json\/wp\/v2\/pages\/715\/revisions"}],"predecessor-version":[{"id":1677,"href":"https:\/\/karjalanhelmi.net\/karjalanhelmi\/wp-json\/wp\/v2\/pages\/715\/revisions\/1677"}],"wp:featuredmedia":[{"embeddable":true,"href":"https:\/\/karjalanhelmi.net\/karjalanhelmi\/wp-json\/wp\/v2\/media\/1279"}],"wp:attachment":[{"href":"https:\/\/karjalanhelmi.net\/karjalanhelmi\/wp-json\/wp\/v2\/media?parent=715"}],"curies":[{"name":"wp","href":"https:\/\/api.w.org\/{rel}","templated":true}]}}