{"id":606,"date":"2019-06-03T22:57:46","date_gmt":"2019-06-03T19:57:46","guid":{"rendered":"http:\/\/karjalanhelmi.net\/karjalanhelmi\/?page_id=606"},"modified":"2019-06-03T22:57:47","modified_gmt":"2019-06-03T19:57:47","slug":"evastekaytanto","status":"publish","type":"page","link":"https:\/\/karjalanhelmi.net\/karjalanhelmi\/evastekaytanto\/","title":{"rendered":"Ev\u00e4stek\u00e4yt\u00e4nt\u00f6"},"content":{"rendered":"\n<p>K\u00e4yt\u00e4mme ev\u00e4steit\u00e4 sivujemme k\u00e4ytt\u00e4j\u00e4kokemuksen parantamiseksi ja sivujen k\u00e4vij\u00e4m\u00e4\u00e4r\u00e4n seurantaan. Emme pysty tunnistamaan ev\u00e4steist\u00e4 satunnaista sivuilla vierailijaa. <br>Jos sivuilla vierailija tekee sivuiltamme varauksen tai ottaa yhteytt\u00e4 sivuilla olevien yhteystietokanavien kautta, niin silloin meille j\u00e4\u00e4 h\u00e4nen antamansa tiedot esim. nimi, osoite, puh.nro, s\u00e4hk\u00f6posti. Tietoja k\u00e4ytet\u00e4\u00e4n mahdollisen varauksen k\u00e4sittelyyn ja yll\u00e4pitoon. Tietoja s\u00e4ilytet\u00e4\u00e4n luottamuksellisesti ja vain tarpeellisen ajan.<br>Sivuillamme on linkkej\u00e4 ja yhteyksi\u00e4 kolmansien osapuolien verkkosivuihin sek\u00e4 yhteis\u00f6palveluihin. N\u00e4iss\u00e4 kolmannen osapuolen palveluissa tai sovelluksissa k\u00e4ytet\u00e4\u00e4n n\u00e4iden omia k\u00e4ytt\u00f6- ja muitaehtoja.<\/p>\n","protected":false},"excerpt":{"rendered":"<p>K\u00e4yt\u00e4mme ev\u00e4steit\u00e4 sivujemme k\u00e4ytt\u00e4j\u00e4kokemuksen parantamiseksi ja sivujen k\u00e4vij\u00e4m\u00e4\u00e4r\u00e4n seurantaan. Emme pysty tunnistamaan ev\u00e4steist\u00e4 satunnaista sivuilla vierailijaa. Jos sivuilla vierailija tekee sivuiltamme varauksen tai ottaa yhteytt\u00e4 sivuilla olevien yhteystietokanavien kautta, niin silloin meille j\u00e4\u00e4 h\u00e4nen antamansa tiedot esim. nimi, osoite, puh.nro, s\u00e4hk\u00f6posti. Tietoja k\u00e4ytet\u00e4\u00e4n mahdollisen varauksen k\u00e4sittelyyn ja yll\u00e4pitoon. Tietoja s\u00e4ilytet\u00e4\u00e4n luottamuksellisesti ja vain tarpeellisen ajan.Sivuillamme &hellip; <\/p>\n<p class=\"link-more\"><a href=\"https:\/\/karjalanhelmi.net\/karjalanhelmi\/evastekaytanto\/\" class=\"more-link\"><span class=\"screen-reader-text\"> prova \"Ev\u00e4stek\u00e4yt\u00e4nt\u00f6\"<\/span><\/a><\/p>\n","protected":false},"author":1,"featured_media":0,"parent":0,"menu_order":0,"comment_status":"closed","ping_status":"closed","template":"","meta":{"_monsterinsights_skip_tracking":false,"_monsterinsights_sitenote_active":false,"_monsterinsights_sitenote_note":"","_monsterinsights_sitenote_category":0,"footnotes":""},"class_list":["post-606","page","type-page","status-publish","hentry"],"_links":{"self":[{"href":"https:\/\/karjalanhelmi.net\/karjalanhelmi\/wp-json\/wp\/v2\/pages\/606","targetHints":{"allow":["GET"]}}],"collection":[{"href":"https:\/\/karjalanhelmi.net\/karjalanhelmi\/wp-json\/wp\/v2\/pages"}],"about":[{"href":"https:\/\/karjalanhelmi.net\/karjalanhelmi\/wp-json\/wp\/v2\/types\/page"}],"author":[{"embeddable":true,"href":"https:\/\/karjalanhelmi.net\/karjalanhelmi\/wp-json\/wp\/v2\/users\/1"}],"replies":[{"embeddable":true,"href":"https:\/\/karjalanhelmi.net\/karjalanhelmi\/wp-json\/wp\/v2\/comments?post=606"}],"version-history":[{"count":1,"href":"https:\/\/karjalanhelmi.net\/karjalanhelmi\/wp-json\/wp\/v2\/pages\/606\/revisions"}],"predecessor-version":[{"id":607,"href":"https:\/\/karjalanhelmi.net\/karjalanhelmi\/wp-json\/wp\/v2\/pages\/606\/revisions\/607"}],"wp:attachment":[{"href":"https:\/\/karjalanhelmi.net\/karjalanhelmi\/wp-json\/wp\/v2\/media?parent=606"}],"curies":[{"name":"wp","href":"https:\/\/api.w.org\/{rel}","templated":true}]}}