{"id":358,"date":"2019-04-20T17:17:37","date_gmt":"2019-04-20T14:17:37","guid":{"rendered":"http:\/\/karjalanhelmi.net\/karjalanhelmi\/?page_id=358"},"modified":"2023-04-10T14:03:23","modified_gmt":"2023-04-10T11:03:23","slug":"local-food","status":"publish","type":"page","link":"https:\/\/karjalanhelmi.net\/karjalanhelmi\/en\/local-food\/","title":{"rendered":"Local food"},"content":{"rendered":"<p><strong>Karjalan Helmi offer local traditional Karelian food for groups on order.<\/strong><br \/>\n<strong>We recommend these restaurants and caf\u00e9s for individual travellers nearby.<\/strong><\/p>\n<p><strong>LOCAL FOOD<\/strong><br \/>\n\u2013 Kiteenhovi \u2013 traditional Karelian food\u00a0 \u00a0 (Kitee centre 15 km)<br \/>\n\u2013\u00a0Pajarinhovi \u2013\u00a0 buffet, pizzas and hamburgers\u00a0 (Puhos 14 km)<br \/>\n\u2013 Pivanka\u00a0 \u2013 lunch\u00a0 (Kes\u00e4lahti centre 30 km)<br \/>\n-\u00a0 Kotipirtti - lunch (Tohmaj\u00e4rvi 36 km)<\/p>\n<p><strong>CAF\u00c9S AND LUNCH CAF\u00c9S<\/strong><br \/>\n\u2013 Caf\u00e9 Wilhelmiina\u00a0\u00a0\u00a0 (Kitee centre 15 km)<br \/>\n\u2013 Kitee\u00a0homebakery\u00a0 (Kitee centre 15 km)<br \/>\n\u2013 Herkkuvasu\u00a0 \u00a0 \u00a0 \u00a0 \u00a0 \u00a0 \u00a0 \u00a0(Kitee centre 15 km)<br \/>\n\u2013 Unipulla\u00a0 \u00a0 \u00a0 \u00a0 \u00a0 (Koivikko 8 km)<br \/>\n\u2013 Sovintola\u00a0 \u2013 summer caf\u00e9\u00a0\u00a0\u00a0\u00a0(Kes\u00e4lahti 30 km)<br \/>\n\u2013 Paksuniemi \u2013 summer caf\u00e9 (R\u00e4\u00e4kkyl\u00e4 46 km)<\/p>\n","protected":false},"excerpt":{"rendered":"<p>Karjalan Helmi offer local traditional Karelian food for groups on order. We recommend these restaurants and caf\u00e9s for individual travellers nearby. LOCAL FOOD \u2013 Kiteenhovi \u2013 traditional Karelian food\u00a0 \u00a0 (Kitee centre 15 km) \u2013\u00a0Pajarinhovi \u2013\u00a0 buffet, pizzas and hamburgers\u00a0 (Puhos 14 km) \u2013 Pivanka\u00a0 \u2013 lunch\u00a0 (Kes\u00e4lahti centre 30 km) -\u00a0 Kotipirtti - lunch &hellip; <\/p>\n<p class=\"link-more\"><a href=\"https:\/\/karjalanhelmi.net\/karjalanhelmi\/en\/local-food\/\" class=\"more-link\"><span class=\"screen-reader-text\"> prova \"Local food\"<\/span><\/a><\/p>\n","protected":false},"author":1,"featured_media":0,"parent":0,"menu_order":0,"comment_status":"closed","ping_status":"closed","template":"page-templates\/page-uppersidebar.php","meta":{"_monsterinsights_skip_tracking":false,"_monsterinsights_sitenote_active":false,"_monsterinsights_sitenote_note":"","_monsterinsights_sitenote_category":0,"footnotes":""},"class_list":["post-358","page","type-page","status-publish","hentry"],"_links":{"self":[{"href":"https:\/\/karjalanhelmi.net\/karjalanhelmi\/wp-json\/wp\/v2\/pages\/358","targetHints":{"allow":["GET"]}}],"collection":[{"href":"https:\/\/karjalanhelmi.net\/karjalanhelmi\/wp-json\/wp\/v2\/pages"}],"about":[{"href":"https:\/\/karjalanhelmi.net\/karjalanhelmi\/wp-json\/wp\/v2\/types\/page"}],"author":[{"embeddable":true,"href":"https:\/\/karjalanhelmi.net\/karjalanhelmi\/wp-json\/wp\/v2\/users\/1"}],"replies":[{"embeddable":true,"href":"https:\/\/karjalanhelmi.net\/karjalanhelmi\/wp-json\/wp\/v2\/comments?post=358"}],"version-history":[{"count":5,"href":"https:\/\/karjalanhelmi.net\/karjalanhelmi\/wp-json\/wp\/v2\/pages\/358\/revisions"}],"predecessor-version":[{"id":1295,"href":"https:\/\/karjalanhelmi.net\/karjalanhelmi\/wp-json\/wp\/v2\/pages\/358\/revisions\/1295"}],"wp:attachment":[{"href":"https:\/\/karjalanhelmi.net\/karjalanhelmi\/wp-json\/wp\/v2\/media?parent=358"}],"curies":[{"name":"wp","href":"https:\/\/api.w.org\/{rel}","templated":true}]}}