{"id":352,"date":"2019-04-20T16:47:15","date_gmt":"2019-04-20T13:47:15","guid":{"rendered":"http:\/\/karjalanhelmi.net\/karjalanhelmi\/?page_id=352"},"modified":"2023-06-20T17:31:59","modified_gmt":"2023-06-20T14:31:59","slug":"activities","status":"publish","type":"page","link":"https:\/\/karjalanhelmi.net\/karjalanhelmi\/en\/activities\/","title":{"rendered":"Activities"},"content":{"rendered":"\n<figure class=\"wp-block-gallery has-nested-images columns-default is-cropped wp-block-gallery-1 is-layout-flex wp-block-gallery-is-layout-flex\">\n<figure class=\"wp-block-image size-large\"><img loading=\"lazy\" decoding=\"async\" width=\"800\" height=\"600\" data-id=\"837\" src=\"http:\/\/karjalanhelmi.net\/karjalanhelmi\/wp-content\/uploads\/2019\/10\/Melontaa.jpg\" alt=\"\" class=\"wp-image-837\" srcset=\"https:\/\/karjalanhelmi.net\/karjalanhelmi\/wp-content\/uploads\/2019\/10\/Melontaa.jpg 800w, https:\/\/karjalanhelmi.net\/karjalanhelmi\/wp-content\/uploads\/2019\/10\/Melontaa-300x225.jpg 300w, https:\/\/karjalanhelmi.net\/karjalanhelmi\/wp-content\/uploads\/2019\/10\/Melontaa-768x576.jpg 768w, https:\/\/karjalanhelmi.net\/karjalanhelmi\/wp-content\/uploads\/2019\/10\/Melontaa-480x360.jpg 480w, https:\/\/karjalanhelmi.net\/karjalanhelmi\/wp-content\/uploads\/2019\/10\/Melontaa-640x480.jpg 640w, https:\/\/karjalanhelmi.net\/karjalanhelmi\/wp-content\/uploads\/2019\/10\/Melontaa-250x188.jpg 250w, https:\/\/karjalanhelmi.net\/karjalanhelmi\/wp-content\/uploads\/2019\/10\/Melontaa-333x250.jpg 333w, https:\/\/karjalanhelmi.net\/karjalanhelmi\/wp-content\/uploads\/2019\/10\/Melontaa-150x113.jpg 150w\" sizes=\"auto, (max-width: 800px) 100vw, 800px\" \/><\/figure>\n\n\n\n<figure class=\"wp-block-image size-large\"><img loading=\"lazy\" decoding=\"async\" width=\"1000\" height=\"750\" data-id=\"842\" src=\"http:\/\/karjalanhelmi.net\/karjalanhelmi\/wp-content\/uploads\/2019\/10\/Soutelemaan.jpg\" alt=\"\" class=\"wp-image-842\" srcset=\"https:\/\/karjalanhelmi.net\/karjalanhelmi\/wp-content\/uploads\/2019\/10\/Soutelemaan.jpg 1000w, https:\/\/karjalanhelmi.net\/karjalanhelmi\/wp-content\/uploads\/2019\/10\/Soutelemaan-300x225.jpg 300w, https:\/\/karjalanhelmi.net\/karjalanhelmi\/wp-content\/uploads\/2019\/10\/Soutelemaan-768x576.jpg 768w, https:\/\/karjalanhelmi.net\/karjalanhelmi\/wp-content\/uploads\/2019\/10\/Soutelemaan-480x360.jpg 480w, https:\/\/karjalanhelmi.net\/karjalanhelmi\/wp-content\/uploads\/2019\/10\/Soutelemaan-640x480.jpg 640w, https:\/\/karjalanhelmi.net\/karjalanhelmi\/wp-content\/uploads\/2019\/10\/Soutelemaan-250x188.jpg 250w, https:\/\/karjalanhelmi.net\/karjalanhelmi\/wp-content\/uploads\/2019\/10\/Soutelemaan-333x250.jpg 333w, https:\/\/karjalanhelmi.net\/karjalanhelmi\/wp-content\/uploads\/2019\/10\/Soutelemaan-150x113.jpg 150w\" sizes=\"auto, (max-width: 1000px) 100vw, 1000px\" \/><\/figure>\n\n\n\n<figure class=\"wp-block-image size-large\"><img loading=\"lazy\" decoding=\"async\" width=\"1000\" height=\"666\" data-id=\"839\" src=\"http:\/\/karjalanhelmi.net\/karjalanhelmi\/wp-content\/uploads\/2019\/10\/Ongella.jpg\" alt=\"\" class=\"wp-image-839\" srcset=\"https:\/\/karjalanhelmi.net\/karjalanhelmi\/wp-content\/uploads\/2019\/10\/Ongella.jpg 1000w, https:\/\/karjalanhelmi.net\/karjalanhelmi\/wp-content\/uploads\/2019\/10\/Ongella-300x200.jpg 300w, https:\/\/karjalanhelmi.net\/karjalanhelmi\/wp-content\/uploads\/2019\/10\/Ongella-768x511.jpg 768w, https:\/\/karjalanhelmi.net\/karjalanhelmi\/wp-content\/uploads\/2019\/10\/Ongella-480x320.jpg 480w, https:\/\/karjalanhelmi.net\/karjalanhelmi\/wp-content\/uploads\/2019\/10\/Ongella-721x480.jpg 721w, https:\/\/karjalanhelmi.net\/karjalanhelmi\/wp-content\/uploads\/2019\/10\/Ongella-250x167.jpg 250w, https:\/\/karjalanhelmi.net\/karjalanhelmi\/wp-content\/uploads\/2019\/10\/Ongella-375x250.jpg 375w, https:\/\/karjalanhelmi.net\/karjalanhelmi\/wp-content\/uploads\/2019\/10\/Ongella-150x100.jpg 150w\" sizes=\"auto, (max-width: 1000px) 100vw, 1000px\" \/><\/figure>\n\n\n\n<figure class=\"wp-block-image size-large\"><img loading=\"lazy\" decoding=\"async\" width=\"1000\" height=\"750\" data-id=\"833\" src=\"http:\/\/karjalanhelmi.net\/karjalanhelmi\/wp-content\/uploads\/2019\/10\/Kire\u00e4t-siimat.jpg\" alt=\"\" class=\"wp-image-833\" srcset=\"https:\/\/karjalanhelmi.net\/karjalanhelmi\/wp-content\/uploads\/2019\/10\/Kire\u00e4t-siimat.jpg 1000w, https:\/\/karjalanhelmi.net\/karjalanhelmi\/wp-content\/uploads\/2019\/10\/Kire\u00e4t-siimat-300x225.jpg 300w, https:\/\/karjalanhelmi.net\/karjalanhelmi\/wp-content\/uploads\/2019\/10\/Kire\u00e4t-siimat-768x576.jpg 768w, https:\/\/karjalanhelmi.net\/karjalanhelmi\/wp-content\/uploads\/2019\/10\/Kire\u00e4t-siimat-480x360.jpg 480w, https:\/\/karjalanhelmi.net\/karjalanhelmi\/wp-content\/uploads\/2019\/10\/Kire\u00e4t-siimat-640x480.jpg 640w, https:\/\/karjalanhelmi.net\/karjalanhelmi\/wp-content\/uploads\/2019\/10\/Kire\u00e4t-siimat-250x188.jpg 250w, https:\/\/karjalanhelmi.net\/karjalanhelmi\/wp-content\/uploads\/2019\/10\/Kire\u00e4t-siimat-333x250.jpg 333w, https:\/\/karjalanhelmi.net\/karjalanhelmi\/wp-content\/uploads\/2019\/10\/Kire\u00e4t-siimat-150x113.jpg 150w\" sizes=\"auto, (max-width: 1000px) 100vw, 1000px\" \/><\/figure>\n\n\n\n<figure class=\"wp-block-image size-large\"><img loading=\"lazy\" decoding=\"async\" width=\"1000\" height=\"562\" data-id=\"830\" src=\"http:\/\/karjalanhelmi.net\/karjalanhelmi\/wp-content\/uploads\/2019\/10\/J\u00e4rvelle.jpg\" alt=\"\" class=\"wp-image-830\" srcset=\"https:\/\/karjalanhelmi.net\/karjalanhelmi\/wp-content\/uploads\/2019\/10\/J\u00e4rvelle.jpg 1000w, https:\/\/karjalanhelmi.net\/karjalanhelmi\/wp-content\/uploads\/2019\/10\/J\u00e4rvelle-300x169.jpg 300w, https:\/\/karjalanhelmi.net\/karjalanhelmi\/wp-content\/uploads\/2019\/10\/J\u00e4rvelle-768x432.jpg 768w, https:\/\/karjalanhelmi.net\/karjalanhelmi\/wp-content\/uploads\/2019\/10\/J\u00e4rvelle-480x270.jpg 480w, https:\/\/karjalanhelmi.net\/karjalanhelmi\/wp-content\/uploads\/2019\/10\/J\u00e4rvelle-854x480.jpg 854w, https:\/\/karjalanhelmi.net\/karjalanhelmi\/wp-content\/uploads\/2019\/10\/J\u00e4rvelle-250x141.jpg 250w, https:\/\/karjalanhelmi.net\/karjalanhelmi\/wp-content\/uploads\/2019\/10\/J\u00e4rvelle-445x250.jpg 445w, https:\/\/karjalanhelmi.net\/karjalanhelmi\/wp-content\/uploads\/2019\/10\/J\u00e4rvelle-150x84.jpg 150w\" sizes=\"auto, (max-width: 1000px) 100vw, 1000px\" \/><\/figure>\n\n\n\n<figure class=\"wp-block-image size-large\"><img loading=\"lazy\" decoding=\"async\" width=\"1000\" height=\"666\" data-id=\"831\" src=\"http:\/\/karjalanhelmi.net\/karjalanhelmi\/wp-content\/uploads\/2019\/10\/Kalassa.jpg\" alt=\"\" class=\"wp-image-831\" srcset=\"https:\/\/karjalanhelmi.net\/karjalanhelmi\/wp-content\/uploads\/2019\/10\/Kalassa.jpg 1000w, https:\/\/karjalanhelmi.net\/karjalanhelmi\/wp-content\/uploads\/2019\/10\/Kalassa-300x200.jpg 300w, https:\/\/karjalanhelmi.net\/karjalanhelmi\/wp-content\/uploads\/2019\/10\/Kalassa-768x511.jpg 768w, https:\/\/karjalanhelmi.net\/karjalanhelmi\/wp-content\/uploads\/2019\/10\/Kalassa-480x320.jpg 480w, https:\/\/karjalanhelmi.net\/karjalanhelmi\/wp-content\/uploads\/2019\/10\/Kalassa-721x480.jpg 721w, https:\/\/karjalanhelmi.net\/karjalanhelmi\/wp-content\/uploads\/2019\/10\/Kalassa-250x167.jpg 250w, https:\/\/karjalanhelmi.net\/karjalanhelmi\/wp-content\/uploads\/2019\/10\/Kalassa-375x250.jpg 375w, https:\/\/karjalanhelmi.net\/karjalanhelmi\/wp-content\/uploads\/2019\/10\/Kalassa-150x100.jpg 150w\" sizes=\"auto, (max-width: 1000px) 100vw, 1000px\" \/><\/figure>\n\n\n\n<figure class=\"wp-block-image size-large\"><img loading=\"lazy\" decoding=\"async\" width=\"1000\" height=\"666\" data-id=\"829\" src=\"http:\/\/karjalanhelmi.net\/karjalanhelmi\/wp-content\/uploads\/2019\/10\/Istahda-hetkeksi.jpg\" alt=\"\" class=\"wp-image-829\" srcset=\"https:\/\/karjalanhelmi.net\/karjalanhelmi\/wp-content\/uploads\/2019\/10\/Istahda-hetkeksi.jpg 1000w, https:\/\/karjalanhelmi.net\/karjalanhelmi\/wp-content\/uploads\/2019\/10\/Istahda-hetkeksi-300x200.jpg 300w, https:\/\/karjalanhelmi.net\/karjalanhelmi\/wp-content\/uploads\/2019\/10\/Istahda-hetkeksi-768x511.jpg 768w, https:\/\/karjalanhelmi.net\/karjalanhelmi\/wp-content\/uploads\/2019\/10\/Istahda-hetkeksi-480x320.jpg 480w, https:\/\/karjalanhelmi.net\/karjalanhelmi\/wp-content\/uploads\/2019\/10\/Istahda-hetkeksi-721x480.jpg 721w, https:\/\/karjalanhelmi.net\/karjalanhelmi\/wp-content\/uploads\/2019\/10\/Istahda-hetkeksi-250x167.jpg 250w, https:\/\/karjalanhelmi.net\/karjalanhelmi\/wp-content\/uploads\/2019\/10\/Istahda-hetkeksi-375x250.jpg 375w, https:\/\/karjalanhelmi.net\/karjalanhelmi\/wp-content\/uploads\/2019\/10\/Istahda-hetkeksi-150x100.jpg 150w\" sizes=\"auto, (max-width: 1000px) 100vw, 1000px\" \/><\/figure>\n\n\n\n<figure class=\"wp-block-image size-large\"><img loading=\"lazy\" decoding=\"async\" width=\"1000\" height=\"666\" data-id=\"838\" src=\"http:\/\/karjalanhelmi.net\/karjalanhelmi\/wp-content\/uploads\/2019\/10\/Nuotiolla.jpg\" alt=\"\" class=\"wp-image-838\" srcset=\"https:\/\/karjalanhelmi.net\/karjalanhelmi\/wp-content\/uploads\/2019\/10\/Nuotiolla.jpg 1000w, https:\/\/karjalanhelmi.net\/karjalanhelmi\/wp-content\/uploads\/2019\/10\/Nuotiolla-300x200.jpg 300w, https:\/\/karjalanhelmi.net\/karjalanhelmi\/wp-content\/uploads\/2019\/10\/Nuotiolla-768x511.jpg 768w, https:\/\/karjalanhelmi.net\/karjalanhelmi\/wp-content\/uploads\/2019\/10\/Nuotiolla-480x320.jpg 480w, https:\/\/karjalanhelmi.net\/karjalanhelmi\/wp-content\/uploads\/2019\/10\/Nuotiolla-721x480.jpg 721w, https:\/\/karjalanhelmi.net\/karjalanhelmi\/wp-content\/uploads\/2019\/10\/Nuotiolla-250x167.jpg 250w, https:\/\/karjalanhelmi.net\/karjalanhelmi\/wp-content\/uploads\/2019\/10\/Nuotiolla-375x250.jpg 375w, https:\/\/karjalanhelmi.net\/karjalanhelmi\/wp-content\/uploads\/2019\/10\/Nuotiolla-150x100.jpg 150w\" sizes=\"auto, (max-width: 1000px) 100vw, 1000px\" \/><\/figure>\n\n\n\n<figure class=\"wp-block-image size-large\"><img loading=\"lazy\" decoding=\"async\" width=\"1000\" height=\"750\" data-id=\"843\" src=\"http:\/\/karjalanhelmi.net\/karjalanhelmi\/wp-content\/uploads\/2019\/10\/Hiiht\u00e4m\u00e4ss\u00e4.jpg\" alt=\"\" class=\"wp-image-843\" srcset=\"https:\/\/karjalanhelmi.net\/karjalanhelmi\/wp-content\/uploads\/2019\/10\/Hiiht\u00e4m\u00e4ss\u00e4.jpg 1000w, https:\/\/karjalanhelmi.net\/karjalanhelmi\/wp-content\/uploads\/2019\/10\/Hiiht\u00e4m\u00e4ss\u00e4-300x225.jpg 300w, https:\/\/karjalanhelmi.net\/karjalanhelmi\/wp-content\/uploads\/2019\/10\/Hiiht\u00e4m\u00e4ss\u00e4-768x576.jpg 768w, https:\/\/karjalanhelmi.net\/karjalanhelmi\/wp-content\/uploads\/2019\/10\/Hiiht\u00e4m\u00e4ss\u00e4-480x360.jpg 480w, https:\/\/karjalanhelmi.net\/karjalanhelmi\/wp-content\/uploads\/2019\/10\/Hiiht\u00e4m\u00e4ss\u00e4-640x480.jpg 640w, https:\/\/karjalanhelmi.net\/karjalanhelmi\/wp-content\/uploads\/2019\/10\/Hiiht\u00e4m\u00e4ss\u00e4-250x188.jpg 250w, https:\/\/karjalanhelmi.net\/karjalanhelmi\/wp-content\/uploads\/2019\/10\/Hiiht\u00e4m\u00e4ss\u00e4-333x250.jpg 333w, https:\/\/karjalanhelmi.net\/karjalanhelmi\/wp-content\/uploads\/2019\/10\/Hiiht\u00e4m\u00e4ss\u00e4-150x113.jpg 150w\" sizes=\"auto, (max-width: 1000px) 100vw, 1000px\" \/><\/figure>\n\n\n\n<figure class=\"wp-block-image size-large\"><img loading=\"lazy\" decoding=\"async\" width=\"1000\" height=\"750\" data-id=\"840\" src=\"http:\/\/karjalanhelmi.net\/karjalanhelmi\/wp-content\/uploads\/2019\/10\/Pilkill\u00e4.jpg\" alt=\"\" class=\"wp-image-840\" srcset=\"https:\/\/karjalanhelmi.net\/karjalanhelmi\/wp-content\/uploads\/2019\/10\/Pilkill\u00e4.jpg 1000w, https:\/\/karjalanhelmi.net\/karjalanhelmi\/wp-content\/uploads\/2019\/10\/Pilkill\u00e4-300x225.jpg 300w, https:\/\/karjalanhelmi.net\/karjalanhelmi\/wp-content\/uploads\/2019\/10\/Pilkill\u00e4-768x576.jpg 768w, https:\/\/karjalanhelmi.net\/karjalanhelmi\/wp-content\/uploads\/2019\/10\/Pilkill\u00e4-480x360.jpg 480w, https:\/\/karjalanhelmi.net\/karjalanhelmi\/wp-content\/uploads\/2019\/10\/Pilkill\u00e4-640x480.jpg 640w, https:\/\/karjalanhelmi.net\/karjalanhelmi\/wp-content\/uploads\/2019\/10\/Pilkill\u00e4-250x188.jpg 250w, https:\/\/karjalanhelmi.net\/karjalanhelmi\/wp-content\/uploads\/2019\/10\/Pilkill\u00e4-333x250.jpg 333w, https:\/\/karjalanhelmi.net\/karjalanhelmi\/wp-content\/uploads\/2019\/10\/Pilkill\u00e4-150x113.jpg 150w\" sizes=\"auto, (max-width: 1000px) 100vw, 1000px\" \/><\/figure>\n\n\n\n<figure class=\"wp-block-image size-large\"><img loading=\"lazy\" decoding=\"async\" width=\"1000\" height=\"750\" data-id=\"834\" src=\"http:\/\/karjalanhelmi.net\/karjalanhelmi\/wp-content\/uploads\/2019\/10\/Luistelemaan.jpg\" alt=\"\" class=\"wp-image-834\" srcset=\"https:\/\/karjalanhelmi.net\/karjalanhelmi\/wp-content\/uploads\/2019\/10\/Luistelemaan.jpg 1000w, https:\/\/karjalanhelmi.net\/karjalanhelmi\/wp-content\/uploads\/2019\/10\/Luistelemaan-300x225.jpg 300w, https:\/\/karjalanhelmi.net\/karjalanhelmi\/wp-content\/uploads\/2019\/10\/Luistelemaan-768x576.jpg 768w, https:\/\/karjalanhelmi.net\/karjalanhelmi\/wp-content\/uploads\/2019\/10\/Luistelemaan-480x360.jpg 480w, https:\/\/karjalanhelmi.net\/karjalanhelmi\/wp-content\/uploads\/2019\/10\/Luistelemaan-640x480.jpg 640w, https:\/\/karjalanhelmi.net\/karjalanhelmi\/wp-content\/uploads\/2019\/10\/Luistelemaan-250x188.jpg 250w, https:\/\/karjalanhelmi.net\/karjalanhelmi\/wp-content\/uploads\/2019\/10\/Luistelemaan-333x250.jpg 333w, https:\/\/karjalanhelmi.net\/karjalanhelmi\/wp-content\/uploads\/2019\/10\/Luistelemaan-150x113.jpg 150w\" sizes=\"auto, (max-width: 1000px) 100vw, 1000px\" \/><\/figure>\n\n\n\n<figure class=\"wp-block-image size-large\"><img loading=\"lazy\" decoding=\"async\" width=\"1000\" height=\"750\" data-id=\"835\" src=\"http:\/\/karjalanhelmi.net\/karjalanhelmi\/wp-content\/uploads\/2019\/10\/Lumikenk\u00e4ilem\u00e4\u00e4n.jpg\" alt=\"\" class=\"wp-image-835\" srcset=\"https:\/\/karjalanhelmi.net\/karjalanhelmi\/wp-content\/uploads\/2019\/10\/Lumikenk\u00e4ilem\u00e4\u00e4n.jpg 1000w, https:\/\/karjalanhelmi.net\/karjalanhelmi\/wp-content\/uploads\/2019\/10\/Lumikenk\u00e4ilem\u00e4\u00e4n-300x225.jpg 300w, https:\/\/karjalanhelmi.net\/karjalanhelmi\/wp-content\/uploads\/2019\/10\/Lumikenk\u00e4ilem\u00e4\u00e4n-768x576.jpg 768w, https:\/\/karjalanhelmi.net\/karjalanhelmi\/wp-content\/uploads\/2019\/10\/Lumikenk\u00e4ilem\u00e4\u00e4n-480x360.jpg 480w, https:\/\/karjalanhelmi.net\/karjalanhelmi\/wp-content\/uploads\/2019\/10\/Lumikenk\u00e4ilem\u00e4\u00e4n-640x480.jpg 640w, https:\/\/karjalanhelmi.net\/karjalanhelmi\/wp-content\/uploads\/2019\/10\/Lumikenk\u00e4ilem\u00e4\u00e4n-250x188.jpg 250w, https:\/\/karjalanhelmi.net\/karjalanhelmi\/wp-content\/uploads\/2019\/10\/Lumikenk\u00e4ilem\u00e4\u00e4n-333x250.jpg 333w, https:\/\/karjalanhelmi.net\/karjalanhelmi\/wp-content\/uploads\/2019\/10\/Lumikenk\u00e4ilem\u00e4\u00e4n-150x113.jpg 150w\" sizes=\"auto, (max-width: 1000px) 100vw, 1000px\" \/><\/figure>\n\n\n\n<figure class=\"wp-block-image size-large\"><img loading=\"lazy\" decoding=\"async\" width=\"1000\" height=\"666\" data-id=\"832\" src=\"http:\/\/karjalanhelmi.net\/karjalanhelmi\/wp-content\/uploads\/2019\/10\/Kelkkailemaan.jpg\" alt=\"\" class=\"wp-image-832\" srcset=\"https:\/\/karjalanhelmi.net\/karjalanhelmi\/wp-content\/uploads\/2019\/10\/Kelkkailemaan.jpg 1000w, https:\/\/karjalanhelmi.net\/karjalanhelmi\/wp-content\/uploads\/2019\/10\/Kelkkailemaan-300x200.jpg 300w, https:\/\/karjalanhelmi.net\/karjalanhelmi\/wp-content\/uploads\/2019\/10\/Kelkkailemaan-768x511.jpg 768w, https:\/\/karjalanhelmi.net\/karjalanhelmi\/wp-content\/uploads\/2019\/10\/Kelkkailemaan-480x320.jpg 480w, https:\/\/karjalanhelmi.net\/karjalanhelmi\/wp-content\/uploads\/2019\/10\/Kelkkailemaan-721x480.jpg 721w, https:\/\/karjalanhelmi.net\/karjalanhelmi\/wp-content\/uploads\/2019\/10\/Kelkkailemaan-250x167.jpg 250w, https:\/\/karjalanhelmi.net\/karjalanhelmi\/wp-content\/uploads\/2019\/10\/Kelkkailemaan-375x250.jpg 375w, https:\/\/karjalanhelmi.net\/karjalanhelmi\/wp-content\/uploads\/2019\/10\/Kelkkailemaan-150x100.jpg 150w\" sizes=\"auto, (max-width: 1000px) 100vw, 1000px\" \/><\/figure>\n\n\n\n<figure class=\"wp-block-image size-large\"><img loading=\"lazy\" decoding=\"async\" width=\"1000\" height=\"750\" data-id=\"836\" src=\"http:\/\/karjalanhelmi.net\/karjalanhelmi\/wp-content\/uploads\/2019\/10\/Luontopolulla.jpg\" alt=\"\" class=\"wp-image-836\" srcset=\"https:\/\/karjalanhelmi.net\/karjalanhelmi\/wp-content\/uploads\/2019\/10\/Luontopolulla.jpg 1000w, https:\/\/karjalanhelmi.net\/karjalanhelmi\/wp-content\/uploads\/2019\/10\/Luontopolulla-300x225.jpg 300w, https:\/\/karjalanhelmi.net\/karjalanhelmi\/wp-content\/uploads\/2019\/10\/Luontopolulla-768x576.jpg 768w, https:\/\/karjalanhelmi.net\/karjalanhelmi\/wp-content\/uploads\/2019\/10\/Luontopolulla-480x360.jpg 480w, https:\/\/karjalanhelmi.net\/karjalanhelmi\/wp-content\/uploads\/2019\/10\/Luontopolulla-640x480.jpg 640w, https:\/\/karjalanhelmi.net\/karjalanhelmi\/wp-content\/uploads\/2019\/10\/Luontopolulla-250x188.jpg 250w, https:\/\/karjalanhelmi.net\/karjalanhelmi\/wp-content\/uploads\/2019\/10\/Luontopolulla-333x250.jpg 333w, https:\/\/karjalanhelmi.net\/karjalanhelmi\/wp-content\/uploads\/2019\/10\/Luontopolulla-150x113.jpg 150w\" sizes=\"auto, (max-width: 1000px) 100vw, 1000px\" \/><\/figure>\n<\/figure>\n\n\n<p><strong>Our four very distinct seasons offer different activities.<br \/>A rented cottage makes an excellent base for just relaxing and enjoing our clean nature and fresh air. In spring you can observe nature awaking again and listen to the abundance of birdsong. In summer you can admire the light nights as well as swimming and other activities. In autumn you can pick fresh wild berries and mushrooms growing in a clean environment. In winter the white fields of snow are perfect for skiing or snowmobiling.\u00a0<br \/><\/strong><\/p>\n<p><strong>FOR RENT: <br \/><\/strong>Basic fishing equipment\u00a0 \u00a0 free<br \/>Rowing boat\u00a0 \u00a0 \u00a0 \u00a0 \u00a0 \u00a0 \u00a0 \u00a0 \u00a0 \u00a0 \u00a0 \u00a0 \u00a0free<br \/>Bicycles\u00a0 \u00a0 \u00a0 \u00a0 \u00a0 \u00a0 \u00a0 \u00a0 \u00a0 \u00a0 \u00a0 \u00a0 \u00a0 \u00a0 \u00a0 \u00a0 \u00a0 free<br \/>Electric outboard motor\u00a0 \u00a0 \u00a030 eur\/day, 80 eur\/week<br \/>Sup board\u00a0 \u00a0 \u00a0 \u00a0 \u00a0 \u00a0 \u00a0 \u00a0 \u00a0 \u00a0 \u00a0 \u00a0 \u00a0 \u00a020 eur\/4 hours, 30 eur\/day, 50 eur\/2 days<br \/>Kayak\/canoe\u00a0 \u00a0 \u00a0 \u00a0 \u00a0 \u00a0 \u00a0 \u00a0 \u00a0 \u00a0 \u00a0 \u00a020 eur\/4 hours, 30 eur\/day, 50 eur\/2 days<br \/>Snowmobile\u00a0 \u00a0 \u00a0 \u00a0 \u00a0 \u00a0 \u00a0 \u00a0 \u00a0 \u00a0 \u00a0 195 eur\/day<br \/>Snowshoes\u00a0 \u00a0 \u00a0 \u00a0 \u00a0 \u00a0 \u00a0 \u00a0 \u00a0 \u00a0 \u00a0 \u00a0 \u00a0 30 eur\/day\u00a0 \u00a0 \u00a0\u00a0<strong><br \/><\/strong>Ice fishing equipment\u00a0 \u00a0 \u00a0 30 eur\/day<\/p>\n<p><strong>GUIDED FISHING TOURS: <a href=\"https:\/\/karjalanhelmi.net\/karjalanhelmi\/wp-content\/uploads\/2023\/03\/ReelRooster-brochure.pdf\" target=\"_blank\" rel=\"noopener\">Reel Rooster<\/a><br \/>GUIDED KAYAK TOURS<\/strong> :<br \/><a href=\"https:\/\/holvi.com\/shop\/lakeland\/section\/summer-kesa\/\" target=\"_blank\" rel=\"noopener noreferrer\">Lake Orivesi and Puruvesi<\/a><br \/><strong>Nature attractions and activities: <a href=\"https:\/\/sydankarjala.fi\/en\/nature-attractions-and-activities\/\" target=\"_blank\" rel=\"noopener\">Syd\u00e4nkarjala<\/a><br \/>HIKING IN NATURE\u00a0 <br \/>You can go hiking or Nordic walking along marked forest trails or just walk in the forest. Choose from short hiking trails that takes a few hours to more challenging treks.\u00a0 <br \/><\/strong>- Hiking trail in Karjalan Helmi, <strong><a href=\"http:\/\/karjalanhelmi.net\/karjalanhelmi\/en\/hiking-trail\/\" target=\"_blank\" rel=\"noopener noreferrer\">Info<\/a><br \/><\/strong>- Kiteen Er\u00e4- ja riistapolku, <strong><a href=\"http:\/\/www.vaellus.info\/reittikartta.php?id=04100514222057EB\" target=\"_blank\" rel=\"noopener noreferrer\">Info<\/a><br \/><\/strong>- Hiking trails in the Koli national park, <strong><a href=\"https:\/\/www.nationalparks.fi\/kolinp\/trails\" target=\"_blank\" rel=\"noopener noreferrer\">Info<\/a><\/strong><\/p>\n<p><strong>MOUNTAIN BIKING TRAILS:<\/strong> <a href=\"https:\/\/www.kitee.fi\/karelianpolut\" target=\"_blank\" rel=\"noopener noreferrer\">Karelianpolut<\/a>, <a href=\"https:\/\/www.kitee.fi\/documents\/1486274\/1739034\/Karelianpolut_kitee_A4_PAINO.pdf\/f93d1d91-45cb-0b9d-234a-edf053fbb016\" target=\"_blank\" rel=\"noopener noreferrer\">map<\/a><\/p>\n<p><strong>SWIMMING AND BOATING<\/strong><br \/>You can swim in your private beach. These are good for children also.\u00a0 All hauses have own rowing-boat. Make short boat trips to the lake and visit in the small islands of Orivesi lake.<br \/><strong>FISHING \u2013 TRY TO CATCH THE BIG FISH<\/strong><br \/>Our lake region is idea for angling, jigging and trolling. The best fishing seasons are Spring and Autumn. The most important catches are perch, pike, pike-perch, burbot and bream. In winter ice-fishing is very popular and easy too.\u00a0We have the\u00a0local fishing lisence for\u00a0clients.<strong>\u00a0National fisheries management fee must be paid by anyone aged 18-64 fishing in Finland unless you are only ice fishing, or fishing with a simple rod and line (without a reel and lure). The fee is 7 eur\/week or 24 eur\/year from\u00a0<a href=\"http:\/\/www.fishing.fi\/\" target=\"_blank\" rel=\"noopener noreferrer\">www.fishing.fi<\/a>\u00a0or R-Kioski.<\/strong><strong><br \/>BERRIES AND MUSHROOMS<br \/><\/strong>You can freely pick wild berries and mushrooms in the forest as you like. The berry and mushroom season begins in July. This is covered by Everyman\u00b4s rights.<br \/><strong>KIDS PLAY AREA\u00a0<\/strong><br \/>Trampoline, swing and sandbox<br \/><strong>SKIING<br \/><\/strong>Cross-country skiing is very popular in Finland. We have about 3 km ski trail near cottages. If you need more challenge you find more ski trails from Kitee town (16 km). The nearest ski centres are Mustavaara (100km) and Koli (150km) for downhill skiers and snowboarders. Info:\u00a0<a href=\"http:\/\/www.mustavaara.fi\/\" target=\"_blank\" rel=\"noopener\">www.mustavaara.fi<\/a>\u00a0<a href=\"http:\/\/www.koli.fi\/\" target=\"_blank\" rel=\"noopener\">www.koli.fi<\/a><br \/><strong>SNOWMOBILING<\/strong><br \/>We offer you\u00a0the\u00a0possibility\u00a0to snowmobile driving through snowy forests and the wilderness in Eastern Finland. Interestig and varied snowmobiling routes\u00a0are planned with environmental considerations in mind. Snowmobiling offers a superb mix of exhilarating speed, winter landscapes and physical exercise. Modern snowmobiles are easy to handle, and once you have learned the basics, you can also venture out to explore the countryside independently.<br \/><strong>RIDING<\/strong><br \/>Info:\u00a0<a href=\"http:\/\/www.hepovaara.com\/\" target=\"_blank\" rel=\"noopener\">www.hepovaara.com<\/a><\/p>\n\n\n\n\n<p><\/p>\n","protected":false},"excerpt":{"rendered":"<p>Our four very distinct seasons offer different activities.A rented cottage makes an excellent base for just relaxing and enjoing our clean nature and fresh air. In spring you can observe nature awaking again and listen to the abundance of birdsong. In summer you can admire the light nights as well as swimming and other activities. &hellip; <\/p>\n<p class=\"link-more\"><a href=\"https:\/\/karjalanhelmi.net\/karjalanhelmi\/en\/activities\/\" class=\"more-link\"><span class=\"screen-reader-text\"> prova \"Activities\"<\/span><\/a><\/p>\n","protected":false},"author":1,"featured_media":0,"parent":0,"menu_order":0,"comment_status":"closed","ping_status":"closed","template":"page-templates\/page-uppersidebar.php","meta":{"_monsterinsights_skip_tracking":false,"_monsterinsights_sitenote_active":false,"_monsterinsights_sitenote_note":"","_monsterinsights_sitenote_category":0,"footnotes":""},"class_list":["post-352","page","type-page","status-publish","hentry"],"_links":{"self":[{"href":"https:\/\/karjalanhelmi.net\/karjalanhelmi\/wp-json\/wp\/v2\/pages\/352","targetHints":{"allow":["GET"]}}],"collection":[{"href":"https:\/\/karjalanhelmi.net\/karjalanhelmi\/wp-json\/wp\/v2\/pages"}],"about":[{"href":"https:\/\/karjalanhelmi.net\/karjalanhelmi\/wp-json\/wp\/v2\/types\/page"}],"author":[{"embeddable":true,"href":"https:\/\/karjalanhelmi.net\/karjalanhelmi\/wp-json\/wp\/v2\/users\/1"}],"replies":[{"embeddable":true,"href":"https:\/\/karjalanhelmi.net\/karjalanhelmi\/wp-json\/wp\/v2\/comments?post=352"}],"version-history":[{"count":29,"href":"https:\/\/karjalanhelmi.net\/karjalanhelmi\/wp-json\/wp\/v2\/pages\/352\/revisions"}],"predecessor-version":[{"id":1337,"href":"https:\/\/karjalanhelmi.net\/karjalanhelmi\/wp-json\/wp\/v2\/pages\/352\/revisions\/1337"}],"wp:attachment":[{"href":"https:\/\/karjalanhelmi.net\/karjalanhelmi\/wp-json\/wp\/v2\/media?parent=352"}],"curies":[{"name":"wp","href":"https:\/\/api.w.org\/{rel}","templated":true}]}}