{"id":314,"date":"2019-04-20T16:57:23","date_gmt":"2019-04-20T13:57:23","guid":{"rendered":"http:\/\/karjalanhelmi.net\/karjalanhelmi\/?page_id=314"},"modified":"2025-02-06T09:22:25","modified_gmt":"2025-02-06T07:22:25","slug":"nahtavyydet-ja-kayntikohteet","status":"publish","type":"page","link":"https:\/\/karjalanhelmi.net\/karjalanhelmi\/nahtavyydet-ja-kayntikohteet\/","title":{"rendered":"N\u00e4ht\u00e4vyydet ja k\u00e4yntikohteet"},"content":{"rendered":"\n<iframe loading=\"lazy\" src=\"https:\/\/www.google.com\/maps\/d\/embed?mid=1ySCnZV4BmLjprxX3ob-gM8zG6lhJducA\" width=\"100%\" height=\"480\"><\/iframe>\n\n\n<p>Alueittain tunnetuimpia ja mielenkiintoisia k\u00e4yntikohteita l\u00e4hell\u00e4 ja v\u00e4h\u00e4n kauempana:<br \/><a href=\"https:\/\/sydankarjala.fi\/kayntikohteet-ja-nahtavyydet\/\" target=\"_blank\" rel=\"noopener\">Syd\u00e4nkarjalan sivuille<\/a><\/p>\n<p><a href=\"http:\/\/www.visitkarelia.fi\/fi\/Matkailu\/Pohjois-Karjala\/Keski-Karjalan-seutu\/Kitee\/Nahtavyydet-Kiteella\" target=\"_blank\" rel=\"noopener noreferrer\">Kitee<br \/><\/a>\u2013 Kiteen kivikirkko<br \/>- <a href=\"https:\/\/sydankarjala.fi\/kohteet\/pyhan-kolminaisuuden-kirkko\/\" target=\"_blank\" rel=\"noopener\">Pyh\u00e4n Kolminaisuuden Kirkko (ort.)<\/a><br \/>- <a href=\"https:\/\/nightwishstory.com\/\" target=\"_blank\" rel=\"noopener\">A Nightwish Story<\/a><br \/>\u2013 Puhoksen alue ja\u00a0Suomen suurin lehtikuusimets\u00e4<br \/>\u2013 Kiteen kotiseutumuseo<br \/>-\u00a0 Galleria Tienkorva<br \/>\u2013 Kiteen el\u00e4inpuisto<br \/>\u2013 Sovintola (Kes\u00e4lahdella)<br \/>- Valkiaj\u00e4rvi, kirkasvetinen sukelluskohde<a href=\"http:\/\/www.visitkarelia.fi\/en\/Travelling\/North-Karelia\/Central-Karelia\/Kitee\/Attractions-in-Kitee\" target=\"_blank\" rel=\"noopener noreferrer\"><br \/><\/a><a href=\"http:\/\/www.visitkarelia.fi\/fi\/Matkailu\/Pohjois-Karjala\/Keski-Karjalan-seutu\/Tohmajarvi\/Nahtavyydet-Tohmajarvella\" target=\"_blank\" rel=\"noopener noreferrer\">Tohmaj\u00e4rvi<\/a><br \/>\u2013 Puun Sielu-Galleria<br \/>-\u00a0 Galleria savipaja<br \/>\u2013 Tohmaj\u00e4rven evankelisluterilainen kirkko ja Kirkkoniemi<br \/>\u2013 Saarion voimalaitosmuseo<br \/><a href=\"http:\/\/www.visitkarelia.fi\/fi\/Matkailu\/Pohjois-Karjala\/Keski-Karjalan-seutu\/Raakkyla\/Nahtavyydet-Raakkylassa\" target=\"_blank\" rel=\"noopener noreferrer\">R\u00e4\u00e4kkyl\u00e4<\/a><br \/>\u2013 Paksuniemi<br \/>\u2013 R\u00e4\u00e4kkyl\u00e4n kirkko<br \/>-\u00a0 Koivuniemi<br \/>-\u00a0 Ateljee Silkkipartio<br \/><a href=\"https:\/\/www.visitkarelia.fi\/fi\/Kohteet\/Joensuu\" target=\"_blank\" rel=\"noopener noreferrer\">Joensuu<\/a><br \/>\u2013\u00a0Joensuun\u00a0kirkot<br \/>\u2013\u00a0Pohjois-Karjalan\u00a0museo<br \/>\u2013\u00a0Trooppinen perhospuutarha Botania<br \/>\u2013 Taitokortteli<br \/><a href=\"https:\/\/www.visitkarelia.fi\/fi\/Kohteet\/Ilomantsi\" target=\"_blank\" rel=\"noopener noreferrer\">Ilomantsi<\/a><br \/>\u2013\u00a0M\u00f6hk\u00f6n ruukki<br \/>\u2013 Hermannin viinitila<br \/>\u2013 Parppeinvaaran runokyl\u00e4<br \/><a href=\"https:\/\/heinavesi.fi\/matkailu-ja-tapahtumat\" target=\"_blank\" rel=\"noopener noreferrer\">Hein\u00e4vesi<\/a><br \/>\u2013 Valamon munkkiluostari<br \/>\u2013 Lintulan nunnaluostari<br \/><a href=\"https:\/\/www.visitkarelia.fi\/fi\/Kohteet\/Outokumpu\" target=\"_blank\" rel=\"noopener noreferrer\">Outokumpu<\/a><br \/>\u2013 Vanhakaivos ja kaivosmuseo<br \/><a href=\"http:\/\/www.visitpunkaharju.fi\/\" target=\"_blank\" rel=\"noopener\">Punkaharju<\/a><br \/>\u2013 Lusto \u2013 Suomen mets\u00e4museo<\/p>\n<p><a href=\"http:\/\/visitsavonlinna.fi\/nahtavyydet-ja-kulttuuri\/\" target=\"_blank\" rel=\"noopener noreferrer\">Savonlinna<\/a><br \/>\u2013 Olavinlinna<br \/>\u2013\u00a0Kerim\u00e4en puukirkko<br \/>\u2013 Savonlinnan tori kes\u00e4ll\u00e4<br \/><a href=\"https:\/\/www.visitkarelia.fi\/fi\/Kohteet\/Koli\" target=\"_blank\" rel=\"noopener noreferrer\">Koli<\/a><br \/>\u2013\u00a0Kansallispuisto<br \/>\u2013\u00a0Luontokeskus Ukko<br \/><a href=\"https:\/\/bomba.fi\/fi\/\" target=\"_blank\" rel=\"noopener noreferrer\">Nurmes<\/a><br \/>\u2013 Bomba\u00a0ja\u00a0Karjalaiskyl\u00e4<br \/>\u2013\u00a0Nurmeksen Museovarikko<br \/>\u2013\u00a0Puu-Nurmes ja vanha kauppala<br \/><a href=\"https:\/\/www.visitkarelia.fi\/fi\/Kohteet\/Lieksa\" target=\"_blank\" rel=\"noopener noreferrer\">Lieksa<\/a><br \/>\u2013\u00a0Eeva Ryyn\u00e4sen puuveistokset Paaterissa<br \/>\u2013 PikkuKilin el\u00e4inpuisto<br \/>\u2013 Pielinen Museo<br \/>\u2013 Ruunaan retkeilyalue<\/p>","protected":false},"excerpt":{"rendered":"<p>Alueittain tunnetuimpia ja mielenkiintoisia k\u00e4yntikohteita l\u00e4hell\u00e4 ja v\u00e4h\u00e4n kauempana:Syd\u00e4nkarjalan sivuille Kitee\u2013 Kiteen kivikirkko- Pyh\u00e4n Kolminaisuuden Kirkko (ort.)- A Nightwish Story\u2013 Puhoksen alue ja\u00a0Suomen suurin lehtikuusimets\u00e4\u2013 Kiteen kotiseutumuseo-\u00a0 Galleria Tienkorva\u2013 Kiteen el\u00e4inpuisto\u2013 Sovintola (Kes\u00e4lahdella)- Valkiaj\u00e4rvi, kirkasvetinen sukelluskohdeTohmaj\u00e4rvi\u2013 Puun Sielu-Galleria-\u00a0 Galleria savipaja\u2013 Tohmaj\u00e4rven evankelisluterilainen kirkko ja Kirkkoniemi\u2013 Saarion voimalaitosmuseoR\u00e4\u00e4kkyl\u00e4\u2013 Paksuniemi\u2013 R\u00e4\u00e4kkyl\u00e4n kirkko-\u00a0 Koivuniemi-\u00a0 Ateljee SilkkipartioJoensuu\u2013\u00a0Joensuun\u00a0kirkot\u2013\u00a0Pohjois-Karjalan\u00a0museo\u2013\u00a0Trooppinen perhospuutarha Botania\u2013 &hellip; <\/p>\n<p class=\"link-more\"><a href=\"https:\/\/karjalanhelmi.net\/karjalanhelmi\/nahtavyydet-ja-kayntikohteet\/\" class=\"more-link\"><span class=\"screen-reader-text\"> prova \"N\u00e4ht\u00e4vyydet ja k\u00e4yntikohteet\"<\/span><\/a><\/p>\n","protected":false},"author":1,"featured_media":0,"parent":0,"menu_order":0,"comment_status":"closed","ping_status":"closed","template":"page-templates\/page-uppersidebar.php","meta":{"_monsterinsights_skip_tracking":false,"_monsterinsights_sitenote_active":false,"_monsterinsights_sitenote_note":"","_monsterinsights_sitenote_category":0,"footnotes":""},"class_list":["post-314","page","type-page","status-publish","hentry"],"_links":{"self":[{"href":"https:\/\/karjalanhelmi.net\/karjalanhelmi\/wp-json\/wp\/v2\/pages\/314","targetHints":{"allow":["GET"]}}],"collection":[{"href":"https:\/\/karjalanhelmi.net\/karjalanhelmi\/wp-json\/wp\/v2\/pages"}],"about":[{"href":"https:\/\/karjalanhelmi.net\/karjalanhelmi\/wp-json\/wp\/v2\/types\/page"}],"author":[{"embeddable":true,"href":"https:\/\/karjalanhelmi.net\/karjalanhelmi\/wp-json\/wp\/v2\/users\/1"}],"replies":[{"embeddable":true,"href":"https:\/\/karjalanhelmi.net\/karjalanhelmi\/wp-json\/wp\/v2\/comments?post=314"}],"version-history":[{"count":21,"href":"https:\/\/karjalanhelmi.net\/karjalanhelmi\/wp-json\/wp\/v2\/pages\/314\/revisions"}],"predecessor-version":[{"id":1574,"href":"https:\/\/karjalanhelmi.net\/karjalanhelmi\/wp-json\/wp\/v2\/pages\/314\/revisions\/1574"}],"wp:attachment":[{"href":"https:\/\/karjalanhelmi.net\/karjalanhelmi\/wp-json\/wp\/v2\/media?parent=314"}],"curies":[{"name":"wp","href":"https:\/\/api.w.org\/{rel}","templated":true}]}}