{"id":309,"date":"2019-04-20T16:47:15","date_gmt":"2019-04-20T13:47:15","guid":{"rendered":"http:\/\/karjalanhelmi.net\/karjalanhelmi\/?page_id=309"},"modified":"2025-01-28T17:14:49","modified_gmt":"2025-01-28T15:14:49","slug":"aktiviteetit","status":"publish","type":"page","link":"https:\/\/karjalanhelmi.net\/karjalanhelmi\/aktiviteetit\/","title":{"rendered":"Aktiviteetit"},"content":{"rendered":"\n<figure class=\"wp-block-gallery has-nested-images columns-default is-cropped wp-block-gallery-1 is-layout-flex wp-block-gallery-is-layout-flex\">\n<figure class=\"wp-block-image size-large\"><img loading=\"lazy\" decoding=\"async\" width=\"800\" height=\"600\" data-id=\"873\" src=\"http:\/\/karjalanhelmi.net\/karjalanhelmi\/wp-content\/uploads\/2019\/10\/Melontaa-2.jpg\" alt=\"\" class=\"wp-image-873\" srcset=\"https:\/\/karjalanhelmi.net\/karjalanhelmi\/wp-content\/uploads\/2019\/10\/Melontaa-2.jpg 800w, https:\/\/karjalanhelmi.net\/karjalanhelmi\/wp-content\/uploads\/2019\/10\/Melontaa-2-300x225.jpg 300w, https:\/\/karjalanhelmi.net\/karjalanhelmi\/wp-content\/uploads\/2019\/10\/Melontaa-2-768x576.jpg 768w, https:\/\/karjalanhelmi.net\/karjalanhelmi\/wp-content\/uploads\/2019\/10\/Melontaa-2-480x360.jpg 480w, https:\/\/karjalanhelmi.net\/karjalanhelmi\/wp-content\/uploads\/2019\/10\/Melontaa-2-640x480.jpg 640w, https:\/\/karjalanhelmi.net\/karjalanhelmi\/wp-content\/uploads\/2019\/10\/Melontaa-2-250x188.jpg 250w, https:\/\/karjalanhelmi.net\/karjalanhelmi\/wp-content\/uploads\/2019\/10\/Melontaa-2-333x250.jpg 333w, https:\/\/karjalanhelmi.net\/karjalanhelmi\/wp-content\/uploads\/2019\/10\/Melontaa-2-150x113.jpg 150w\" sizes=\"auto, (max-width: 800px) 100vw, 800px\" \/><\/figure>\n\n\n\n<figure class=\"wp-block-image size-large\"><img loading=\"lazy\" decoding=\"async\" width=\"1000\" height=\"750\" data-id=\"877\" src=\"http:\/\/karjalanhelmi.net\/karjalanhelmi\/wp-content\/uploads\/2019\/10\/Soutelemaan-2.jpg\" alt=\"\" class=\"wp-image-877\" srcset=\"https:\/\/karjalanhelmi.net\/karjalanhelmi\/wp-content\/uploads\/2019\/10\/Soutelemaan-2.jpg 1000w, https:\/\/karjalanhelmi.net\/karjalanhelmi\/wp-content\/uploads\/2019\/10\/Soutelemaan-2-300x225.jpg 300w, https:\/\/karjalanhelmi.net\/karjalanhelmi\/wp-content\/uploads\/2019\/10\/Soutelemaan-2-768x576.jpg 768w, https:\/\/karjalanhelmi.net\/karjalanhelmi\/wp-content\/uploads\/2019\/10\/Soutelemaan-2-480x360.jpg 480w, https:\/\/karjalanhelmi.net\/karjalanhelmi\/wp-content\/uploads\/2019\/10\/Soutelemaan-2-640x480.jpg 640w, https:\/\/karjalanhelmi.net\/karjalanhelmi\/wp-content\/uploads\/2019\/10\/Soutelemaan-2-250x188.jpg 250w, https:\/\/karjalanhelmi.net\/karjalanhelmi\/wp-content\/uploads\/2019\/10\/Soutelemaan-2-333x250.jpg 333w, https:\/\/karjalanhelmi.net\/karjalanhelmi\/wp-content\/uploads\/2019\/10\/Soutelemaan-2-150x113.jpg 150w\" sizes=\"auto, (max-width: 1000px) 100vw, 1000px\" \/><\/figure>\n\n\n\n<figure class=\"wp-block-image size-large\"><img loading=\"lazy\" decoding=\"async\" width=\"1000\" height=\"666\" data-id=\"875\" src=\"http:\/\/karjalanhelmi.net\/karjalanhelmi\/wp-content\/uploads\/2019\/10\/Ongella-2.jpg\" alt=\"\" class=\"wp-image-875\" srcset=\"https:\/\/karjalanhelmi.net\/karjalanhelmi\/wp-content\/uploads\/2019\/10\/Ongella-2.jpg 1000w, https:\/\/karjalanhelmi.net\/karjalanhelmi\/wp-content\/uploads\/2019\/10\/Ongella-2-300x200.jpg 300w, https:\/\/karjalanhelmi.net\/karjalanhelmi\/wp-content\/uploads\/2019\/10\/Ongella-2-768x511.jpg 768w, https:\/\/karjalanhelmi.net\/karjalanhelmi\/wp-content\/uploads\/2019\/10\/Ongella-2-480x320.jpg 480w, https:\/\/karjalanhelmi.net\/karjalanhelmi\/wp-content\/uploads\/2019\/10\/Ongella-2-721x480.jpg 721w, https:\/\/karjalanhelmi.net\/karjalanhelmi\/wp-content\/uploads\/2019\/10\/Ongella-2-250x167.jpg 250w, https:\/\/karjalanhelmi.net\/karjalanhelmi\/wp-content\/uploads\/2019\/10\/Ongella-2-375x250.jpg 375w, https:\/\/karjalanhelmi.net\/karjalanhelmi\/wp-content\/uploads\/2019\/10\/Ongella-2-150x100.jpg 150w\" sizes=\"auto, (max-width: 1000px) 100vw, 1000px\" \/><\/figure>\n\n\n\n<figure class=\"wp-block-image size-large\"><img loading=\"lazy\" decoding=\"async\" width=\"1000\" height=\"750\" data-id=\"869\" src=\"http:\/\/karjalanhelmi.net\/karjalanhelmi\/wp-content\/uploads\/2019\/10\/Kire\u00e4t-siimat-2.jpg\" alt=\"\" class=\"wp-image-869\" srcset=\"https:\/\/karjalanhelmi.net\/karjalanhelmi\/wp-content\/uploads\/2019\/10\/Kire\u00e4t-siimat-2.jpg 1000w, https:\/\/karjalanhelmi.net\/karjalanhelmi\/wp-content\/uploads\/2019\/10\/Kire\u00e4t-siimat-2-300x225.jpg 300w, https:\/\/karjalanhelmi.net\/karjalanhelmi\/wp-content\/uploads\/2019\/10\/Kire\u00e4t-siimat-2-768x576.jpg 768w, https:\/\/karjalanhelmi.net\/karjalanhelmi\/wp-content\/uploads\/2019\/10\/Kire\u00e4t-siimat-2-480x360.jpg 480w, https:\/\/karjalanhelmi.net\/karjalanhelmi\/wp-content\/uploads\/2019\/10\/Kire\u00e4t-siimat-2-640x480.jpg 640w, https:\/\/karjalanhelmi.net\/karjalanhelmi\/wp-content\/uploads\/2019\/10\/Kire\u00e4t-siimat-2-250x188.jpg 250w, https:\/\/karjalanhelmi.net\/karjalanhelmi\/wp-content\/uploads\/2019\/10\/Kire\u00e4t-siimat-2-333x250.jpg 333w, https:\/\/karjalanhelmi.net\/karjalanhelmi\/wp-content\/uploads\/2019\/10\/Kire\u00e4t-siimat-2-150x113.jpg 150w\" sizes=\"auto, (max-width: 1000px) 100vw, 1000px\" \/><\/figure>\n\n\n\n<figure class=\"wp-block-image size-large\"><img loading=\"lazy\" decoding=\"async\" width=\"1000\" height=\"562\" data-id=\"866\" src=\"http:\/\/karjalanhelmi.net\/karjalanhelmi\/wp-content\/uploads\/2019\/10\/J\u00e4rvelle-2.jpg\" alt=\"\" class=\"wp-image-866\" srcset=\"https:\/\/karjalanhelmi.net\/karjalanhelmi\/wp-content\/uploads\/2019\/10\/J\u00e4rvelle-2.jpg 1000w, https:\/\/karjalanhelmi.net\/karjalanhelmi\/wp-content\/uploads\/2019\/10\/J\u00e4rvelle-2-300x169.jpg 300w, https:\/\/karjalanhelmi.net\/karjalanhelmi\/wp-content\/uploads\/2019\/10\/J\u00e4rvelle-2-768x432.jpg 768w, https:\/\/karjalanhelmi.net\/karjalanhelmi\/wp-content\/uploads\/2019\/10\/J\u00e4rvelle-2-480x270.jpg 480w, https:\/\/karjalanhelmi.net\/karjalanhelmi\/wp-content\/uploads\/2019\/10\/J\u00e4rvelle-2-854x480.jpg 854w, https:\/\/karjalanhelmi.net\/karjalanhelmi\/wp-content\/uploads\/2019\/10\/J\u00e4rvelle-2-250x141.jpg 250w, https:\/\/karjalanhelmi.net\/karjalanhelmi\/wp-content\/uploads\/2019\/10\/J\u00e4rvelle-2-445x250.jpg 445w, https:\/\/karjalanhelmi.net\/karjalanhelmi\/wp-content\/uploads\/2019\/10\/J\u00e4rvelle-2-150x84.jpg 150w\" sizes=\"auto, (max-width: 1000px) 100vw, 1000px\" \/><\/figure>\n\n\n\n<figure class=\"wp-block-image size-large\"><img loading=\"lazy\" decoding=\"async\" width=\"1000\" height=\"666\" data-id=\"867\" src=\"http:\/\/karjalanhelmi.net\/karjalanhelmi\/wp-content\/uploads\/2019\/10\/Kalassa-2.jpg\" alt=\"\" class=\"wp-image-867\" srcset=\"https:\/\/karjalanhelmi.net\/karjalanhelmi\/wp-content\/uploads\/2019\/10\/Kalassa-2.jpg 1000w, https:\/\/karjalanhelmi.net\/karjalanhelmi\/wp-content\/uploads\/2019\/10\/Kalassa-2-300x200.jpg 300w, https:\/\/karjalanhelmi.net\/karjalanhelmi\/wp-content\/uploads\/2019\/10\/Kalassa-2-768x511.jpg 768w, https:\/\/karjalanhelmi.net\/karjalanhelmi\/wp-content\/uploads\/2019\/10\/Kalassa-2-480x320.jpg 480w, https:\/\/karjalanhelmi.net\/karjalanhelmi\/wp-content\/uploads\/2019\/10\/Kalassa-2-721x480.jpg 721w, https:\/\/karjalanhelmi.net\/karjalanhelmi\/wp-content\/uploads\/2019\/10\/Kalassa-2-250x167.jpg 250w, https:\/\/karjalanhelmi.net\/karjalanhelmi\/wp-content\/uploads\/2019\/10\/Kalassa-2-375x250.jpg 375w, https:\/\/karjalanhelmi.net\/karjalanhelmi\/wp-content\/uploads\/2019\/10\/Kalassa-2-150x100.jpg 150w\" sizes=\"auto, (max-width: 1000px) 100vw, 1000px\" \/><\/figure>\n\n\n\n<figure class=\"wp-block-image size-large\"><img loading=\"lazy\" decoding=\"async\" width=\"1000\" height=\"666\" data-id=\"865\" src=\"http:\/\/karjalanhelmi.net\/karjalanhelmi\/wp-content\/uploads\/2019\/10\/Istahda-hetkeksi-2.jpg\" alt=\"\" class=\"wp-image-865\" srcset=\"https:\/\/karjalanhelmi.net\/karjalanhelmi\/wp-content\/uploads\/2019\/10\/Istahda-hetkeksi-2.jpg 1000w, https:\/\/karjalanhelmi.net\/karjalanhelmi\/wp-content\/uploads\/2019\/10\/Istahda-hetkeksi-2-300x200.jpg 300w, https:\/\/karjalanhelmi.net\/karjalanhelmi\/wp-content\/uploads\/2019\/10\/Istahda-hetkeksi-2-768x511.jpg 768w, https:\/\/karjalanhelmi.net\/karjalanhelmi\/wp-content\/uploads\/2019\/10\/Istahda-hetkeksi-2-480x320.jpg 480w, https:\/\/karjalanhelmi.net\/karjalanhelmi\/wp-content\/uploads\/2019\/10\/Istahda-hetkeksi-2-721x480.jpg 721w, https:\/\/karjalanhelmi.net\/karjalanhelmi\/wp-content\/uploads\/2019\/10\/Istahda-hetkeksi-2-250x167.jpg 250w, https:\/\/karjalanhelmi.net\/karjalanhelmi\/wp-content\/uploads\/2019\/10\/Istahda-hetkeksi-2-375x250.jpg 375w, https:\/\/karjalanhelmi.net\/karjalanhelmi\/wp-content\/uploads\/2019\/10\/Istahda-hetkeksi-2-150x100.jpg 150w\" sizes=\"auto, (max-width: 1000px) 100vw, 1000px\" \/><\/figure>\n\n\n\n<figure class=\"wp-block-image size-large\"><img loading=\"lazy\" decoding=\"async\" width=\"1000\" height=\"666\" data-id=\"874\" src=\"http:\/\/karjalanhelmi.net\/karjalanhelmi\/wp-content\/uploads\/2019\/10\/Nuotiolla-2.jpg\" alt=\"\" class=\"wp-image-874\" srcset=\"https:\/\/karjalanhelmi.net\/karjalanhelmi\/wp-content\/uploads\/2019\/10\/Nuotiolla-2.jpg 1000w, https:\/\/karjalanhelmi.net\/karjalanhelmi\/wp-content\/uploads\/2019\/10\/Nuotiolla-2-300x200.jpg 300w, https:\/\/karjalanhelmi.net\/karjalanhelmi\/wp-content\/uploads\/2019\/10\/Nuotiolla-2-768x511.jpg 768w, https:\/\/karjalanhelmi.net\/karjalanhelmi\/wp-content\/uploads\/2019\/10\/Nuotiolla-2-480x320.jpg 480w, https:\/\/karjalanhelmi.net\/karjalanhelmi\/wp-content\/uploads\/2019\/10\/Nuotiolla-2-721x480.jpg 721w, https:\/\/karjalanhelmi.net\/karjalanhelmi\/wp-content\/uploads\/2019\/10\/Nuotiolla-2-250x167.jpg 250w, https:\/\/karjalanhelmi.net\/karjalanhelmi\/wp-content\/uploads\/2019\/10\/Nuotiolla-2-375x250.jpg 375w, https:\/\/karjalanhelmi.net\/karjalanhelmi\/wp-content\/uploads\/2019\/10\/Nuotiolla-2-150x100.jpg 150w\" sizes=\"auto, (max-width: 1000px) 100vw, 1000px\" \/><\/figure>\n\n\n\n<figure class=\"wp-block-image size-large\"><img loading=\"lazy\" decoding=\"async\" width=\"1000\" height=\"750\" data-id=\"879\" src=\"http:\/\/karjalanhelmi.net\/karjalanhelmi\/wp-content\/uploads\/2019\/10\/Hiiht\u00e4m\u00e4ss\u00e4-2.jpg\" alt=\"\" class=\"wp-image-879\" srcset=\"https:\/\/karjalanhelmi.net\/karjalanhelmi\/wp-content\/uploads\/2019\/10\/Hiiht\u00e4m\u00e4ss\u00e4-2.jpg 1000w, https:\/\/karjalanhelmi.net\/karjalanhelmi\/wp-content\/uploads\/2019\/10\/Hiiht\u00e4m\u00e4ss\u00e4-2-300x225.jpg 300w, https:\/\/karjalanhelmi.net\/karjalanhelmi\/wp-content\/uploads\/2019\/10\/Hiiht\u00e4m\u00e4ss\u00e4-2-768x576.jpg 768w, https:\/\/karjalanhelmi.net\/karjalanhelmi\/wp-content\/uploads\/2019\/10\/Hiiht\u00e4m\u00e4ss\u00e4-2-480x360.jpg 480w, https:\/\/karjalanhelmi.net\/karjalanhelmi\/wp-content\/uploads\/2019\/10\/Hiiht\u00e4m\u00e4ss\u00e4-2-640x480.jpg 640w, https:\/\/karjalanhelmi.net\/karjalanhelmi\/wp-content\/uploads\/2019\/10\/Hiiht\u00e4m\u00e4ss\u00e4-2-250x188.jpg 250w, https:\/\/karjalanhelmi.net\/karjalanhelmi\/wp-content\/uploads\/2019\/10\/Hiiht\u00e4m\u00e4ss\u00e4-2-333x250.jpg 333w, https:\/\/karjalanhelmi.net\/karjalanhelmi\/wp-content\/uploads\/2019\/10\/Hiiht\u00e4m\u00e4ss\u00e4-2-150x113.jpg 150w\" sizes=\"auto, (max-width: 1000px) 100vw, 1000px\" \/><\/figure>\n\n\n\n<figure class=\"wp-block-image size-large\"><img loading=\"lazy\" decoding=\"async\" width=\"1000\" height=\"750\" data-id=\"876\" src=\"http:\/\/karjalanhelmi.net\/karjalanhelmi\/wp-content\/uploads\/2019\/10\/Pilkill\u00e4-2.jpg\" alt=\"\" class=\"wp-image-876\" srcset=\"https:\/\/karjalanhelmi.net\/karjalanhelmi\/wp-content\/uploads\/2019\/10\/Pilkill\u00e4-2.jpg 1000w, https:\/\/karjalanhelmi.net\/karjalanhelmi\/wp-content\/uploads\/2019\/10\/Pilkill\u00e4-2-300x225.jpg 300w, https:\/\/karjalanhelmi.net\/karjalanhelmi\/wp-content\/uploads\/2019\/10\/Pilkill\u00e4-2-768x576.jpg 768w, https:\/\/karjalanhelmi.net\/karjalanhelmi\/wp-content\/uploads\/2019\/10\/Pilkill\u00e4-2-480x360.jpg 480w, https:\/\/karjalanhelmi.net\/karjalanhelmi\/wp-content\/uploads\/2019\/10\/Pilkill\u00e4-2-640x480.jpg 640w, https:\/\/karjalanhelmi.net\/karjalanhelmi\/wp-content\/uploads\/2019\/10\/Pilkill\u00e4-2-250x188.jpg 250w, https:\/\/karjalanhelmi.net\/karjalanhelmi\/wp-content\/uploads\/2019\/10\/Pilkill\u00e4-2-333x250.jpg 333w, https:\/\/karjalanhelmi.net\/karjalanhelmi\/wp-content\/uploads\/2019\/10\/Pilkill\u00e4-2-150x113.jpg 150w\" sizes=\"auto, (max-width: 1000px) 100vw, 1000px\" \/><\/figure>\n\n\n\n<figure class=\"wp-block-image size-full\"><img loading=\"lazy\" decoding=\"async\" width=\"1000\" height=\"750\" data-id=\"1351\" src=\"https:\/\/karjalanhelmi.net\/karjalanhelmi\/wp-content\/uploads\/2023\/07\/Tennis.jpg\" alt=\"Tenniskentt\u00e4\" class=\"wp-image-1351\" srcset=\"https:\/\/karjalanhelmi.net\/karjalanhelmi\/wp-content\/uploads\/2023\/07\/Tennis.jpg 1000w, https:\/\/karjalanhelmi.net\/karjalanhelmi\/wp-content\/uploads\/2023\/07\/Tennis-300x225.jpg 300w, https:\/\/karjalanhelmi.net\/karjalanhelmi\/wp-content\/uploads\/2023\/07\/Tennis-768x576.jpg 768w, https:\/\/karjalanhelmi.net\/karjalanhelmi\/wp-content\/uploads\/2023\/07\/Tennis-480x360.jpg 480w, https:\/\/karjalanhelmi.net\/karjalanhelmi\/wp-content\/uploads\/2023\/07\/Tennis-640x480.jpg 640w, https:\/\/karjalanhelmi.net\/karjalanhelmi\/wp-content\/uploads\/2023\/07\/Tennis-250x188.jpg 250w, https:\/\/karjalanhelmi.net\/karjalanhelmi\/wp-content\/uploads\/2023\/07\/Tennis-333x250.jpg 333w, https:\/\/karjalanhelmi.net\/karjalanhelmi\/wp-content\/uploads\/2023\/07\/Tennis-150x113.jpg 150w\" sizes=\"auto, (max-width: 1000px) 100vw, 1000px\" \/><\/figure>\n\n\n\n<figure class=\"wp-block-image size-large\"><img loading=\"lazy\" decoding=\"async\" width=\"1000\" height=\"750\" data-id=\"871\" src=\"http:\/\/karjalanhelmi.net\/karjalanhelmi\/wp-content\/uploads\/2019\/10\/Lumikenk\u00e4ilem\u00e4\u00e4n-2.jpg\" alt=\"\" class=\"wp-image-871\" srcset=\"https:\/\/karjalanhelmi.net\/karjalanhelmi\/wp-content\/uploads\/2019\/10\/Lumikenk\u00e4ilem\u00e4\u00e4n-2.jpg 1000w, https:\/\/karjalanhelmi.net\/karjalanhelmi\/wp-content\/uploads\/2019\/10\/Lumikenk\u00e4ilem\u00e4\u00e4n-2-300x225.jpg 300w, https:\/\/karjalanhelmi.net\/karjalanhelmi\/wp-content\/uploads\/2019\/10\/Lumikenk\u00e4ilem\u00e4\u00e4n-2-768x576.jpg 768w, https:\/\/karjalanhelmi.net\/karjalanhelmi\/wp-content\/uploads\/2019\/10\/Lumikenk\u00e4ilem\u00e4\u00e4n-2-480x360.jpg 480w, https:\/\/karjalanhelmi.net\/karjalanhelmi\/wp-content\/uploads\/2019\/10\/Lumikenk\u00e4ilem\u00e4\u00e4n-2-640x480.jpg 640w, https:\/\/karjalanhelmi.net\/karjalanhelmi\/wp-content\/uploads\/2019\/10\/Lumikenk\u00e4ilem\u00e4\u00e4n-2-250x188.jpg 250w, https:\/\/karjalanhelmi.net\/karjalanhelmi\/wp-content\/uploads\/2019\/10\/Lumikenk\u00e4ilem\u00e4\u00e4n-2-333x250.jpg 333w, https:\/\/karjalanhelmi.net\/karjalanhelmi\/wp-content\/uploads\/2019\/10\/Lumikenk\u00e4ilem\u00e4\u00e4n-2-150x113.jpg 150w\" sizes=\"auto, (max-width: 1000px) 100vw, 1000px\" \/><\/figure>\n\n\n\n<figure class=\"wp-block-image size-large\"><img loading=\"lazy\" decoding=\"async\" width=\"1000\" height=\"666\" data-id=\"868\" src=\"http:\/\/karjalanhelmi.net\/karjalanhelmi\/wp-content\/uploads\/2019\/10\/Kelkkailemaan-2.jpg\" alt=\"\" class=\"wp-image-868\" srcset=\"https:\/\/karjalanhelmi.net\/karjalanhelmi\/wp-content\/uploads\/2019\/10\/Kelkkailemaan-2.jpg 1000w, https:\/\/karjalanhelmi.net\/karjalanhelmi\/wp-content\/uploads\/2019\/10\/Kelkkailemaan-2-300x200.jpg 300w, https:\/\/karjalanhelmi.net\/karjalanhelmi\/wp-content\/uploads\/2019\/10\/Kelkkailemaan-2-768x511.jpg 768w, https:\/\/karjalanhelmi.net\/karjalanhelmi\/wp-content\/uploads\/2019\/10\/Kelkkailemaan-2-480x320.jpg 480w, https:\/\/karjalanhelmi.net\/karjalanhelmi\/wp-content\/uploads\/2019\/10\/Kelkkailemaan-2-721x480.jpg 721w, https:\/\/karjalanhelmi.net\/karjalanhelmi\/wp-content\/uploads\/2019\/10\/Kelkkailemaan-2-250x167.jpg 250w, https:\/\/karjalanhelmi.net\/karjalanhelmi\/wp-content\/uploads\/2019\/10\/Kelkkailemaan-2-375x250.jpg 375w, https:\/\/karjalanhelmi.net\/karjalanhelmi\/wp-content\/uploads\/2019\/10\/Kelkkailemaan-2-150x100.jpg 150w\" sizes=\"auto, (max-width: 1000px) 100vw, 1000px\" \/><\/figure>\n\n\n\n<figure class=\"wp-block-image size-large\"><img loading=\"lazy\" decoding=\"async\" width=\"1000\" height=\"750\" data-id=\"872\" src=\"http:\/\/karjalanhelmi.net\/karjalanhelmi\/wp-content\/uploads\/2019\/10\/Luontopolulla-2.jpg\" alt=\"\" class=\"wp-image-872\" srcset=\"https:\/\/karjalanhelmi.net\/karjalanhelmi\/wp-content\/uploads\/2019\/10\/Luontopolulla-2.jpg 1000w, https:\/\/karjalanhelmi.net\/karjalanhelmi\/wp-content\/uploads\/2019\/10\/Luontopolulla-2-300x225.jpg 300w, https:\/\/karjalanhelmi.net\/karjalanhelmi\/wp-content\/uploads\/2019\/10\/Luontopolulla-2-768x576.jpg 768w, https:\/\/karjalanhelmi.net\/karjalanhelmi\/wp-content\/uploads\/2019\/10\/Luontopolulla-2-480x360.jpg 480w, https:\/\/karjalanhelmi.net\/karjalanhelmi\/wp-content\/uploads\/2019\/10\/Luontopolulla-2-640x480.jpg 640w, https:\/\/karjalanhelmi.net\/karjalanhelmi\/wp-content\/uploads\/2019\/10\/Luontopolulla-2-250x188.jpg 250w, https:\/\/karjalanhelmi.net\/karjalanhelmi\/wp-content\/uploads\/2019\/10\/Luontopolulla-2-333x250.jpg 333w, https:\/\/karjalanhelmi.net\/karjalanhelmi\/wp-content\/uploads\/2019\/10\/Luontopolulla-2-150x113.jpg 150w\" sizes=\"auto, (max-width: 1000px) 100vw, 1000px\" \/><\/figure>\n<\/figure>\n\n\n<p>Nelj\u00e4 vuodenaikaa tarjoaa monipuolisia mahdollisuuksia nauttia ja tutustua alueemme luontoon ja harrastaa eri aktiviteettej\u00e4. Kes\u00e4m\u00f6kkeilyyn Suomessa kuuluu yleisesti saunominen ja uiminen. J\u00e4rvell\u00e4 souteleminen tai k\u00e4velyretki mets\u00e4ss\u00e4 on rentouttavaa tekemist\u00e4. Samalla saatat l\u00f6yt\u00e4\u00e4 hyv\u00e4n marja- ja sienipaikan. Lapsille pihapiiriss\u00e4mme on mukavaa tekemist\u00e4, mm. trampoliini ja pelialue. Meilt\u00e4 k\u00e4sin on erinomaiset mahdollisuudet l\u00e4hte\u00e4 kokeilemaan kalastusta Orivedelle. Voit lainata peruskalastusv\u00e4lineit\u00e4 ja p\u00e4\u00e4set mato-onkimaan tai pilkkim\u00e4\u00e4n. N\u00e4ihin et tarvitse kalastuslupia. Talvella olosuhteiden salliessa pid\u00e4mme hiihtolatua.<\/p>\n<p><strong>Vuokrattavana:<br \/><\/strong>Mato-onget + sy\u00f6tit\u00a0 \u00a0 \u00a0 \u00a0 \u00a0 \u00a0veloituksetta<br \/>Soutuvene\u00a0 \u00a0 \u00a0 \u00a0 \u00a0 \u00a0 \u00a0 \u00a0 \u00a0 \u00a0 \u00a0 \u00a0 \u00a0 \u00a0veloituksetta<br \/>Polkupy\u00f6r\u00e4\u00a0 \u00a0 \u00a0 \u00a0 \u00a0 \u00a0 \u00a0 \u00a0 \u00a0 \u00a0 \u00a0 \u00a0 \u00a0 veloituksetta 3 tuntia<br \/>S\u00e4hk\u00f6per\u00e4moottori\u00a0 \u00a0 \u00a0 \u00a0 \u00a0 \u00a0 \u00a030\u20ac\/p\u00e4iv\u00e4, 80\u20ac\/viikko<br \/>SUP-lauta\u00a0 \u00a0 \u00a0 \u00a0 \u00a0 \u00a0 \u00a0 \u00a0 \u00a0 \u00a0 \u00a0 \u00a0 \u00a0 \u00a0 20\u20ac\/4 tuntia, 30\u20ac\/p\u00e4iv\u00e4, 50\u20ac kaksi p\u00e4iv\u00e4\u00e4<br \/>Kajakki\u00a0 \u00a0 \u00a0 \u00a0 \u00a0 \u00a0 \u00a0 \u00a0 \u00a0 \u00a0 \u00a0 \u00a0 \u00a0 \u00a0 \u00a0 \u00a0 20\u20ac\/4 tuntia, 30\u20ac\/p\u00e4iv\u00e4, 50\u20ac kaksi p\u00e4iv\u00e4\u00e4<br \/>Kanootti\u00a0 \u00a0 \u00a0 \u00a0 \u00a0 \u00a0 \u00a0 \u00a0 \u00a0 \u00a0 \u00a0 \u00a0 \u00a0 \u00a0 \u00a0 20\u20ac\/4 tuntia, 30\u20ac\/p\u00e4iv\u00e4, 50\u20ac kaksi p\u00e4iv\u00e4\u00e4<br \/>Lumikeng\u00e4t\u00a0 \u00a0 \u00a0 \u00a0 \u00a0 \u00a0 \u00a0 \u00a0 \u00a0 \u00a0 \u00a0 \u00a0 \u00a030\u20ac\/p\u00e4iv\u00e4\u00a0 \u00a0 \u00a0<strong><br \/><\/strong>Pilkkiv\u00e4lineet\u00a0 \u00a0 \u00a0 \u00a0 \u00a0 \u00a0 \u00a0 \u00a0 \u00a0 \u00a0 \u00a0 \u00a030\u20ac\/p\u00e4iv\u00e4<\/p>\n<p>Tenniskentt\u00e4 on kunnostettu kes\u00e4ll\u00e4 2023, majoittujille veloituksetta k\u00e4yt\u00f6ss\u00e4.\u00a0<\/p>\n<p>Tutustu Karjalan Helmen ymp\u00e4rist\u00f6ss\u00e4 olevaan mets\u00e4puutarhaan, johon on valmistunut syksyll\u00e4 2020 kappeli.<\/p>\n<p>Ymp\u00e4rist\u00f6ss\u00e4mme on helppokulkuinen <a href=\"http:\/\/karjalanhelmi.net\/karjalanhelmi\/luontopolku\/\" target=\"_blank\" rel=\"noopener noreferrer\">luontopolku<\/a>, jonka pituus on noin 4,5 km. Polun varrella on laavu makkaranpaistoa varten. Kes\u00e4ll\u00e4 polulla k\u00e4vellen ja py\u00f6r\u00e4illen, talvella hiiht\u00e4en.<\/p>\n<p>Kalastus- ja j\u00e4rviretket: <a href=\"https:\/\/karjalanhelmi.net\/karjalanhelmi\/wp-content\/uploads\/2023\/03\/ReelRooster-brochure.pdf\" target=\"_blank\" rel=\"noopener\">esite<\/a> \/\u00a0 <a href=\"https:\/\/reelrooster.com\/\" target=\"_blank\" rel=\"noopener\">Reel Rooster<\/a><br \/>Ohjattuja melontaretki\u00e4 <a href=\"https:\/\/www.lakelandkarelia.fi\/elamykset-kitee\/kesakausi\/\" target=\"_blank\" rel=\"noopener noreferrer\">Orivedell\u00e4 ja Puruvedell\u00e4\u00a0<\/a><br \/>Syd\u00e4nkarjalan sivut, <a href=\"https:\/\/sydankarjala.fi\/luonto-ja-retkeily\/\" target=\"_blank\" rel=\"noopener\">Luonto ja retkeily<\/a><br \/>Koe monipuoliset maastopy\u00f6r\u00e4reitit <a href=\"https:\/\/www.kitee.fi\/karelianpolut\" target=\"_blank\" rel=\"noopener noreferrer\">Tour de Karelianpolut<\/a> Kiteell\u00e4, Tohmaj\u00e4rvell\u00e4 sek\u00e4 R\u00e4\u00e4kkyl\u00e4ss\u00e4.<\/p>\n<p>Keski-Karjalan hoidetut kelkkaurat, <a href=\"https:\/\/www.pohjoiskarjalankelkkaurat.fi\/wp-content\/uploads\/2022\/12\/Keski-Karjalan-kelkkaurat-2023.pdf\" target=\"_blank\" rel=\"noopener\">kartta<\/a><br \/><br \/>Kierros <a href=\"https:\/\/www.facebook.com\/kitee.golf\/\" target=\"_blank\" rel=\"noopener noreferrer\">golfia Kiteell\u00e4<\/a> 6 reik\u00e4isell\u00e4 puistokent\u00e4ll\u00e4.<\/p>\n<p>Kiteell\u00e4 on Suomen nelj\u00e4nneksi suurin el\u00e4inpuisto <a href=\"https:\/\/kiteezoo.fi\/\" target=\"_blank\" rel=\"noopener noreferrer\">KiteeZoo <\/a>\u00a0<\/p>\n<p>Kes\u00e4teatterit:<br \/><a href=\"http:\/\/www.kylapari.fi\/kylaparin-myllyteatteri\/\" target=\"_blank\" rel=\"noopener noreferrer\">Myllyteatteri Kitee<\/a><br \/><a href=\"http:\/\/www.tohmajarventeatteri.fi\/\" target=\"_blank\" rel=\"noopener noreferrer\">Tohmaj\u00e4rventeatteri<\/a><br \/><a href=\"http:\/\/www.vartsila.fi\/kesateatteri\/\" target=\"_blank\" rel=\"noopener noreferrer\">V\u00e4rtsil\u00e4n Kes\u00e4teatteri<\/a><br \/><a href=\"http:\/\/www.riakkyteatteri.net\/\" target=\"_blank\" rel=\"noopener noreferrer\">Ri\u00e4kkyteatteri R\u00e4\u00e4kkyl\u00e4<\/a><\/p>\n<p>Pes\u00e4palloa Rantakent\u00e4ll\u00e4: <a href=\"http:\/\/kipa90.com\/\" target=\"_blank\" rel=\"noopener noreferrer\">Kipa90<\/a><\/p>\n<p>Retkeilem\u00e4\u00e4n luontoon:<br \/><a href=\"https:\/\/www.outdooractive.fi\/fi\/route\/retkeily\/pohjois-karjala\/kiteen-erae-ja-riistapolku\/801445345\/\" target=\"_blank\" rel=\"noopener noreferrer\">Kiteen riista- ja er\u00e4polku<\/a><br \/><a href=\"https:\/\/www.luontoon.fi\/koli\" target=\"_blank\" rel=\"noopener noreferrer\">Kolin kansallispuisto<\/a><\/p>\n\n\n<p><\/p>\n","protected":false},"excerpt":{"rendered":"<p>Nelj\u00e4 vuodenaikaa tarjoaa monipuolisia mahdollisuuksia nauttia ja tutustua alueemme luontoon ja harrastaa eri aktiviteettej\u00e4. Kes\u00e4m\u00f6kkeilyyn Suomessa kuuluu yleisesti saunominen ja uiminen. J\u00e4rvell\u00e4 souteleminen tai k\u00e4velyretki mets\u00e4ss\u00e4 on rentouttavaa tekemist\u00e4. Samalla saatat l\u00f6yt\u00e4\u00e4 hyv\u00e4n marja- ja sienipaikan. Lapsille pihapiiriss\u00e4mme on mukavaa tekemist\u00e4, mm. trampoliini ja pelialue. Meilt\u00e4 k\u00e4sin on erinomaiset mahdollisuudet l\u00e4hte\u00e4 kokeilemaan kalastusta Orivedelle. Voit &hellip; <\/p>\n<p class=\"link-more\"><a href=\"https:\/\/karjalanhelmi.net\/karjalanhelmi\/aktiviteetit\/\" class=\"more-link\"><span class=\"screen-reader-text\"> prova \"Aktiviteetit\"<\/span><\/a><\/p>\n","protected":false},"author":1,"featured_media":0,"parent":0,"menu_order":0,"comment_status":"closed","ping_status":"closed","template":"page-templates\/page-uppersidebar.php","meta":{"_monsterinsights_skip_tracking":false,"_monsterinsights_sitenote_active":false,"_monsterinsights_sitenote_note":"","_monsterinsights_sitenote_category":0,"footnotes":""},"class_list":["post-309","page","type-page","status-publish","hentry"],"_links":{"self":[{"href":"https:\/\/karjalanhelmi.net\/karjalanhelmi\/wp-json\/wp\/v2\/pages\/309","targetHints":{"allow":["GET"]}}],"collection":[{"href":"https:\/\/karjalanhelmi.net\/karjalanhelmi\/wp-json\/wp\/v2\/pages"}],"about":[{"href":"https:\/\/karjalanhelmi.net\/karjalanhelmi\/wp-json\/wp\/v2\/types\/page"}],"author":[{"embeddable":true,"href":"https:\/\/karjalanhelmi.net\/karjalanhelmi\/wp-json\/wp\/v2\/users\/1"}],"replies":[{"embeddable":true,"href":"https:\/\/karjalanhelmi.net\/karjalanhelmi\/wp-json\/wp\/v2\/comments?post=309"}],"version-history":[{"count":55,"href":"https:\/\/karjalanhelmi.net\/karjalanhelmi\/wp-json\/wp\/v2\/pages\/309\/revisions"}],"predecessor-version":[{"id":1512,"href":"https:\/\/karjalanhelmi.net\/karjalanhelmi\/wp-json\/wp\/v2\/pages\/309\/revisions\/1512"}],"wp:attachment":[{"href":"https:\/\/karjalanhelmi.net\/karjalanhelmi\/wp-json\/wp\/v2\/media?parent=309"}],"curies":[{"name":"wp","href":"https:\/\/api.w.org\/{rel}","templated":true}]}}