{"id":304,"date":"2019-04-20T16:33:27","date_gmt":"2019-04-20T13:33:27","guid":{"rendered":"http:\/\/karjalanhelmi.net\/karjalanhelmi\/?page_id=304"},"modified":"2026-04-05T20:13:41","modified_gmt":"2026-04-05T17:13:41","slug":"majoitus","status":"publish","type":"page","link":"https:\/\/karjalanhelmi.net\/karjalanhelmi\/majoitus\/","title":{"rendered":"Majoitus"},"content":{"rendered":"<p>Majoitukset on mahdollista varata soittamalla, s\u00e4hk\u00f6postilla tai sivuilla olevan majoitushaun avulla. Majoitushausta l\u00f6ytyv\u00e4t kaikki ymp\u00e4rivuotiset kohteet. Hakuun annetaan tulo- ja l\u00e4ht\u00f6p\u00e4iv\u00e4 sek\u00e4 henkil\u00f6m\u00e4\u00e4r\u00e4. Saat vapaana olevat kohteet, joista valitaan haluamasi majoituskohde. Varaukseen on mahdollista lis\u00e4t\u00e4 loppuvaiheessa lis\u00e4palveluita mm. liinavaatteet. T\u00e4ytetty\u00e4si varaajan tiedot ja vahvistamalla varauksen, saat varausvahvistuksen s\u00e4hk\u00f6postiisi. Lue varausehdot ennen varauksen vahvistamista. Hinta m\u00e4\u00e4r\u00e4ytyy henkil\u00f6m\u00e4\u00e4r\u00e4n, kohteen, ajankohdan ja varauksenkeston mukaan.<br \/>Pyrimme vuokraamaan majoitusta mahdollisimman joustavasti ymp\u00e4ri vuoden, jolloin tulo- ja l\u00e4ht\u00f6p\u00e4iv\u00e4t ovat vapaasti valittavissa. Kuitenkin kes\u00e4sesongin aikaan lomam\u00f6kit pyrit\u00e4\u00e4n vuokraamaan useammaksi vuorokaudeksi. Lyhyemm\u00e4t ajat saatavissa l\u00e4hemp\u00e4n\u00e4 ajankohtaa tai varaustilanteen mukaan. Huoneistot vuokrattavissa joustavasti ymp\u00e4ri vuoden.<\/p>\n<p><a href=\"http:\/\/karjalanhelmi.net\/karjalanhelmi\/501\/\">HUONEISTOT JA M\u00d6KIT\u00a0<\/a><br \/><a href=\"http:\/\/karjalanhelmi.net\/karjalanhelmi\/kesamokit\/\">M\u00c4NNIKK\u00d6\/MUSTIKKA<\/a><\/p>\n<p><strong>Maksaminen:<\/strong><br \/>Palvelut maksetaan paikanp\u00e4\u00e4ll\u00e4 k\u00e4teisell\u00e4, maksukorteilla tai ennakkoon laskulla. Yritysasiakkaiden kanssa maksutavat sovitaan erikseen.\u00a0 Kaikki hinnat sis\u00e4lt\u00e4v\u00e4t arvonlis\u00e4veron.<br \/><strong>Peruutukset varauksiin, jotka tehty soittamalla, s\u00e4hk\u00f6postilla tai Karjalan Helmen nettisivuilta:<\/strong><br \/>Asiakas voi peruuttaa varauksen veloituksetta viimeist\u00e4\u00e4n<strong>\u00a07 p\u00e4iv\u00e4\u00e4<\/strong>\u00a0ennen saapumista, jonka j\u00e4lkeen perutuista varauksista veloitetaan ensimm\u00e4isen y\u00f6n hinta.<br \/>Asiakas voi peruuttaa kes\u00e4varauksen\u00a0<strong>(ajalta 18.6.-23.8.2026) veloituksetta viimeist\u00e4\u00e4n 30 p\u00e4iv\u00e4\u00e4<\/strong>\u00a0ennen saapumista, jonka j\u00e4lkeen perutuista varauksista veloitetaan varauksen kokonaishinta. Muuten k\u00e4ytet\u00e4\u00e4n yhteisty\u00f6kumppaneiden palveluissa ilmenevi\u00e4 peruutusehtoja.<br \/>Karjalan Helmi voi perua asiakkaan varauksen ylivoimaisen esteen (force majeure) vuoksi. T\u00e4ll\u00f6in asiakkaalla on oikeus saada maksamansa summa takaisin.<\/p>\n<p><strong>Vuokraan kuuluu<\/strong>\u00a0vuokratun majoituskohteen sek\u00e4 kohteen ilmoitettujen varusteiden k\u00e4ytt\u00f6oikeus. Vesi, s\u00e4hk\u00f6, patjat, peitot ja tyynyt sis\u00e4ltyv\u00e4t vuokraan. M\u00f6keill\u00e4 saunan ja takan l\u00e4mmitykseen k\u00e4ytett\u00e4v\u00e4t polttopuut.<\/p>\n<p><strong>S\u00e4\u00e4nn\u00f6t kohteessa:<\/strong><br \/>TULO- JA L\u00c4HT\u00d6AIKA: Majoittumaan p\u00e4\u00e4see klo 15.00 j\u00e4lkeen ja luovutus klo 12.00 menness\u00e4 tai sopimuksen mukaan.<br \/>LIINAVAATTEET: eiv\u00e4t kuulu hintaan. Lis\u00e4hinta +15 eur\/henkil\u00f6, sis. liinavaatteet\/pyyhkeen tai asiakkaan omat.<br \/>LOPPUSIIVOUS: ei sis\u00e4lly hintaan. Asiakas voi tehd\u00e4 loppusiivouksen tai tilata erikseen +60 eur\/m\u00f6kki, +20 eur\/huoneisto. Asiakkaan loppusiivoukseen kuuluu astioiden tiskaus, roskien vienti, p\u00f6ytien ja tasojen pyyhkiminen, lattioiden imurointi tai lakaisu ja wc\/suihku\/saunatilojen siistiminen.<br \/>Tilattuun loppusiivoukseen ei kuulu astioiden tiskaus, roskien vienti eik\u00e4 mahdolliset tekstiilien tai pintojen ylim\u00e4\u00e4r\u00e4iset pesut.<br \/>Aina ennen tuloasi olemme\u00a0tarkistaneet ja huoltaneet majoituskohteen.<br \/>HENKIL\u00d6M\u00c4\u00c4R\u00c4: Majoituskohdetta saa k\u00e4ytt\u00e4\u00e4 vain m\u00f6kin tai huoneiston tiedoissa ilmoitettu henkil\u00f6m\u00e4\u00e4r\u00e4 tai erikseen sovittu henkil\u00f6m\u00e4\u00e4r\u00e4. Asuntoauton\/vaunun k\u00e4ytt\u00f6 ilman lupaa on kielletty.<br \/>LEMMIKKIEL\u00c4IMET: sovittava erikseen ja niist\u00e4 voidaan\u00a0veloittaa lis\u00e4maksu. Ei mahdollista kaikkiin m\u00f6kkeihin.<br \/>TUPAKOINTI:\u00a0on kielletty kaikissa sis\u00e4tiloissa.<br \/>AUDIOLAITTEET: Ulkoalueilla ei saa soittaa musiikkia.<br \/>VAHINGOT: Asiakas on velvollinen korvaamaan majoituskohteelle tai irtaimistolle aiheuttamansa vahingot.<br \/>S\u00c4HK\u00d6AUTOT\/HYBRIDIT: autojen lataaminen sovittava erikseen.<br \/>VESIJETIT: Kielletty<\/p>\n<p><img loading=\"lazy\" decoding=\"async\" class=\" wp-image-1286\" src=\"https:\/\/karjalanhelmi.net\/karjalanhelmi\/wp-content\/uploads\/2023\/04\/Koivikko-300x200.jpg\" alt=\"\" width=\"501\" height=\"334\" srcset=\"https:\/\/karjalanhelmi.net\/karjalanhelmi\/wp-content\/uploads\/2023\/04\/Koivikko-300x200.jpg 300w, https:\/\/karjalanhelmi.net\/karjalanhelmi\/wp-content\/uploads\/2023\/04\/Koivikko-768x512.jpg 768w, https:\/\/karjalanhelmi.net\/karjalanhelmi\/wp-content\/uploads\/2023\/04\/Koivikko-480x320.jpg 480w, https:\/\/karjalanhelmi.net\/karjalanhelmi\/wp-content\/uploads\/2023\/04\/Koivikko-720x480.jpg 720w, https:\/\/karjalanhelmi.net\/karjalanhelmi\/wp-content\/uploads\/2023\/04\/Koivikko-250x167.jpg 250w, https:\/\/karjalanhelmi.net\/karjalanhelmi\/wp-content\/uploads\/2023\/04\/Koivikko-375x250.jpg 375w, https:\/\/karjalanhelmi.net\/karjalanhelmi\/wp-content\/uploads\/2023\/04\/Koivikko-150x100.jpg 150w, https:\/\/karjalanhelmi.net\/karjalanhelmi\/wp-content\/uploads\/2023\/04\/Koivikko.jpg 800w\" sizes=\"auto, (max-width: 501px) 100vw, 501px\" \/><\/p>\n<p>\u00a0<\/p>\n\n\n<p><\/p>\n","protected":false},"excerpt":{"rendered":"<p>Majoitukset on mahdollista varata soittamalla, s\u00e4hk\u00f6postilla tai sivuilla olevan majoitushaun avulla. Majoitushausta l\u00f6ytyv\u00e4t kaikki ymp\u00e4rivuotiset kohteet. Hakuun annetaan tulo- ja l\u00e4ht\u00f6p\u00e4iv\u00e4 sek\u00e4 henkil\u00f6m\u00e4\u00e4r\u00e4. Saat vapaana olevat kohteet, joista valitaan haluamasi majoituskohde. Varaukseen on mahdollista lis\u00e4t\u00e4 loppuvaiheessa lis\u00e4palveluita mm. liinavaatteet. T\u00e4ytetty\u00e4si varaajan tiedot ja vahvistamalla varauksen, saat varausvahvistuksen s\u00e4hk\u00f6postiisi. Lue varausehdot ennen varauksen vahvistamista. Hinta m\u00e4\u00e4r\u00e4ytyy &hellip; <\/p>\n<p class=\"link-more\"><a href=\"https:\/\/karjalanhelmi.net\/karjalanhelmi\/majoitus\/\" class=\"more-link\"><span class=\"screen-reader-text\"> prova \"Majoitus\"<\/span><\/a><\/p>\n","protected":false},"author":1,"featured_media":0,"parent":0,"menu_order":0,"comment_status":"closed","ping_status":"closed","template":"page-templates\/page-uppersidebar.php","meta":{"_monsterinsights_skip_tracking":false,"_monsterinsights_sitenote_active":false,"_monsterinsights_sitenote_note":"","_monsterinsights_sitenote_category":0,"footnotes":""},"class_list":["post-304","page","type-page","status-publish","hentry"],"_links":{"self":[{"href":"https:\/\/karjalanhelmi.net\/karjalanhelmi\/wp-json\/wp\/v2\/pages\/304","targetHints":{"allow":["GET"]}}],"collection":[{"href":"https:\/\/karjalanhelmi.net\/karjalanhelmi\/wp-json\/wp\/v2\/pages"}],"about":[{"href":"https:\/\/karjalanhelmi.net\/karjalanhelmi\/wp-json\/wp\/v2\/types\/page"}],"author":[{"embeddable":true,"href":"https:\/\/karjalanhelmi.net\/karjalanhelmi\/wp-json\/wp\/v2\/users\/1"}],"replies":[{"embeddable":true,"href":"https:\/\/karjalanhelmi.net\/karjalanhelmi\/wp-json\/wp\/v2\/comments?post=304"}],"version-history":[{"count":27,"href":"https:\/\/karjalanhelmi.net\/karjalanhelmi\/wp-json\/wp\/v2\/pages\/304\/revisions"}],"predecessor-version":[{"id":1684,"href":"https:\/\/karjalanhelmi.net\/karjalanhelmi\/wp-json\/wp\/v2\/pages\/304\/revisions\/1684"}],"wp:attachment":[{"href":"https:\/\/karjalanhelmi.net\/karjalanhelmi\/wp-json\/wp\/v2\/media?parent=304"}],"curies":[{"name":"wp","href":"https:\/\/api.w.org\/{rel}","templated":true}]}}