{"id":205,"date":"2019-04-17T20:44:08","date_gmt":"2019-04-17T17:44:08","guid":{"rendered":"http:\/\/karjalanhelmi.net\/karjalanhelmi\/contact-us\/"},"modified":"2023-04-10T15:52:44","modified_gmt":"2023-04-10T12:52:44","slug":"contact-us","status":"publish","type":"page","link":"https:\/\/karjalanhelmi.net\/karjalanhelmi\/contact-us\/","title":{"rendered":"Yhteystiedot"},"content":{"rendered":"\n<p class=\"has-text-align-left\">   Karjalan Helmi<br>   Suoparsaarentie 6 82380 Tolosenm\u00e4ki<br>   Puh. 0400 475 404<br>   info@karjalanhelmi.net <\/p>\n\n\n<p><iframe loading=\"lazy\" style=\"border: 0;\" src=\"https:\/\/www.google.com\/maps\/embed?pb=!1m18!1m12!1m3!1d53780.03653368452!2d29.864006486760104!3d62.13547022384963!2m3!1f0!2f0!3f0!3m2!1i1024!2i768!4f13.1!3m3!1m2!1s0x469bc3f49fecd9e3%3A0x945d97b6f6cfb93e!2sKarjalan+Helmi+Ky!5e0!3m2!1sfi!2sfi!4v1559751173194!5m2!1sfi!2sfi\" width=\"300\" height=\"350\" frameborder=\"0\" allowfullscreen=\"allowfullscreen\"><\/iframe><\/p>\n<p>Kuinka saavut meille:<br \/><strong>Autolla<\/strong><br \/>Osoitteemme navigaattoriin: Suoparsaarentie 6 82380 Tolosenm\u00e4ki<br \/>Valtatie kuuden varressa on Karjalan Helmi opaste, k\u00e4\u00e4nnyt\u00e4\u00e4n Suoparsaari \/ Suorlahti opasteen kohdalta, 7 km perille. Helsinki 380 km, Lappeenranta 200 km, Savonlinna 80 km, Joensuu 70 km.<br \/><strong>Junalla<\/strong><br \/>Kiteen rautatieasema sijaitsee Tolosenm\u00e4ess\u00e4 8 km p\u00e4\u00e4ss\u00e4 Karjalan Helmest\u00e4. Asemalle autolla 10 min.<br \/>Kysy, jos tarvetta kyydille.\u00a0<br \/><strong>Lent\u00e4en<\/strong><br \/>Joensuun tai Savonlinnan kentille.<br \/><strong><br \/><br \/><\/strong><\/p>","protected":false},"excerpt":{"rendered":"<p>Karjalan Helmi Suoparsaarentie 6 82380 Tolosenm\u00e4ki Puh. 0400 475 404 info@karjalanhelmi.net Kuinka saavut meille:AutollaOsoitteemme navigaattoriin: Suoparsaarentie 6 82380 Tolosenm\u00e4kiValtatie kuuden varressa on Karjalan Helmi opaste, k\u00e4\u00e4nnyt\u00e4\u00e4n Suoparsaari \/ Suorlahti opasteen kohdalta, 7 km perille. Helsinki 380 km, Lappeenranta 200 km, Savonlinna 80 km, Joensuu 70 km.JunallaKiteen rautatieasema sijaitsee Tolosenm\u00e4ess\u00e4 8 km p\u00e4\u00e4ss\u00e4 Karjalan Helmest\u00e4. Asemalle &hellip; <\/p>\n<p class=\"link-more\"><a href=\"https:\/\/karjalanhelmi.net\/karjalanhelmi\/contact-us\/\" class=\"more-link\"><span class=\"screen-reader-text\"> prova \"Yhteystiedot\"<\/span><\/a><\/p>\n","protected":false},"author":1,"featured_media":0,"parent":0,"menu_order":0,"comment_status":"closed","ping_status":"closed","template":"page-templates\/page-uppersidebar.php","meta":{"_monsterinsights_skip_tracking":false,"_monsterinsights_sitenote_active":false,"_monsterinsights_sitenote_note":"","_monsterinsights_sitenote_category":0,"footnotes":""},"class_list":["post-205","page","type-page","status-publish","hentry"],"_links":{"self":[{"href":"https:\/\/karjalanhelmi.net\/karjalanhelmi\/wp-json\/wp\/v2\/pages\/205","targetHints":{"allow":["GET"]}}],"collection":[{"href":"https:\/\/karjalanhelmi.net\/karjalanhelmi\/wp-json\/wp\/v2\/pages"}],"about":[{"href":"https:\/\/karjalanhelmi.net\/karjalanhelmi\/wp-json\/wp\/v2\/types\/page"}],"author":[{"embeddable":true,"href":"https:\/\/karjalanhelmi.net\/karjalanhelmi\/wp-json\/wp\/v2\/users\/1"}],"replies":[{"embeddable":true,"href":"https:\/\/karjalanhelmi.net\/karjalanhelmi\/wp-json\/wp\/v2\/comments?post=205"}],"version-history":[{"count":19,"href":"https:\/\/karjalanhelmi.net\/karjalanhelmi\/wp-json\/wp\/v2\/pages\/205\/revisions"}],"predecessor-version":[{"id":1419,"href":"https:\/\/karjalanhelmi.net\/karjalanhelmi\/wp-json\/wp\/v2\/pages\/205\/revisions\/1419"}],"wp:attachment":[{"href":"https:\/\/karjalanhelmi.net\/karjalanhelmi\/wp-json\/wp\/v2\/media?parent=205"}],"curies":[{"name":"wp","href":"https:\/\/api.w.org\/{rel}","templated":true}]}}