{"id":182,"date":"2019-04-17T20:43:59","date_gmt":"2019-04-17T17:43:59","guid":{"rendered":"http:\/\/karjalanhelmi.net\/karjalanhelmi\/let-us-take-care-of-your-holidays\/"},"modified":"2024-03-25T19:59:16","modified_gmt":"2024-03-25T17:59:16","slug":"let-us-take-care-of-your-holidays","status":"publish","type":"page","link":"https:\/\/karjalanhelmi.net\/karjalanhelmi\/","title":{"rendered":""},"content":{"rendered":"<h1><strong>Majoitusta ja m\u00f6kkej\u00e4 Kiteell\u00e4, Pohjois-Karjalassa ymp\u00e4ri vuoden<\/strong><\/h1>\n<p style=\"text-align: left;\">Tarjoamme monipuolista majoitusta Kiteell\u00e4 kodikkaissa lomam\u00f6keiss\u00e4 ja huoneistoissa. Sijaitsemme kauniissa Suoparsaaressa luonnon keskell\u00e4 15 km p\u00e4\u00e4ss\u00e4 Kiteen keskustasta. Lomam\u00f6kkimme sijaitsevat Oriveden rannalla erill\u00e4\u00e4n toisistaan ja jokaisella on oma piha, ranta ja vene. Asiakkaillamme on mahdollisuus rauhalliseen lomanviettoon ja luonnosta nauttimiseen ymp\u00e4ri vuoden.<br \/>\n<a href=\"https:\/\/karjalanhelmi.net\/karjalanhelmi\/wp-content\/uploads\/2023\/03\/Karjalanhelmi_A4_NETTI.jpg\" target=\"_blank\" rel=\"noopener\">Tutustu aluekarttaamme<\/a><\/p>\n<h2><strong>M\u00f6kit ja lomahuoneistot j\u00e4rven rannalla<\/strong><\/h2>\n<p style=\"text-align: left;\">Ymp\u00e4rist\u00f6mme on rehev\u00e4\u00e4 lehtomets\u00e4\u00e4 ja ymp\u00e4r\u00f6iv\u00e4 Orivesi mahdollistaa monenlaisia j\u00e4rviaktiviteetteja. Ymp\u00e4r\u00f6iv\u00e4 vesist\u00f6 tarjoaa erityisen hyv\u00e4t mahdollisuudet kalastukseen ymp\u00e4ri vuoden. Majoitustoimintaa olemme harjoittaneet jo yli 40 vuotta kehitt\u00e4en samalla palveluitamme. Majoituspalvelumme soveltuvat niin yksityisille- kuin yritysasiakkaille. Asiakkaamme saavat yksil\u00f6llist\u00e4 palvelua itse yritt\u00e4j\u00e4perheelt\u00e4. Ryhmille tarjoamme erilaisia palveluja sopimuksen mukaan.<\/p>\n","protected":false},"excerpt":{"rendered":"<p>Majoitusta ja m\u00f6kkej\u00e4 Kiteell\u00e4, Pohjois-Karjalassa ymp\u00e4ri vuoden Tarjoamme monipuolista majoitusta Kiteell\u00e4 kodikkaissa lomam\u00f6keiss\u00e4 ja huoneistoissa. Sijaitsemme kauniissa Suoparsaaressa luonnon keskell\u00e4 15 km p\u00e4\u00e4ss\u00e4 Kiteen keskustasta. Lomam\u00f6kkimme sijaitsevat Oriveden rannalla erill\u00e4\u00e4n toisistaan ja jokaisella on oma piha, ranta ja vene. Asiakkaillamme on mahdollisuus rauhalliseen lomanviettoon ja luonnosta nauttimiseen ymp\u00e4ri vuoden. Tutustu aluekarttaamme M\u00f6kit ja lomahuoneistot j\u00e4rven &hellip; <\/p>\n<p class=\"link-more\"><a href=\"https:\/\/karjalanhelmi.net\/karjalanhelmi\/\" class=\"more-link\"><span class=\"screen-reader-text\"> prova \"\"<\/span><\/a><\/p>\n","protected":false},"author":1,"featured_media":1279,"parent":0,"menu_order":0,"comment_status":"closed","ping_status":"closed","template":"page-templates\/page-homepage.php","meta":{"_monsterinsights_skip_tracking":false,"_monsterinsights_sitenote_active":false,"_monsterinsights_sitenote_note":"","_monsterinsights_sitenote_category":0,"footnotes":""},"class_list":["post-182","page","type-page","status-publish","has-post-thumbnail","hentry"],"_links":{"self":[{"href":"https:\/\/karjalanhelmi.net\/karjalanhelmi\/wp-json\/wp\/v2\/pages\/182","targetHints":{"allow":["GET"]}}],"collection":[{"href":"https:\/\/karjalanhelmi.net\/karjalanhelmi\/wp-json\/wp\/v2\/pages"}],"about":[{"href":"https:\/\/karjalanhelmi.net\/karjalanhelmi\/wp-json\/wp\/v2\/types\/page"}],"author":[{"embeddable":true,"href":"https:\/\/karjalanhelmi.net\/karjalanhelmi\/wp-json\/wp\/v2\/users\/1"}],"replies":[{"embeddable":true,"href":"https:\/\/karjalanhelmi.net\/karjalanhelmi\/wp-json\/wp\/v2\/comments?post=182"}],"version-history":[{"count":12,"href":"https:\/\/karjalanhelmi.net\/karjalanhelmi\/wp-json\/wp\/v2\/pages\/182\/revisions"}],"predecessor-version":[{"id":1532,"href":"https:\/\/karjalanhelmi.net\/karjalanhelmi\/wp-json\/wp\/v2\/pages\/182\/revisions\/1532"}],"wp:featuredmedia":[{"embeddable":true,"href":"https:\/\/karjalanhelmi.net\/karjalanhelmi\/wp-json\/wp\/v2\/media\/1279"}],"wp:attachment":[{"href":"https:\/\/karjalanhelmi.net\/karjalanhelmi\/wp-json\/wp\/v2\/media?parent=182"}],"curies":[{"name":"wp","href":"https:\/\/api.w.org\/{rel}","templated":true}]}}