{"id":1523,"date":"2019-04-20T16:33:27","date_gmt":"2019-04-20T13:33:27","guid":{"rendered":"https:\/\/karjalanhelmi.net\/karjalanhelmi\/?page_id=1523"},"modified":"2025-02-05T19:16:13","modified_gmt":"2025-02-05T17:16:13","slug":"alloggio","status":"publish","type":"page","link":"https:\/\/karjalanhelmi.net\/karjalanhelmi\/it\/alloggio\/","title":{"rendered":"Alloggio"},"content":{"rendered":"\n<p>Gli alloggi possono essere prenotati chiamando, inviando un'e-mail o utilizzando la ricerca alloggi sul sito web. Tutte le destinazioni per tutto l'anno le trovate nella ricerca degli alloggi. Inserisci nella domanda la data di arrivo e di partenza e il numero di persone. Riceverai le propriet\u00e0 disponibili tra le quali potrai scegliere la sistemazione desiderata. \u00c8 possibile aggiungere servizi aggiuntivi alla prenotazione in fase finale, ad es. biancheria. Dopo aver inserito le informazioni del prenotante e confermato la prenotazione, riceverai una conferma di prenotazione nella tua email. Leggi i Termini e Condizioni di Prenotazione prima di confermare la prenotazione. Il prezzo \u00e8 determinato dal numero di persone, destinazione, ora e durata della prenotazione.<br>Cerchiamo di affittare l'alloggio nel modo pi\u00f9 flessibile possibile durante tutto l'anno, quando le date di arrivo e partenza sono liberamente selezionabili. Durante la stagione estiva, invece, gli appartamenti vengono affittati per almeno una settimana. Tempi pi\u00f9 brevi disponibili in prossimit\u00e0 dell'orario o in base alla situazione della prenotazione. Gli appartamenti possono essere affittati in modo flessibile durante tutto l'anno.<\/p>\n\n\n\n<p><a href=\"https:\/\/karjalanhelmi.net\/karjalanhelmi\/it\/1546-2\/\">Destinazioni di alloggio<\/a><br><br>Pagamento:<br>Il pagamento dei servizi avviene sul posto in contanti, carte di pagamento o fattura anticipata. Tutti i prezzi sono comprensivi di IVA.<br>Cancellazioni chiamando, inviando un'e-mail o dal sito Web di Karjalan Helme:<br>Il cliente potr\u00e0 cancellare gratuitamente la prenotazione entro e non oltre 7 giorni prima dell'arrivo, trascorsi i quali verr\u00e0 addebitato il prezzo della prima notte per la prenotazione cancellata.<br>Il cliente pu\u00f2 cancellare gratuitamente una prenotazione estiva (8 giugno - 24 agosto 2025) entro e non oltre 30 giorni prima dell'arrivo, dopodich\u00e9 verr\u00e0 addebitato l'intero prezzo della prenotazione per le prenotazioni cancellate. In caso contrario verranno seguite le condizioni di cancellazione visualizzate nei servizi di partnership.<br>Karjalan Helmi pu\u00f2 cancellare la prenotazione del cliente per cause di forza maggiore. In questo caso il cliente ha diritto alla restituzione dell'importo pagato.<br><br>Codice:<br>ORARI DI ARRIVO E PARTENZA: Il check-in \u00e8 possibile dopo le ore 15:00 e il check-out entro le ore 12:00 o su richiesta.<br>Biancheria da letto: non inclusa nel prezzo. Prezzo aggiuntivo +15 euro\/persona, incl. biancheria da letto\/bagno o quella del cliente.<br>Pulizie FINALI: non incluse nel prezzo. Il cliente pu\u00f2 effettuare la pulizia finale oppure ordinarla separatamente +60 eur\/villa, +20 eur\/appartamento. La pulizia finale comprende lavare i piatti, portare fuori la spazzatura, pulire tavoli e banconi, aspirare o spazzare i pavimenti e pulire servizi igienici\/docce\/saune.<br>La pulizia finale ordinata non comprende il lavaggio delle stoviglie, il lavaggio aggiuntivo di tessuti o superfici.<br>Sempre prima del vostro arrivo, abbiamo ispezionato e mantenuto l'alloggio.<br>NUMERO DI PERSONE: L'alloggio pu\u00f2 essere utilizzato solo dal numero di persone indicato nelle informazioni del cottage o dell'appartamento o dal numero di persone concordato separatamente. \u00c8 vietato l'uso di un camper\/carrozza senza permesso.<br>Animali domestici: non ammessi in tutte le cabine.<br>FUMO: vietato in tutti gli ambienti interni.<br>APPARECCHIATURE SONORE: Non \u00e8 consentito riprodurre musica all'aperto.<br>DANNI: Il cliente \u00e8 tenuto a risarcire i danni arrecati all'appartamento o ai beni mobili.<\/p>\n\n\n\n<p><br><\/p>\n","protected":false},"excerpt":{"rendered":"<p>Gli alloggi possono essere prenotati chiamando, inviando un'e-mail o utilizzando la ricerca alloggi sul sito web. Tutte le destinazioni per tutto l'anno le trovate nella ricerca degli alloggi. Inserisci nella domanda la data di arrivo e di partenza e il numero di persone. Riceverai le propriet\u00e0 disponibili tra le quali potrai scegliere la sistemazione desiderata. &hellip; <\/p>\n<p class=\"link-more\"><a href=\"https:\/\/karjalanhelmi.net\/karjalanhelmi\/it\/alloggio\/\" class=\"more-link\"><span class=\"screen-reader-text\"> prova \"Alloggio\"<\/span><\/a><\/p>\n","protected":false},"author":1,"featured_media":0,"parent":0,"menu_order":0,"comment_status":"closed","ping_status":"closed","template":"page-templates\/page-uppersidebar.php","meta":{"_monsterinsights_skip_tracking":false,"_monsterinsights_sitenote_active":false,"_monsterinsights_sitenote_note":"","_monsterinsights_sitenote_category":0,"footnotes":""},"class_list":["post-1523","page","type-page","status-publish","hentry"],"_links":{"self":[{"href":"https:\/\/karjalanhelmi.net\/karjalanhelmi\/wp-json\/wp\/v2\/pages\/1523","targetHints":{"allow":["GET"]}}],"collection":[{"href":"https:\/\/karjalanhelmi.net\/karjalanhelmi\/wp-json\/wp\/v2\/pages"}],"about":[{"href":"https:\/\/karjalanhelmi.net\/karjalanhelmi\/wp-json\/wp\/v2\/types\/page"}],"author":[{"embeddable":true,"href":"https:\/\/karjalanhelmi.net\/karjalanhelmi\/wp-json\/wp\/v2\/users\/1"}],"replies":[{"embeddable":true,"href":"https:\/\/karjalanhelmi.net\/karjalanhelmi\/wp-json\/wp\/v2\/comments?post=1523"}],"version-history":[{"count":2,"href":"https:\/\/karjalanhelmi.net\/karjalanhelmi\/wp-json\/wp\/v2\/pages\/1523\/revisions"}],"predecessor-version":[{"id":1550,"href":"https:\/\/karjalanhelmi.net\/karjalanhelmi\/wp-json\/wp\/v2\/pages\/1523\/revisions\/1550"}],"wp:attachment":[{"href":"https:\/\/karjalanhelmi.net\/karjalanhelmi\/wp-json\/wp\/v2\/media?parent=1523"}],"curies":[{"name":"wp","href":"https:\/\/api.w.org\/{rel}","templated":true}]}}