{"id":15,"date":"2019-01-22T15:43:39","date_gmt":"2019-01-22T13:43:39","guid":{"rendered":"http:\/\/karjalanhelmi.net\/karjalanhelmi\/hotel-term-condition\/"},"modified":"2026-04-05T20:10:58","modified_gmt":"2026-04-05T17:10:58","slug":"varausehdot","status":"publish","type":"page","link":"https:\/\/karjalanhelmi.net\/karjalanhelmi\/varausehdot\/","title":{"rendered":"Varausehdot"},"content":{"rendered":"<p><strong>Varaaminen:<\/strong><br \/>\nVarauksen voi tehd\u00e4 soittamalla, s\u00e4hk\u00f6postilla tai Karjalan Helmen nettisivujen kautta. Varauksia on my\u00f6s mahdollista tehd\u00e4 Karjalan Helmen yhteisty\u00f6kumppaneiden kautta. Pyrimme vuokraamaan majoitusta mahdollisimman joustavasti ymp\u00e4ri vuoden, jolloin tulo- ja l\u00e4ht\u00f6p\u00e4iv\u00e4t ovat vapaasti valittavissa. Kuitenkin kes\u00e4sesongin aikaan lomam\u00f6kit pyrit\u00e4\u00e4n vuokraamaan useammaksi vuorokaudeksi. Lyhyemm\u00e4t ajat saatavissa l\u00e4hemp\u00e4n\u00e4 ajankohtaa tai varaustilanteen mukaan. Huoneistot vuokrattavissa joustavasti ymp\u00e4ri vuoden.<br \/>\n<strong>Maksaminen:<\/strong><br \/>\nPalvelut maksetaan paikanp\u00e4\u00e4ll\u00e4 k\u00e4teisell\u00e4, maksukorteilla tai ennakkoon laskulla. Yritysasiakkaiden kanssa maksutavat sovitaan erikseen.\u00a0 Kaikki hinnat sis\u00e4lt\u00e4v\u00e4t arvonlis\u00e4veron.<br \/>\n<strong>Peruutukset varauksiin, jotka tehty soittamalla, s\u00e4hk\u00f6postilla tai Karjalan Helmen nettisivuilta:<\/strong><br \/>\nAsiakas voi peruuttaa varauksen veloituksetta viimeist\u00e4\u00e4n<strong> 7 p\u00e4iv\u00e4\u00e4<\/strong> ennen saapumista, jonka j\u00e4lkeen perutuista varauksista veloitetaan ensimm\u00e4isen y\u00f6n hinta.<br \/>\nAsiakas voi peruuttaa kes\u00e4varauksen <strong>(ajalta 18.6.-23.8.2026) veloituksetta viimeist\u00e4\u00e4n 30 p\u00e4iv\u00e4\u00e4<\/strong> ennen saapumista, jonka j\u00e4lkeen perutuista varauksista veloitetaan varauksen kokonaishinta. Muuten k\u00e4ytet\u00e4\u00e4n yhteisty\u00f6kumppaneiden palveluissa ilmenevi\u00e4 peruutusehtoja.<br \/>\nKarjalan Helmi voi perua asiakkaan varauksen ylivoimaisen esteen (force majeure) vuoksi. T\u00e4ll\u00f6in asiakkaalla on oikeus saada maksamansa summa takaisin.<\/p>\n<p><strong>Vuokraan kuuluu<\/strong> vuokratun majoituskohteen sek\u00e4 kohteen ilmoitettujen varusteiden k\u00e4ytt\u00f6oikeus. Vesi, s\u00e4hk\u00f6, patjat, peitot ja tyynyt sis\u00e4ltyv\u00e4t vuokraan. M\u00f6keill\u00e4 saunan ja takan l\u00e4mmitykseen k\u00e4ytett\u00e4v\u00e4t polttopuut.<\/p>\n<p><strong>S\u00e4\u00e4nn\u00f6t kohteessa:<\/strong><br \/>\nTULO- JA L\u00c4HT\u00d6AIKA: Majoittumaan p\u00e4\u00e4see klo 15.00 j\u00e4lkeen ja luovutus klo 12.00 menness\u00e4 tai sopimuksen mukaan.<br \/>\nLIINAVAATTEET: eiv\u00e4t kuulu hintaan. Lis\u00e4hinta +15 eur\/henkil\u00f6, sis. liinavaatteet\/pyyhkeen tai asiakkaan omat.<br \/>\nLOPPUSIIVOUS: ei sis\u00e4lly hintaan. Asiakas voi tehd\u00e4 loppusiivouksen tai tilata erikseen +60 eur\/m\u00f6kki, +20 eur\/huoneisto. Asiakkaan loppusiivoukseen kuuluu astioiden tiskaus, roskien vienti, p\u00f6ytien ja tasojen pyyhkiminen, lattioiden imurointi tai lakaisu ja wc\/suihku\/saunatilojen siistiminen.<br \/>\nTilattuun loppusiivoukseen ei kuulu astioiden tiskaus, roskien vienti eik\u00e4 mahdolliset tekstiilien tai pintojen ylim\u00e4\u00e4r\u00e4iset pesut.<br \/>\nAina ennen tuloasi olemme\u00a0tarkistaneet ja huoltaneet majoituskohteen.<br \/>\nHENKIL\u00d6M\u00c4\u00c4R\u00c4: Majoituskohdetta saa k\u00e4ytt\u00e4\u00e4 vain m\u00f6kin tai huoneiston tiedoissa ilmoitettu henkil\u00f6m\u00e4\u00e4r\u00e4 tai erikseen sovittu henkil\u00f6m\u00e4\u00e4r\u00e4. Asuntoauton\/vaunun k\u00e4ytt\u00f6 ilman lupaa on kielletty.<br \/>\nLEMMIKKIEL\u00c4IMET: sovittava erikseen ja niist\u00e4 voidaan\u00a0veloittaa lis\u00e4maksu. Ei mahdollista kaikkiin m\u00f6kkeihin.<br \/>\nTUPAKOINTI:\u00a0on kielletty kaikissa sis\u00e4tiloissa.<br \/>\nAUDIOLAITTEET: Ulkoalueilla ei saa soittaa musiikkia.<br \/>\nVAHINGOT: Asiakas on velvollinen korvaamaan majoituskohteelle tai irtaimistolle aiheuttamansa vahingot.<br \/>\nS\u00c4HK\u00d6AUTOT\/HYBRIDIT: autojen lataaminen sovittava erikseen.<br \/>\nVESIJETIT: Kielletty<\/p>\n","protected":false},"excerpt":{"rendered":"<p>Varaaminen: Varauksen voi tehd\u00e4 soittamalla, s\u00e4hk\u00f6postilla tai Karjalan Helmen nettisivujen kautta. Varauksia on my\u00f6s mahdollista tehd\u00e4 Karjalan Helmen yhteisty\u00f6kumppaneiden kautta. Pyrimme vuokraamaan majoitusta mahdollisimman joustavasti ymp\u00e4ri vuoden, jolloin tulo- ja l\u00e4ht\u00f6p\u00e4iv\u00e4t ovat vapaasti valittavissa. Kuitenkin kes\u00e4sesongin aikaan lomam\u00f6kit pyrit\u00e4\u00e4n vuokraamaan useammaksi vuorokaudeksi. Lyhyemm\u00e4t ajat saatavissa l\u00e4hemp\u00e4n\u00e4 ajankohtaa tai varaustilanteen mukaan. Huoneistot vuokrattavissa joustavasti ymp\u00e4ri vuoden. &hellip; <\/p>\n<p class=\"link-more\"><a href=\"https:\/\/karjalanhelmi.net\/karjalanhelmi\/varausehdot\/\" class=\"more-link\"><span class=\"screen-reader-text\"> prova \"Varausehdot\"<\/span><\/a><\/p>\n","protected":false},"author":1,"featured_media":0,"parent":0,"menu_order":0,"comment_status":"closed","ping_status":"closed","template":"page-templates\/page-uppersidebar.php","meta":{"_monsterinsights_skip_tracking":false,"_monsterinsights_sitenote_active":false,"_monsterinsights_sitenote_note":"","_monsterinsights_sitenote_category":0,"footnotes":""},"class_list":["post-15","page","type-page","status-publish","hentry"],"_links":{"self":[{"href":"https:\/\/karjalanhelmi.net\/karjalanhelmi\/wp-json\/wp\/v2\/pages\/15","targetHints":{"allow":["GET"]}}],"collection":[{"href":"https:\/\/karjalanhelmi.net\/karjalanhelmi\/wp-json\/wp\/v2\/pages"}],"about":[{"href":"https:\/\/karjalanhelmi.net\/karjalanhelmi\/wp-json\/wp\/v2\/types\/page"}],"author":[{"embeddable":true,"href":"https:\/\/karjalanhelmi.net\/karjalanhelmi\/wp-json\/wp\/v2\/users\/1"}],"replies":[{"embeddable":true,"href":"https:\/\/karjalanhelmi.net\/karjalanhelmi\/wp-json\/wp\/v2\/comments?post=15"}],"version-history":[{"count":21,"href":"https:\/\/karjalanhelmi.net\/karjalanhelmi\/wp-json\/wp\/v2\/pages\/15\/revisions"}],"predecessor-version":[{"id":1682,"href":"https:\/\/karjalanhelmi.net\/karjalanhelmi\/wp-json\/wp\/v2\/pages\/15\/revisions\/1682"}],"wp:attachment":[{"href":"https:\/\/karjalanhelmi.net\/karjalanhelmi\/wp-json\/wp\/v2\/media?parent=15"}],"curies":[{"name":"wp","href":"https:\/\/api.w.org\/{rel}","templated":true}]}}