{"id":1404,"date":"2024-03-05T17:26:10","date_gmt":"2024-03-05T15:26:10","guid":{"rendered":"https:\/\/karjalanhelmi.net\/karjalanhelmi\/?page_id=1404"},"modified":"2024-03-05T17:26:12","modified_gmt":"2024-03-05T15:26:12","slug":"vastuullisuus-kannattaa-2","status":"publish","type":"page","link":"https:\/\/karjalanhelmi.net\/karjalanhelmi\/vastuullisuus-kannattaa-2\/","title":{"rendered":"Vastuullisuus kannattaa"},"content":{"rendered":"\n<p><strong>Vastuu Kannattaa Pohjois-Karjala<\/strong><\/p>\n\n\n\n<p>Vastuullisesti toimiva yritys tunnistaa toimintansa vaikutukset ymp\u00e4rist\u00f6\u00f6n, ihmisiin, talouteen ja yhteiskuntaan. Se pyrkii vahvistamaan yritystoiminnastaan aiheutuvia positiivisia vaikutuksia, minimoimaan negatiivisia vaikutuksia ja viestii n\u00e4ist\u00e4 vaikutuksista vastuullisesti.<\/p>\n\n\n\n<p>Osaamismerkki symboloi yrityksen valmiutta tunnistamaan ja vahvistamaan toimintansa positiivisia vaikutuksia. Yritys kehitt\u00e4\u00e4 tietoisesti kest\u00e4v\u00e4n kehityksen periaatteisiin nojaavia uusia liiketoimintamalleja, tavoitteenaan saavuttaa kilpailuetua ja edist\u00e4\u00e4 kasvua vastuullisuuden kautta maapallon kantokyvyn rajoissa.<\/p>\n\n\n\n<p><strong>Ty\u00f6pajakokonaisuuden tavoitteet<\/strong><\/p>\n\n\n\n<p><strong>Osallistuja on:<\/strong><\/p>\n\n\n\n<ul class=\"wp-block-list\">\n<li>Laajentanut ymm\u00e4rryst\u00e4 yritysvastuun eri osa-alueista.<\/li>\n\n\n\n<li>Tunnistanut oman yrityksen arvot ja niiden merkityksen vastuullisessa yritystoiminnassa.<\/li>\n\n\n\n<li>Ymm\u00e4rt\u00e4nyt yrityksen ymp\u00e4rist\u00f6vaikutukset, yrityksen rooliin aktiivisena yhteiskunnan j\u00e4senen\u00e4, perehtynyt hyv\u00e4n hallintotapaan ja yrityksen taloudelliseen vastuuseen.<\/li>\n\n\n\n<li>Ymm\u00e4rt\u00e4nyt vastuullisuusviestinn\u00e4n merkityksen ja suunnan.<\/li>\n\n\n\n<li>Tunnistanut viestinn\u00e4n vaikuttavuutta sidosryhm\u00e4viestinn\u00e4ss\u00e4.<\/li>\n<\/ul>\n\n\n\n<p><strong>Ty\u00f6pajaty\u00f6skentelyn aikana yritt\u00e4j\u00e4 on:<\/strong><\/p>\n\n\n\n<ul class=\"wp-block-list\">\n<li>Arvioinut oman yrityksen nykytilaa yritysvastuun n\u00e4k\u00f6kulmasta.<\/li>\n\n\n\n<li>Laatinut alustavan suunnitelman ymp\u00e4rist\u00f6vastuun tavoitteiden saavuttamiseksi ja suunnitelman negatiivisen ymp\u00e4rist\u00f6vaikutusten pienent\u00e4miseen.<\/li>\n\n\n\n<li>Suunnitellut konkreettiset askelmerkit yrityksen sosiaalisen vastuun kehitt\u00e4miseksi.<\/li>\n\n\n\n<li>Arvioinut oman yrityksen taloudellisen vastuun nykytilaa ja laatinut alustavan suunnitelman vastuun parantamiseksi yrityksess\u00e4.<\/li>\n\n\n\n<li>Pohtinut mahdollisen uuden, kest\u00e4v\u00e4mm\u00e4n liiketoiminnan kehitt\u00e4mist\u00e4.<\/li>\n\n\n\n<li>T\u00e4ydent\u00e4nyt yrityksen viestint\u00e4strategiaa, joka kattaa ymp\u00e4rist\u00f6-, sosiaalisen ja taloudellisen vastuun.<\/li>\n<\/ul>\n\n\n\n<p>Osaamismerkki on tunnustus yritt\u00e4j\u00e4lle, joka on osallistunut Pohjois-Karjalan Yritt\u00e4jien \u201dVastuullinen yritystoiminta Pohjois-Karjalassa\u201d -kehitt\u00e4misohjelman ty\u00f6pajoihin, saanut tietoja kest\u00e4v\u00e4st\u00e4 yritystoiminnasta, osoittanut ymm\u00e4rryst\u00e4 ja sitoutumista yritysvastuuseen (yht. 20 tuntia).<\/p>\n\n\n\n<p>Vastuullinen yritystoiminta Pohjois- Karjalassa hanke on Pohjois- Karjalan Yritt\u00e4jien kehitt\u00e4misohjelma, joka on rahoitettu ESR+-rahastosta. Hanke kest\u00e4\u00e4 2026 toukokuun loppuun.<\/p>\n\n\n\n<p><strong>Merkin my\u00f6nt\u00e4j\u00e4:&nbsp;<\/strong>Pohjois-Karjalan Yritt\u00e4j\u00e4t.<\/p>\n\n\n\n<p>T\u00e4m\u00e4 osaamismerkki on tunnustus yritykselle, joka on sitoutunut kehitt\u00e4m\u00e4\u00e4n ja parantamaan vastuullisuuttaan Pohjois-Karjalassa.<\/p>\n","protected":false},"excerpt":{"rendered":"<p>Vastuu Kannattaa Pohjois-Karjala Vastuullisesti toimiva yritys tunnistaa toimintansa vaikutukset ymp\u00e4rist\u00f6\u00f6n, ihmisiin, talouteen ja yhteiskuntaan. Se pyrkii vahvistamaan yritystoiminnastaan aiheutuvia positiivisia vaikutuksia, minimoimaan negatiivisia vaikutuksia ja viestii n\u00e4ist\u00e4 vaikutuksista vastuullisesti. Osaamismerkki symboloi yrityksen valmiutta tunnistamaan ja vahvistamaan toimintansa positiivisia vaikutuksia. Yritys kehitt\u00e4\u00e4 tietoisesti kest\u00e4v\u00e4n kehityksen periaatteisiin nojaavia uusia liiketoimintamalleja, tavoitteenaan saavuttaa kilpailuetua ja edist\u00e4\u00e4 kasvua vastuullisuuden &hellip; <\/p>\n<p class=\"link-more\"><a href=\"https:\/\/karjalanhelmi.net\/karjalanhelmi\/vastuullisuus-kannattaa-2\/\" class=\"more-link\"><span class=\"screen-reader-text\"> prova \"Vastuullisuus kannattaa\"<\/span><\/a><\/p>\n","protected":false},"author":1,"featured_media":0,"parent":0,"menu_order":0,"comment_status":"closed","ping_status":"closed","template":"","meta":{"_monsterinsights_skip_tracking":false,"_monsterinsights_sitenote_active":false,"_monsterinsights_sitenote_note":"","_monsterinsights_sitenote_category":0,"footnotes":""},"class_list":["post-1404","page","type-page","status-publish","hentry"],"_links":{"self":[{"href":"https:\/\/karjalanhelmi.net\/karjalanhelmi\/wp-json\/wp\/v2\/pages\/1404","targetHints":{"allow":["GET"]}}],"collection":[{"href":"https:\/\/karjalanhelmi.net\/karjalanhelmi\/wp-json\/wp\/v2\/pages"}],"about":[{"href":"https:\/\/karjalanhelmi.net\/karjalanhelmi\/wp-json\/wp\/v2\/types\/page"}],"author":[{"embeddable":true,"href":"https:\/\/karjalanhelmi.net\/karjalanhelmi\/wp-json\/wp\/v2\/users\/1"}],"replies":[{"embeddable":true,"href":"https:\/\/karjalanhelmi.net\/karjalanhelmi\/wp-json\/wp\/v2\/comments?post=1404"}],"version-history":[{"count":1,"href":"https:\/\/karjalanhelmi.net\/karjalanhelmi\/wp-json\/wp\/v2\/pages\/1404\/revisions"}],"predecessor-version":[{"id":1405,"href":"https:\/\/karjalanhelmi.net\/karjalanhelmi\/wp-json\/wp\/v2\/pages\/1404\/revisions\/1405"}],"wp:attachment":[{"href":"https:\/\/karjalanhelmi.net\/karjalanhelmi\/wp-json\/wp\/v2\/media?parent=1404"}],"curies":[{"name":"wp","href":"https:\/\/api.w.org\/{rel}","templated":true}]}}